{"id":1900,"date":"2022-01-21T11:07:12","date_gmt":"2022-01-21T10:07:12","guid":{"rendered":"https:\/\/lacaveetlebistrot.com\/?post_type=product&#038;p=1900"},"modified":"2022-01-21T11:21:18","modified_gmt":"2022-01-21T10:21:18","slug":"timon-sourrieu-ouai-dolives","status":"publish","type":"product","link":"https:\/\/lacaveetlebistrot.com\/index.php\/produit\/timon-sourrieu-ouai-dolives\/","title":{"rendered":"Timon &#038; Sourrieu Oa\u00ef d&rsquo;olives"},"content":{"rendered":"<p><img data-recalc-dims=\"1\" loading=\"lazy\" decoding=\"async\" class=\"alignnone size-medium wp-image-1902\" src=\"https:\/\/i0.wp.com\/lacaveetlebistrot.com\/wp-content\/uploads\/2022\/01\/oaidolives.jpg?resize=300%2C200&#038;ssl=1\" alt=\"\" width=\"300\" height=\"200\" \/><\/p>\n<p>On met le oa\u00ef dans la traditionnelle tapenade ! Olives vertes, fenouil et pastis sont au centre\u00a0de ce bazar bien organis\u00e9 o\u00f9 les \u00e9pices et les herbes aromatiques sont bien pr\u00e9sentes.<\/p>\n","protected":false},"excerpt":{"rendered":"<p>On met le oa\u00ef dans la traditionnelle tapenade ! Olives vertes, fenouil et pastis sont au centre\u00a0de ce bazar bien organis\u00e9 o\u00f9 les \u00e9pices et les herbes aromatiques sont bien pr\u00e9sentes.<\/p>\n","protected":false},"featured_media":1902,"comment_status":"open","ping_status":"closed","template":"","meta":[],"product_brand":[],"product_cat":[44],"product_tag":[],"class_list":{"0":"post-1900","1":"product","2":"type-product","3":"status-publish","4":"has-post-thumbnail","6":"product_cat-rayon-epicerie-fine-aubagne","8":"first","9":"instock","10":"shipping-taxable","11":"purchasable","12":"product-type-simple"},"yoast_head":"<!-- This site is optimized with the Yoast SEO plugin v26.3 - https:\/\/yoast.com\/wordpress\/plugins\/seo\/ -->\n<title>Timon &amp; Sourrieu Oa\u00ef d&#039;olives - La Cave et le Bistrot<\/title>\n<meta name=\"robots\" content=\"index, follow, max-snippet:-1, max-image-preview:large, max-video-preview:-1\" \/>\n<link rel=\"canonical\" href=\"https:\/\/lacaveetlebistrot.com\/index.php\/produit\/timon-sourrieu-ouai-dolives\/\" \/>\n<meta property=\"og:locale\" content=\"fr_FR\" \/>\n<meta property=\"og:type\" content=\"article\" \/>\n<meta property=\"og:title\" content=\"Timon &amp; Sourrieu Oa\u00ef d&#039;olives - La Cave et le Bistrot\" \/>\n<meta property=\"og:description\" content=\"On met le oa\u00ef dans la traditionnelle tapenade ! Olives vertes, fenouil et pastis sont au centre\u00a0de ce bazar bien organis\u00e9 o\u00f9 les \u00e9pices et les herbes aromatiques sont bien pr\u00e9sentes.\" \/>\n<meta property=\"og:url\" content=\"https:\/\/lacaveetlebistrot.com\/index.php\/produit\/timon-sourrieu-ouai-dolives\/\" \/>\n<meta property=\"og:site_name\" content=\"La Cave et le Bistrot\" \/>\n<meta property=\"article:publisher\" content=\"https:\/\/www.facebook.com\/LaCaveetLeBistrot\" \/>\n<meta property=\"article:modified_time\" content=\"2022-01-21T10:21:18+00:00\" \/>\n<meta property=\"og:image\" content=\"https:\/\/i0.wp.com\/lacaveetlebistrot.com\/wp-content\/uploads\/2022\/01\/oaidolives-e1642759574641.jpg?fit=458%2C305&ssl=1\" \/>\n\t<meta property=\"og:image:width\" content=\"458\" \/>\n\t<meta property=\"og:image:height\" content=\"305\" \/>\n\t<meta property=\"og:image:type\" content=\"image\/jpeg\" \/>\n<meta name=\"twitter:card\" content=\"summary_large_image\" \/>\n<script type=\"application\/ld+json\" class=\"yoast-schema-graph\">{\"@context\":\"https:\/\/schema.org\",\"@graph\":[{\"@type\":\"WebPage\",\"@id\":\"https:\/\/lacaveetlebistrot.com\/index.php\/produit\/timon-sourrieu-ouai-dolives\/\",\"url\":\"https:\/\/lacaveetlebistrot.com\/index.php\/produit\/timon-sourrieu-ouai-dolives\/\",\"name\":\"Timon & Sourrieu Oa\u00ef d'olives - La Cave et le Bistrot\",\"isPartOf\":{\"@id\":\"https:\/\/lacaveetlebistrot.com\/#website\"},\"primaryImageOfPage\":{\"@id\":\"https:\/\/lacaveetlebistrot.com\/index.php\/produit\/timon-sourrieu-ouai-dolives\/#primaryimage\"},\"image\":{\"@id\":\"https:\/\/lacaveetlebistrot.com\/index.php\/produit\/timon-sourrieu-ouai-dolives\/#primaryimage\"},\"thumbnailUrl\":\"https:\/\/i0.wp.com\/lacaveetlebistrot.com\/wp-content\/uploads\/2022\/01\/oaidolives-e1642759574641.jpg?fit=458%2C305&ssl=1\",\"datePublished\":\"2022-01-21T10:07:12+00:00\",\"dateModified\":\"2022-01-21T10:21:18+00:00\",\"breadcrumb\":{\"@id\":\"https:\/\/lacaveetlebistrot.com\/index.php\/produit\/timon-sourrieu-ouai-dolives\/#breadcrumb\"},\"inLanguage\":\"fr-FR\",\"potentialAction\":[{\"@type\":\"ReadAction\",\"target\":[\"https:\/\/lacaveetlebistrot.com\/index.php\/produit\/timon-sourrieu-ouai-dolives\/\"]}]},{\"@type\":\"ImageObject\",\"inLanguage\":\"fr-FR\",\"@id\":\"https:\/\/lacaveetlebistrot.com\/index.php\/produit\/timon-sourrieu-ouai-dolives\/#primaryimage\",\"url\":\"https:\/\/i0.wp.com\/lacaveetlebistrot.com\/wp-content\/uploads\/2022\/01\/oaidolives-e1642759574641.jpg?fit=458%2C305&ssl=1\",\"contentUrl\":\"https:\/\/i0.wp.com\/lacaveetlebistrot.com\/wp-content\/uploads\/2022\/01\/oaidolives-e1642759574641.jpg?fit=458%2C305&ssl=1\",\"width\":458,\"height\":305},{\"@type\":\"BreadcrumbList\",\"@id\":\"https:\/\/lacaveetlebistrot.com\/index.php\/produit\/timon-sourrieu-ouai-dolives\/#breadcrumb\",\"itemListElement\":[{\"@type\":\"ListItem\",\"position\":1,\"name\":\"Accueil\",\"item\":\"https:\/\/lacaveetlebistrot.com\/\"},{\"@type\":\"ListItem\",\"position\":2,\"name\":\"Boutique\",\"item\":\"https:\/\/lacaveetlebistrot.com\/index.php\/drive-cave-a-vin\/\"},{\"@type\":\"ListItem\",\"position\":3,\"name\":\"Timon &#038; Sourrieu Oa\u00ef d&#8217;olives\"}]},{\"@type\":\"WebSite\",\"@id\":\"https:\/\/lacaveetlebistrot.com\/#website\",\"url\":\"https:\/\/lacaveetlebistrot.com\/\",\"name\":\"La Cave et le Bistrot\",\"description\":\"La cave \u00e0 vin du centre ville d&#039;Aubagne\",\"publisher\":{\"@id\":\"https:\/\/lacaveetlebistrot.com\/#organization\"},\"potentialAction\":[{\"@type\":\"SearchAction\",\"target\":{\"@type\":\"EntryPoint\",\"urlTemplate\":\"https:\/\/lacaveetlebistrot.com\/?s={search_term_string}\"},\"query-input\":{\"@type\":\"PropertyValueSpecification\",\"valueRequired\":true,\"valueName\":\"search_term_string\"}}],\"inLanguage\":\"fr-FR\"},{\"@type\":\"Organization\",\"@id\":\"https:\/\/lacaveetlebistrot.com\/#organization\",\"name\":\"La Cave et le Bistrot\",\"alternateName\":\"Cave \u00e0 vin Aubagne\",\"url\":\"https:\/\/lacaveetlebistrot.com\/\",\"logo\":{\"@type\":\"ImageObject\",\"inLanguage\":\"fr-FR\",\"@id\":\"https:\/\/lacaveetlebistrot.com\/#\/schema\/logo\/image\/\",\"url\":\"https:\/\/i0.wp.com\/lacaveetlebistrot.com\/wp-content\/uploads\/2021\/12\/Logo-carre-e1642772598302.png?fit=548%2C572&ssl=1\",\"contentUrl\":\"https:\/\/i0.wp.com\/lacaveetlebistrot.com\/wp-content\/uploads\/2021\/12\/Logo-carre-e1642772598302.png?fit=548%2C572&ssl=1\",\"width\":548,\"height\":572,\"caption\":\"La Cave et le Bistrot\"},\"image\":{\"@id\":\"https:\/\/lacaveetlebistrot.com\/#\/schema\/logo\/image\/\"},\"sameAs\":[\"https:\/\/www.facebook.com\/LaCaveetLeBistrot\"]}]}<\/script>\n<!-- \/ Yoast SEO plugin. -->","yoast_head_json":{"title":"Timon & Sourrieu Oa\u00ef d'olives - La Cave et le Bistrot","robots":{"index":"index","follow":"follow","max-snippet":"max-snippet:-1","max-image-preview":"max-image-preview:large","max-video-preview":"max-video-preview:-1"},"canonical":"https:\/\/lacaveetlebistrot.com\/index.php\/produit\/timon-sourrieu-ouai-dolives\/","og_locale":"fr_FR","og_type":"article","og_title":"Timon & Sourrieu Oa\u00ef d'olives - La Cave et le Bistrot","og_description":"On met le oa\u00ef dans la traditionnelle tapenade ! Olives vertes, fenouil et pastis sont au centre\u00a0de ce bazar bien organis\u00e9 o\u00f9 les \u00e9pices et les herbes aromatiques sont bien pr\u00e9sentes.","og_url":"https:\/\/lacaveetlebistrot.com\/index.php\/produit\/timon-sourrieu-ouai-dolives\/","og_site_name":"La Cave et le Bistrot","article_publisher":"https:\/\/www.facebook.com\/LaCaveetLeBistrot","article_modified_time":"2022-01-21T10:21:18+00:00","og_image":[{"width":458,"height":305,"url":"https:\/\/i0.wp.com\/lacaveetlebistrot.com\/wp-content\/uploads\/2022\/01\/oaidolives-e1642759574641.jpg?fit=458%2C305&ssl=1","type":"image\/jpeg"}],"twitter_card":"summary_large_image","schema":{"@context":"https:\/\/schema.org","@graph":[{"@type":"WebPage","@id":"https:\/\/lacaveetlebistrot.com\/index.php\/produit\/timon-sourrieu-ouai-dolives\/","url":"https:\/\/lacaveetlebistrot.com\/index.php\/produit\/timon-sourrieu-ouai-dolives\/","name":"Timon & Sourrieu Oa\u00ef d'olives - La Cave et le Bistrot","isPartOf":{"@id":"https:\/\/lacaveetlebistrot.com\/#website"},"primaryImageOfPage":{"@id":"https:\/\/lacaveetlebistrot.com\/index.php\/produit\/timon-sourrieu-ouai-dolives\/#primaryimage"},"image":{"@id":"https:\/\/lacaveetlebistrot.com\/index.php\/produit\/timon-sourrieu-ouai-dolives\/#primaryimage"},"thumbnailUrl":"https:\/\/i0.wp.com\/lacaveetlebistrot.com\/wp-content\/uploads\/2022\/01\/oaidolives-e1642759574641.jpg?fit=458%2C305&ssl=1","datePublished":"2022-01-21T10:07:12+00:00","dateModified":"2022-01-21T10:21:18+00:00","breadcrumb":{"@id":"https:\/\/lacaveetlebistrot.com\/index.php\/produit\/timon-sourrieu-ouai-dolives\/#breadcrumb"},"inLanguage":"fr-FR","potentialAction":[{"@type":"ReadAction","target":["https:\/\/lacaveetlebistrot.com\/index.php\/produit\/timon-sourrieu-ouai-dolives\/"]}]},{"@type":"ImageObject","inLanguage":"fr-FR","@id":"https:\/\/lacaveetlebistrot.com\/index.php\/produit\/timon-sourrieu-ouai-dolives\/#primaryimage","url":"https:\/\/i0.wp.com\/lacaveetlebistrot.com\/wp-content\/uploads\/2022\/01\/oaidolives-e1642759574641.jpg?fit=458%2C305&ssl=1","contentUrl":"https:\/\/i0.wp.com\/lacaveetlebistrot.com\/wp-content\/uploads\/2022\/01\/oaidolives-e1642759574641.jpg?fit=458%2C305&ssl=1","width":458,"height":305},{"@type":"BreadcrumbList","@id":"https:\/\/lacaveetlebistrot.com\/index.php\/produit\/timon-sourrieu-ouai-dolives\/#breadcrumb","itemListElement":[{"@type":"ListItem","position":1,"name":"Accueil","item":"https:\/\/lacaveetlebistrot.com\/"},{"@type":"ListItem","position":2,"name":"Boutique","item":"https:\/\/lacaveetlebistrot.com\/index.php\/drive-cave-a-vin\/"},{"@type":"ListItem","position":3,"name":"Timon &#038; Sourrieu Oa\u00ef d&#8217;olives"}]},{"@type":"WebSite","@id":"https:\/\/lacaveetlebistrot.com\/#website","url":"https:\/\/lacaveetlebistrot.com\/","name":"La Cave et le Bistrot","description":"La cave \u00e0 vin du centre ville d&#039;Aubagne","publisher":{"@id":"https:\/\/lacaveetlebistrot.com\/#organization"},"potentialAction":[{"@type":"SearchAction","target":{"@type":"EntryPoint","urlTemplate":"https:\/\/lacaveetlebistrot.com\/?s={search_term_string}"},"query-input":{"@type":"PropertyValueSpecification","valueRequired":true,"valueName":"search_term_string"}}],"inLanguage":"fr-FR"},{"@type":"Organization","@id":"https:\/\/lacaveetlebistrot.com\/#organization","name":"La Cave et le Bistrot","alternateName":"Cave \u00e0 vin Aubagne","url":"https:\/\/lacaveetlebistrot.com\/","logo":{"@type":"ImageObject","inLanguage":"fr-FR","@id":"https:\/\/lacaveetlebistrot.com\/#\/schema\/logo\/image\/","url":"https:\/\/i0.wp.com\/lacaveetlebistrot.com\/wp-content\/uploads\/2021\/12\/Logo-carre-e1642772598302.png?fit=548%2C572&ssl=1","contentUrl":"https:\/\/i0.wp.com\/lacaveetlebistrot.com\/wp-content\/uploads\/2021\/12\/Logo-carre-e1642772598302.png?fit=548%2C572&ssl=1","width":548,"height":572,"caption":"La Cave et le Bistrot"},"image":{"@id":"https:\/\/lacaveetlebistrot.com\/#\/schema\/logo\/image\/"},"sameAs":["https:\/\/www.facebook.com\/LaCaveetLeBistrot"]}]}},"jetpack-related-posts":[],"jetpack_sharing_enabled":true,"_links":{"self":[{"href":"https:\/\/lacaveetlebistrot.com\/index.php\/wp-json\/wp\/v2\/product\/1900","targetHints":{"allow":["GET"]}}],"collection":[{"href":"https:\/\/lacaveetlebistrot.com\/index.php\/wp-json\/wp\/v2\/product"}],"about":[{"href":"https:\/\/lacaveetlebistrot.com\/index.php\/wp-json\/wp\/v2\/types\/product"}],"replies":[{"embeddable":true,"href":"https:\/\/lacaveetlebistrot.com\/index.php\/wp-json\/wp\/v2\/comments?post=1900"}],"wp:featuredmedia":[{"embeddable":true,"href":"https:\/\/lacaveetlebistrot.com\/index.php\/wp-json\/wp\/v2\/media\/1902"}],"wp:attachment":[{"href":"https:\/\/lacaveetlebistrot.com\/index.php\/wp-json\/wp\/v2\/media?parent=1900"}],"wp:term":[{"taxonomy":"product_brand","embeddable":true,"href":"https:\/\/lacaveetlebistrot.com\/index.php\/wp-json\/wp\/v2\/product_brand?post=1900"},{"taxonomy":"product_cat","embeddable":true,"href":"https:\/\/lacaveetlebistrot.com\/index.php\/wp-json\/wp\/v2\/product_cat?post=1900"},{"taxonomy":"product_tag","embeddable":true,"href":"https:\/\/lacaveetlebistrot.com\/index.php\/wp-json\/wp\/v2\/product_tag?post=1900"}],"curies":[{"name":"wp","href":"https:\/\/api.w.org\/{rel}","templated":true}]}}