{"id":951,"date":"2020-01-12T15:11:42","date_gmt":"2020-01-12T14:11:42","guid":{"rendered":"http:\/\/lacaveetlebistrot.com\/?page_id=951"},"modified":"2020-01-12T16:04:15","modified_gmt":"2020-01-12T15:04:15","slug":"la-box-decouverte-2","status":"publish","type":"page","link":"https:\/\/lacaveetlebistrot.com\/index.php\/la-box-decouverte-2\/","title":{"rendered":"La Box D\u00e9couverte"},"content":{"rendered":"\n<div class=\"wp-block-media-text alignwide\" style=\"grid-template-columns:21% auto\"><figure class=\"wp-block-media-text__media\"><img data-recalc-dims=\"1\" loading=\"lazy\" decoding=\"async\" width=\"280\" height=\"360\" src=\"https:\/\/i0.wp.com\/lacaveetlebistrot.com\/wp-content\/uploads\/2020\/01\/boite-vin-desert.jpg?resize=280%2C360&#038;ssl=1\" alt=\"\" class=\"wp-image-841\" srcset=\"https:\/\/i0.wp.com\/lacaveetlebistrot.com\/wp-content\/uploads\/2020\/01\/boite-vin-desert.jpg?w=280&amp;ssl=1 280w, https:\/\/i0.wp.com\/lacaveetlebistrot.com\/wp-content\/uploads\/2020\/01\/boite-vin-desert.jpg?resize=233%2C300&amp;ssl=1 233w, https:\/\/i0.wp.com\/lacaveetlebistrot.com\/wp-content\/uploads\/2020\/01\/boite-vin-desert.jpg?resize=156%2C200&amp;ssl=1 156w\" sizes=\"auto, (max-width: 280px) 100vw, 280px\" \/><\/figure><div class=\"wp-block-media-text__content\">\n<h2 class=\"has-very-dark-gray-color has-text-color wp-block-heading\"> La Box D\u00e9couverte <\/h2>\n\n\n\n<p class=\"has-text-color has-medium-font-size has-very-dark-gray-color\">Des vins fruit\u00e9s, charmeurs, pour les amateurs avides de d\u00e9couvertes. <\/p>\n<\/div><\/div>\n\n\n\n<div class=\"wp-block-group\"><div class=\"wp-block-group__inner-container is-layout-flow wp-block-group-is-layout-flow\">\n<h3 class=\"has-very-dark-gray-color has-text-color wp-block-heading\">Retrouver le plaisir de la d\u00e9couverte. <\/h3>\n\n\n\n<p class=\"has-text-color has-medium-font-size has-very-dark-gray-color\">Une s\u00e9lection pour les amateurs qui d\u00e9sirent voyager \u00e0 travers la France gr\u00e2ce \u00e0 des vins modernes et accessibles. Nous ferons la part belle aux jeunes talents qui font bouger les lignes et proposent des vins au rapport prix \/ plaisir imbattable. \u00a0 <\/p>\n\n\n\n<p class=\"has-text-color has-medium-font-size has-very-dark-gray-color\">Pensez \u00e0 nous communiquer vos pr\u00e9f\u00e9rences ( profil vin ), Thierry orientera ses s\u00e9lections pour personnaliser votre Box D\u00e9couverte.  <\/p>\n\n\n\n<h3 class=\"has-very-dark-gray-color has-text-color wp-block-heading\">La Box D\u00e9couverte est propos\u00e9e \u00e0 20\u20ac \/ mois <\/h3>\n\n\n\n<ul class=\"wp-block-list\"><li><strong>Abonnement pour 3 &#8211; 6 ou 12 mois.<\/strong><\/li><li><strong>Personnalisez la Box en communiquant votre profil vin.<\/strong><\/li><li><strong>Une s\u00e9lection qui prend en compte les saisons.<\/strong><\/li><li><strong>Vous permet de profiter des avantages clients fid\u00e8les.<\/strong><\/li><li><strong>Vous pouvez arr\u00eater votre abonnement \u00e0 tout moment<\/strong> <\/li><\/ul>\n<\/div><\/div>\n","protected":false},"excerpt":{"rendered":"<p>La Box D\u00e9couverte Des vins fruit\u00e9s, charmeurs, pour les amateurs avides de d\u00e9couvertes. Retrouver le plaisir de la d\u00e9couverte. Une s\u00e9lection pour les amateurs qui d\u00e9sirent voyager \u00e0 travers la France gr\u00e2ce \u00e0 des vins modernes et accessibles. Nous ferons la part belle aux jeunes talents qui font bouger les lignes et proposent des vins&hellip; <br \/> <a class=\"read-more\" href=\"https:\/\/lacaveetlebistrot.com\/index.php\/la-box-decouverte-2\/\">Lire la suite<\/a><\/p>\n","protected":false},"author":1,"featured_media":0,"parent":0,"menu_order":0,"comment_status":"closed","ping_status":"closed","template":"","meta":{"footnotes":""},"class_list":["post-951","page","type-page","status-publish","hentry"],"yoast_head":"<!-- This site is optimized with the Yoast SEO plugin v26.3 - https:\/\/yoast.com\/wordpress\/plugins\/seo\/ -->\n<title>La Box D\u00e9couverte - La Cave et le Bistrot<\/title>\n<meta name=\"robots\" content=\"index, follow, max-snippet:-1, max-image-preview:large, max-video-preview:-1\" \/>\n<link rel=\"canonical\" href=\"https:\/\/lacaveetlebistrot.com\/index.php\/la-box-decouverte-2\/\" \/>\n<meta property=\"og:locale\" content=\"fr_FR\" \/>\n<meta property=\"og:type\" content=\"article\" \/>\n<meta property=\"og:title\" content=\"La Box D\u00e9couverte - La Cave et le Bistrot\" \/>\n<meta property=\"og:description\" content=\"La Box D\u00e9couverte Des vins fruit\u00e9s, charmeurs, pour les amateurs avides de d\u00e9couvertes. Retrouver le plaisir de la d\u00e9couverte. Une s\u00e9lection pour les amateurs qui d\u00e9sirent voyager \u00e0 travers la France gr\u00e2ce \u00e0 des vins modernes et accessibles. Nous ferons la part belle aux jeunes talents qui font bouger les lignes et proposent des vins&hellip; Lire la suite\" \/>\n<meta property=\"og:url\" content=\"https:\/\/lacaveetlebistrot.com\/index.php\/la-box-decouverte-2\/\" \/>\n<meta property=\"og:site_name\" content=\"La Cave et le Bistrot\" \/>\n<meta property=\"article:publisher\" content=\"https:\/\/www.facebook.com\/LaCaveetLeBistrot\" \/>\n<meta property=\"article:modified_time\" content=\"2020-01-12T15:04:15+00:00\" \/>\n<meta property=\"og:image\" content=\"http:\/\/lacaveetlebistrot.com\/wp-content\/uploads\/2020\/01\/boite-vin-desert.jpg\" \/>\n<meta name=\"twitter:card\" content=\"summary_large_image\" \/>\n<meta name=\"twitter:label1\" content=\"Dur\u00e9e de lecture estim\u00e9e\" \/>\n\t<meta name=\"twitter:data1\" content=\"1 minute\" \/>\n<script type=\"application\/ld+json\" class=\"yoast-schema-graph\">{\"@context\":\"https:\/\/schema.org\",\"@graph\":[{\"@type\":\"WebPage\",\"@id\":\"https:\/\/lacaveetlebistrot.com\/index.php\/la-box-decouverte-2\/\",\"url\":\"https:\/\/lacaveetlebistrot.com\/index.php\/la-box-decouverte-2\/\",\"name\":\"La Box D\u00e9couverte - La Cave et le Bistrot\",\"isPartOf\":{\"@id\":\"https:\/\/lacaveetlebistrot.com\/#website\"},\"primaryImageOfPage\":{\"@id\":\"https:\/\/lacaveetlebistrot.com\/index.php\/la-box-decouverte-2\/#primaryimage\"},\"image\":{\"@id\":\"https:\/\/lacaveetlebistrot.com\/index.php\/la-box-decouverte-2\/#primaryimage\"},\"thumbnailUrl\":\"http:\/\/lacaveetlebistrot.com\/wp-content\/uploads\/2020\/01\/boite-vin-desert.jpg\",\"datePublished\":\"2020-01-12T14:11:42+00:00\",\"dateModified\":\"2020-01-12T15:04:15+00:00\",\"breadcrumb\":{\"@id\":\"https:\/\/lacaveetlebistrot.com\/index.php\/la-box-decouverte-2\/#breadcrumb\"},\"inLanguage\":\"fr-FR\",\"potentialAction\":[{\"@type\":\"ReadAction\",\"target\":[\"https:\/\/lacaveetlebistrot.com\/index.php\/la-box-decouverte-2\/\"]}]},{\"@type\":\"ImageObject\",\"inLanguage\":\"fr-FR\",\"@id\":\"https:\/\/lacaveetlebistrot.com\/index.php\/la-box-decouverte-2\/#primaryimage\",\"url\":\"http:\/\/lacaveetlebistrot.com\/wp-content\/uploads\/2020\/01\/boite-vin-desert.jpg\",\"contentUrl\":\"http:\/\/lacaveetlebistrot.com\/wp-content\/uploads\/2020\/01\/boite-vin-desert.jpg\"},{\"@type\":\"BreadcrumbList\",\"@id\":\"https:\/\/lacaveetlebistrot.com\/index.php\/la-box-decouverte-2\/#breadcrumb\",\"itemListElement\":[{\"@type\":\"ListItem\",\"position\":1,\"name\":\"Accueil\",\"item\":\"https:\/\/lacaveetlebistrot.com\/\"},{\"@type\":\"ListItem\",\"position\":2,\"name\":\"La Box D\u00e9couverte\"}]},{\"@type\":\"WebSite\",\"@id\":\"https:\/\/lacaveetlebistrot.com\/#website\",\"url\":\"https:\/\/lacaveetlebistrot.com\/\",\"name\":\"La Cave et le Bistrot\",\"description\":\"La cave \u00e0 vin du centre ville d&#039;Aubagne\",\"publisher\":{\"@id\":\"https:\/\/lacaveetlebistrot.com\/#organization\"},\"potentialAction\":[{\"@type\":\"SearchAction\",\"target\":{\"@type\":\"EntryPoint\",\"urlTemplate\":\"https:\/\/lacaveetlebistrot.com\/?s={search_term_string}\"},\"query-input\":{\"@type\":\"PropertyValueSpecification\",\"valueRequired\":true,\"valueName\":\"search_term_string\"}}],\"inLanguage\":\"fr-FR\"},{\"@type\":\"Organization\",\"@id\":\"https:\/\/lacaveetlebistrot.com\/#organization\",\"name\":\"La Cave et le Bistrot\",\"alternateName\":\"Cave \u00e0 vin Aubagne\",\"url\":\"https:\/\/lacaveetlebistrot.com\/\",\"logo\":{\"@type\":\"ImageObject\",\"inLanguage\":\"fr-FR\",\"@id\":\"https:\/\/lacaveetlebistrot.com\/#\/schema\/logo\/image\/\",\"url\":\"https:\/\/i0.wp.com\/lacaveetlebistrot.com\/wp-content\/uploads\/2021\/12\/Logo-carre-e1642772598302.png?fit=548%2C572&ssl=1\",\"contentUrl\":\"https:\/\/i0.wp.com\/lacaveetlebistrot.com\/wp-content\/uploads\/2021\/12\/Logo-carre-e1642772598302.png?fit=548%2C572&ssl=1\",\"width\":548,\"height\":572,\"caption\":\"La Cave et le Bistrot\"},\"image\":{\"@id\":\"https:\/\/lacaveetlebistrot.com\/#\/schema\/logo\/image\/\"},\"sameAs\":[\"https:\/\/www.facebook.com\/LaCaveetLeBistrot\"]}]}<\/script>\n<!-- \/ Yoast SEO plugin. -->","yoast_head_json":{"title":"La Box D\u00e9couverte - La Cave et le Bistrot","robots":{"index":"index","follow":"follow","max-snippet":"max-snippet:-1","max-image-preview":"max-image-preview:large","max-video-preview":"max-video-preview:-1"},"canonical":"https:\/\/lacaveetlebistrot.com\/index.php\/la-box-decouverte-2\/","og_locale":"fr_FR","og_type":"article","og_title":"La Box D\u00e9couverte - La Cave et le Bistrot","og_description":"La Box D\u00e9couverte Des vins fruit\u00e9s, charmeurs, pour les amateurs avides de d\u00e9couvertes. Retrouver le plaisir de la d\u00e9couverte. Une s\u00e9lection pour les amateurs qui d\u00e9sirent voyager \u00e0 travers la France gr\u00e2ce \u00e0 des vins modernes et accessibles. Nous ferons la part belle aux jeunes talents qui font bouger les lignes et proposent des vins&hellip; Lire la suite","og_url":"https:\/\/lacaveetlebistrot.com\/index.php\/la-box-decouverte-2\/","og_site_name":"La Cave et le Bistrot","article_publisher":"https:\/\/www.facebook.com\/LaCaveetLeBistrot","article_modified_time":"2020-01-12T15:04:15+00:00","og_image":[{"url":"http:\/\/lacaveetlebistrot.com\/wp-content\/uploads\/2020\/01\/boite-vin-desert.jpg","type":"","width":"","height":""}],"twitter_card":"summary_large_image","twitter_misc":{"Dur\u00e9e de lecture estim\u00e9e":"1 minute"},"schema":{"@context":"https:\/\/schema.org","@graph":[{"@type":"WebPage","@id":"https:\/\/lacaveetlebistrot.com\/index.php\/la-box-decouverte-2\/","url":"https:\/\/lacaveetlebistrot.com\/index.php\/la-box-decouverte-2\/","name":"La Box D\u00e9couverte - La Cave et le Bistrot","isPartOf":{"@id":"https:\/\/lacaveetlebistrot.com\/#website"},"primaryImageOfPage":{"@id":"https:\/\/lacaveetlebistrot.com\/index.php\/la-box-decouverte-2\/#primaryimage"},"image":{"@id":"https:\/\/lacaveetlebistrot.com\/index.php\/la-box-decouverte-2\/#primaryimage"},"thumbnailUrl":"http:\/\/lacaveetlebistrot.com\/wp-content\/uploads\/2020\/01\/boite-vin-desert.jpg","datePublished":"2020-01-12T14:11:42+00:00","dateModified":"2020-01-12T15:04:15+00:00","breadcrumb":{"@id":"https:\/\/lacaveetlebistrot.com\/index.php\/la-box-decouverte-2\/#breadcrumb"},"inLanguage":"fr-FR","potentialAction":[{"@type":"ReadAction","target":["https:\/\/lacaveetlebistrot.com\/index.php\/la-box-decouverte-2\/"]}]},{"@type":"ImageObject","inLanguage":"fr-FR","@id":"https:\/\/lacaveetlebistrot.com\/index.php\/la-box-decouverte-2\/#primaryimage","url":"http:\/\/lacaveetlebistrot.com\/wp-content\/uploads\/2020\/01\/boite-vin-desert.jpg","contentUrl":"http:\/\/lacaveetlebistrot.com\/wp-content\/uploads\/2020\/01\/boite-vin-desert.jpg"},{"@type":"BreadcrumbList","@id":"https:\/\/lacaveetlebistrot.com\/index.php\/la-box-decouverte-2\/#breadcrumb","itemListElement":[{"@type":"ListItem","position":1,"name":"Accueil","item":"https:\/\/lacaveetlebistrot.com\/"},{"@type":"ListItem","position":2,"name":"La Box D\u00e9couverte"}]},{"@type":"WebSite","@id":"https:\/\/lacaveetlebistrot.com\/#website","url":"https:\/\/lacaveetlebistrot.com\/","name":"La Cave et le Bistrot","description":"La cave \u00e0 vin du centre ville d&#039;Aubagne","publisher":{"@id":"https:\/\/lacaveetlebistrot.com\/#organization"},"potentialAction":[{"@type":"SearchAction","target":{"@type":"EntryPoint","urlTemplate":"https:\/\/lacaveetlebistrot.com\/?s={search_term_string}"},"query-input":{"@type":"PropertyValueSpecification","valueRequired":true,"valueName":"search_term_string"}}],"inLanguage":"fr-FR"},{"@type":"Organization","@id":"https:\/\/lacaveetlebistrot.com\/#organization","name":"La Cave et le Bistrot","alternateName":"Cave \u00e0 vin Aubagne","url":"https:\/\/lacaveetlebistrot.com\/","logo":{"@type":"ImageObject","inLanguage":"fr-FR","@id":"https:\/\/lacaveetlebistrot.com\/#\/schema\/logo\/image\/","url":"https:\/\/i0.wp.com\/lacaveetlebistrot.com\/wp-content\/uploads\/2021\/12\/Logo-carre-e1642772598302.png?fit=548%2C572&ssl=1","contentUrl":"https:\/\/i0.wp.com\/lacaveetlebistrot.com\/wp-content\/uploads\/2021\/12\/Logo-carre-e1642772598302.png?fit=548%2C572&ssl=1","width":548,"height":572,"caption":"La Cave et le Bistrot"},"image":{"@id":"https:\/\/lacaveetlebistrot.com\/#\/schema\/logo\/image\/"},"sameAs":["https:\/\/www.facebook.com\/LaCaveetLeBistrot"]}]}},"jetpack-related-posts":[],"jetpack_sharing_enabled":true,"_links":{"self":[{"href":"https:\/\/lacaveetlebistrot.com\/index.php\/wp-json\/wp\/v2\/pages\/951","targetHints":{"allow":["GET"]}}],"collection":[{"href":"https:\/\/lacaveetlebistrot.com\/index.php\/wp-json\/wp\/v2\/pages"}],"about":[{"href":"https:\/\/lacaveetlebistrot.com\/index.php\/wp-json\/wp\/v2\/types\/page"}],"author":[{"embeddable":true,"href":"https:\/\/lacaveetlebistrot.com\/index.php\/wp-json\/wp\/v2\/users\/1"}],"replies":[{"embeddable":true,"href":"https:\/\/lacaveetlebistrot.com\/index.php\/wp-json\/wp\/v2\/comments?post=951"}],"version-history":[{"count":11,"href":"https:\/\/lacaveetlebistrot.com\/index.php\/wp-json\/wp\/v2\/pages\/951\/revisions"}],"predecessor-version":[{"id":988,"href":"https:\/\/lacaveetlebistrot.com\/index.php\/wp-json\/wp\/v2\/pages\/951\/revisions\/988"}],"wp:attachment":[{"href":"https:\/\/lacaveetlebistrot.com\/index.php\/wp-json\/wp\/v2\/media?parent=951"}],"curies":[{"name":"wp","href":"https:\/\/api.w.org\/{rel}","templated":true}]}}