{"id":63,"date":"2020-01-07T01:42:00","date_gmt":"2020-01-07T00:42:00","guid":{"rendered":"http:\/\/lacaveetlebistrot.com\/?page_id=63"},"modified":"2025-05-29T18:02:52","modified_gmt":"2025-05-29T16:02:52","slug":"le-bistrot","status":"publish","type":"page","link":"https:\/\/lacaveetlebistrot.com\/index.php\/le-bistrot\/","title":{"rendered":"Le Bistrot"},"content":{"rendered":"\n<p class=\"has-text-align-center has-black-color has-text-color has-link-color wp-elements-5d4f0a00ed4578bf0097ec61aed788c6\">Bienvenue au Bistrot \u00e0 vin et restaurant \u00e0 Aubagne !<br>Ici, on mise sur la simplicit\u00e9, la qualit\u00e9\u2026 et le plaisir de bien manger et bien boire, sans se ruiner.<\/p>\n\n\n\n<p class=\"has-text-align-center has-black-color has-text-color has-link-color wp-elements-2906f18971c52970a4da7d8d46f0b9a6\">Une carte courte, des produits frais et soigneusement s\u00e9lectionn\u00e9s, une cuisine maison qui change au fil des saisons : tout est pens\u00e9 pour accompagner au mieux les bouteilles de notre cave. Venez gouter nos incontournables croque bistrot \u00e0 la truffe et andouillette artisanale.<\/p>\n\n\n\n<p class=\"has-text-align-center has-black-color has-text-color has-link-color wp-elements-77d38a23b616357cce41903ade21daff\">C\u00f4t\u00e9 vin, pas de mauvaise surprise : choisissez votre bouteille directement dans la cave et d\u00e9gustez-la \u00e0 table, avec un droit de bouchon de seulement 10 \u20ac. Fini les marges exorbitantes des restaurants classiques ! On vous sert aussi des vins au verre.<\/p>\n\n\n\n<p class=\"has-text-align-center has-black-color has-text-color has-link-color wp-elements-4614bea332d85bbeab0235db8af11733\">Pensez \u00e0 nous suivre sur les r\u00e9seaux sociaux pour connaitre les \u00e9v\u00e8nements particuliers de la cave. On fait des ap\u00e9ro business, des soir\u00e9es bar \u00e0 vin avec des vins d&rsquo;exception. On r\u00e9alise aussi des accords mets et vins pour gouter \u00e0 des mythes comme Rayas, Gangloff, Clos rougeard et bien d&rsquo;autres choses digne des plus grands amateurs. <br><a href=\"https:\/\/www.facebook.com\/LaCaveetLeBistrot\/\"><strong>Facebook<\/strong> <\/a> &#8212;&#8212;&#8212;&#8212; <a href=\"https:\/\/www.instagram.com\/lacaveetlebistrot\/\"><strong>Instagram<\/strong><\/a><\/p>\n\n\n\n<p class=\"has-text-align-center has-black-color has-text-color has-link-color wp-elements-c6fa5515116e67f3352e1a2ff3ee5c31\">Envie d\u2019un moment privil\u00e9gi\u00e9 ? Le Bistrot peut \u00eatre privatis\u00e9 pour vos \u00e9v\u00e9nements (d\u00e9jeuners, d\u00eeners ou soir\u00e9es sur mesure).<\/p>\n\n\n\n<p class=\"has-text-align-center has-black-color has-text-color has-link-color wp-elements-ce24def34d894d510ea5808eb0b07179\">Horaires d\u2019ouverture de notre Bistrot \u00e0 vin et restaurant \u00e0 Aubagne :<br>\u2022 Du mardi au samedi pour le d\u00e9jeuner (\u00e0 partir de 12h)<br>\u2022 Le vendredi soir pour une ambiance plus festive<\/p>\n\n\n\n<p class=\"has-text-align-center has-black-color has-text-color has-link-color wp-elements-53759613e97ac374c03f4bd2d3dab0a1\">R\u00e9servez vite votre table, et laissez-vous guider par notre passion du bon go\u00fbt !<\/p>\n\n\n\n<p class=\"has-text-align-center\"><a href=\"https:\/\/widget.thefork.com\/fr\/8020f630-f317-47ac-87fa-d9b0024206a2?origin=facebook&amp;utm_medium=integration&amp;utm_source=facebook#\/4672458\/dhp\" target=\"_blank\" rel=\"noreferrer noopener\"><strong>Pour r\u00e9server<\/strong><\/a><\/p>\n\n\n\n<p class=\"has-text-align-center\"><a href=\"https:\/\/lacaveetlebistrot.com\/index.php\/contact\/\"><strong>Nous contacte<\/strong><\/a><a href=\"https:\/\/lacaveetlebistrot.com\/index.php\/contact\/\" target=\"_blank\" rel=\"noreferrer noopener\"><strong>r<\/strong><\/a>*<\/p>\n\n\n\n<figure class=\"wp-block-image size-large\"><img data-recalc-dims=\"1\" loading=\"lazy\" decoding=\"async\" width=\"1024\" height=\"478\" src=\"https:\/\/i0.wp.com\/lacaveetlebistrot.com\/wp-content\/uploads\/2025\/05\/restauration.jpg?resize=1024%2C478&#038;ssl=1\" alt=\"Les tables du Bistrot \u00e0 vin et restaurant \u00e0 Aubagne\" class=\"wp-image-2388\" srcset=\"https:\/\/i0.wp.com\/lacaveetlebistrot.com\/wp-content\/uploads\/2025\/05\/restauration-scaled.jpg?resize=1024%2C478&amp;ssl=1 1024w, https:\/\/i0.wp.com\/lacaveetlebistrot.com\/wp-content\/uploads\/2025\/05\/restauration-scaled.jpg?resize=300%2C140&amp;ssl=1 300w, https:\/\/i0.wp.com\/lacaveetlebistrot.com\/wp-content\/uploads\/2025\/05\/restauration-scaled.jpg?resize=768%2C359&amp;ssl=1 768w, https:\/\/i0.wp.com\/lacaveetlebistrot.com\/wp-content\/uploads\/2025\/05\/restauration-scaled.jpg?resize=1536%2C717&amp;ssl=1 1536w, https:\/\/i0.wp.com\/lacaveetlebistrot.com\/wp-content\/uploads\/2025\/05\/restauration-scaled.jpg?resize=2048%2C956&amp;ssl=1 2048w, https:\/\/i0.wp.com\/lacaveetlebistrot.com\/wp-content\/uploads\/2025\/05\/restauration-scaled.jpg?resize=1920%2C897&amp;ssl=1 1920w, https:\/\/i0.wp.com\/lacaveetlebistrot.com\/wp-content\/uploads\/2025\/05\/restauration-scaled.jpg?resize=1320%2C616&amp;ssl=1 1320w, https:\/\/i0.wp.com\/lacaveetlebistrot.com\/wp-content\/uploads\/2025\/05\/restauration-scaled.jpg?resize=600%2C280&amp;ssl=1 600w\" sizes=\"auto, (max-width: 1024px) 100vw, 1024px\" \/><\/figure>\n\n\n\n<figure class=\"wp-block-image size-large\"><img data-recalc-dims=\"1\" loading=\"lazy\" decoding=\"async\" width=\"768\" height=\"1024\" src=\"https:\/\/i0.wp.com\/lacaveetlebistrot.com\/wp-content\/uploads\/2025\/05\/Repas.jpg?resize=768%2C1024&#038;ssl=1\" alt=\"Soir\u00e9e privatis\u00e9e au Bistrot \u00e0 vin et restaurant \u00e0 Aubagne\" class=\"wp-image-2374\" srcset=\"https:\/\/i0.wp.com\/lacaveetlebistrot.com\/wp-content\/uploads\/2025\/05\/Repas-scaled.jpg?resize=768%2C1024&amp;ssl=1 768w, https:\/\/i0.wp.com\/lacaveetlebistrot.com\/wp-content\/uploads\/2025\/05\/Repas-scaled.jpg?resize=225%2C300&amp;ssl=1 225w, https:\/\/i0.wp.com\/lacaveetlebistrot.com\/wp-content\/uploads\/2025\/05\/Repas-scaled.jpg?resize=1152%2C1536&amp;ssl=1 1152w, https:\/\/i0.wp.com\/lacaveetlebistrot.com\/wp-content\/uploads\/2025\/05\/Repas-scaled.jpg?resize=1536%2C2048&amp;ssl=1 1536w, https:\/\/i0.wp.com\/lacaveetlebistrot.com\/wp-content\/uploads\/2025\/05\/Repas-scaled.jpg?resize=1024%2C1365&amp;ssl=1 1024w, https:\/\/i0.wp.com\/lacaveetlebistrot.com\/wp-content\/uploads\/2025\/05\/Repas-scaled.jpg?resize=810%2C1080&amp;ssl=1 810w, https:\/\/i0.wp.com\/lacaveetlebistrot.com\/wp-content\/uploads\/2025\/05\/Repas-scaled.jpg?resize=1320%2C1760&amp;ssl=1 1320w, https:\/\/i0.wp.com\/lacaveetlebistrot.com\/wp-content\/uploads\/2025\/05\/Repas-scaled.jpg?resize=600%2C800&amp;ssl=1 600w, https:\/\/i0.wp.com\/lacaveetlebistrot.com\/wp-content\/uploads\/2025\/05\/Repas-scaled.jpg?w=1920&amp;ssl=1 1920w\" sizes=\"auto, (max-width: 768px) 100vw, 768px\" \/><\/figure>\n\n\n\n<h1 class=\"wp-block-heading\" id=\"reserver-en-ligne\"><em><a href=\"https:\/\/module.lafourchette.com\/fr_FR\/module\/724420-67c36?origin=facebook&amp;utm_medium=integration&amp;utm_source=facebook#\/4672458\/dhp\">R\u00e9server en ligne<\/a><\/em><\/h1>\n\n\n\n<figure class=\"wp-block-image size-large\"><img data-recalc-dims=\"1\" loading=\"lazy\" decoding=\"async\" width=\"768\" height=\"1024\" src=\"https:\/\/i0.wp.com\/lacaveetlebistrot.com\/wp-content\/uploads\/2025\/05\/resto1.jpg?resize=768%2C1024&#038;ssl=1\" alt=\"Jarret de veau au Bistrot \u00e0 vin et restaurant \u00e0 Aubagne\" class=\"wp-image-2392\" srcset=\"https:\/\/i0.wp.com\/lacaveetlebistrot.com\/wp-content\/uploads\/2025\/05\/resto1.jpg?resize=768%2C1024&amp;ssl=1 768w, https:\/\/i0.wp.com\/lacaveetlebistrot.com\/wp-content\/uploads\/2025\/05\/resto1.jpg?resize=225%2C300&amp;ssl=1 225w, https:\/\/i0.wp.com\/lacaveetlebistrot.com\/wp-content\/uploads\/2025\/05\/resto1.jpg?resize=1152%2C1536&amp;ssl=1 1152w, https:\/\/i0.wp.com\/lacaveetlebistrot.com\/wp-content\/uploads\/2025\/05\/resto1.jpg?resize=1024%2C1365&amp;ssl=1 1024w, https:\/\/i0.wp.com\/lacaveetlebistrot.com\/wp-content\/uploads\/2025\/05\/resto1.jpg?resize=810%2C1080&amp;ssl=1 810w, https:\/\/i0.wp.com\/lacaveetlebistrot.com\/wp-content\/uploads\/2025\/05\/resto1.jpg?resize=600%2C800&amp;ssl=1 600w, https:\/\/i0.wp.com\/lacaveetlebistrot.com\/wp-content\/uploads\/2025\/05\/resto1.jpg?w=1200&amp;ssl=1 1200w\" sizes=\"auto, (max-width: 768px) 100vw, 768px\" \/><\/figure>\n\n\n\n<figure class=\"wp-block-image size-large\"><img data-recalc-dims=\"1\" loading=\"lazy\" decoding=\"async\" width=\"996\" height=\"1024\" src=\"https:\/\/i0.wp.com\/lacaveetlebistrot.com\/wp-content\/uploads\/2025\/05\/resto3.jpg?resize=996%2C1024&#038;ssl=1\" alt=\"Tataki de thon \u00e0 la Cave et le Bistrot Aubagne\" class=\"wp-image-2394\" srcset=\"https:\/\/i0.wp.com\/lacaveetlebistrot.com\/wp-content\/uploads\/2025\/05\/resto3.jpg?resize=996%2C1024&amp;ssl=1 996w, https:\/\/i0.wp.com\/lacaveetlebistrot.com\/wp-content\/uploads\/2025\/05\/resto3.jpg?resize=292%2C300&amp;ssl=1 292w, https:\/\/i0.wp.com\/lacaveetlebistrot.com\/wp-content\/uploads\/2025\/05\/resto3.jpg?resize=768%2C790&amp;ssl=1 768w, https:\/\/i0.wp.com\/lacaveetlebistrot.com\/wp-content\/uploads\/2025\/05\/resto3.jpg?resize=1494%2C1536&amp;ssl=1 1494w, https:\/\/i0.wp.com\/lacaveetlebistrot.com\/wp-content\/uploads\/2025\/05\/resto3.jpg?resize=1024%2C1053&amp;ssl=1 1024w, https:\/\/i0.wp.com\/lacaveetlebistrot.com\/wp-content\/uploads\/2025\/05\/resto3.jpg?resize=1050%2C1080&amp;ssl=1 1050w, https:\/\/i0.wp.com\/lacaveetlebistrot.com\/wp-content\/uploads\/2025\/05\/resto3.jpg?resize=1320%2C1357&amp;ssl=1 1320w, https:\/\/i0.wp.com\/lacaveetlebistrot.com\/wp-content\/uploads\/2025\/05\/resto3.jpg?resize=600%2C617&amp;ssl=1 600w, https:\/\/i0.wp.com\/lacaveetlebistrot.com\/wp-content\/uploads\/2025\/05\/resto3.jpg?w=1556&amp;ssl=1 1556w\" sizes=\"auto, (max-width: 996px) 100vw, 996px\" \/><\/figure>\n\n\n\n<figure class=\"wp-block-image size-large\"><img data-recalc-dims=\"1\" loading=\"lazy\" decoding=\"async\" width=\"953\" height=\"1024\" src=\"https:\/\/i0.wp.com\/lacaveetlebistrot.com\/wp-content\/uploads\/2025\/05\/resto4.jpg?resize=953%2C1024&#038;ssl=1\" alt=\"on fait notre p\u00e2t\u00e9 croute au Bistrot \u00e0 vin et restaurant \u00e0 Aubagne\" class=\"wp-image-2395\" srcset=\"https:\/\/i0.wp.com\/lacaveetlebistrot.com\/wp-content\/uploads\/2025\/05\/resto4.jpg?resize=953%2C1024&amp;ssl=1 953w, https:\/\/i0.wp.com\/lacaveetlebistrot.com\/wp-content\/uploads\/2025\/05\/resto4.jpg?resize=279%2C300&amp;ssl=1 279w, https:\/\/i0.wp.com\/lacaveetlebistrot.com\/wp-content\/uploads\/2025\/05\/resto4.jpg?resize=768%2C825&amp;ssl=1 768w, https:\/\/i0.wp.com\/lacaveetlebistrot.com\/wp-content\/uploads\/2025\/05\/resto4.jpg?resize=1429%2C1536&amp;ssl=1 1429w, https:\/\/i0.wp.com\/lacaveetlebistrot.com\/wp-content\/uploads\/2025\/05\/resto4.jpg?resize=1024%2C1100&amp;ssl=1 1024w, https:\/\/i0.wp.com\/lacaveetlebistrot.com\/wp-content\/uploads\/2025\/05\/resto4.jpg?resize=1005%2C1080&amp;ssl=1 1005w, https:\/\/i0.wp.com\/lacaveetlebistrot.com\/wp-content\/uploads\/2025\/05\/resto4.jpg?resize=1320%2C1418&amp;ssl=1 1320w, https:\/\/i0.wp.com\/lacaveetlebistrot.com\/wp-content\/uploads\/2025\/05\/resto4.jpg?resize=600%2C645&amp;ssl=1 600w, https:\/\/i0.wp.com\/lacaveetlebistrot.com\/wp-content\/uploads\/2025\/05\/resto4.jpg?w=1489&amp;ssl=1 1489w\" sizes=\"auto, (max-width: 953px) 100vw, 953px\" \/><\/figure>\n\n\n\n<figure class=\"wp-block-image size-full\"><img data-recalc-dims=\"1\" loading=\"lazy\" decoding=\"async\" width=\"1000\" height=\"667\" src=\"https:\/\/i0.wp.com\/lacaveetlebistrot.com\/wp-content\/uploads\/2025\/05\/resto2.jpg?resize=1000%2C667&#038;ssl=1\" alt=\"gravlax de saumon maison \u00e0 la cave et le bistrot \u00e0 Aubagne\" class=\"wp-image-2396\" srcset=\"https:\/\/i0.wp.com\/lacaveetlebistrot.com\/wp-content\/uploads\/2025\/05\/resto2.jpg?w=1000&amp;ssl=1 1000w, https:\/\/i0.wp.com\/lacaveetlebistrot.com\/wp-content\/uploads\/2025\/05\/resto2.jpg?resize=300%2C200&amp;ssl=1 300w, https:\/\/i0.wp.com\/lacaveetlebistrot.com\/wp-content\/uploads\/2025\/05\/resto2.jpg?resize=768%2C512&amp;ssl=1 768w, https:\/\/i0.wp.com\/lacaveetlebistrot.com\/wp-content\/uploads\/2025\/05\/resto2.jpg?resize=600%2C400&amp;ssl=1 600w\" sizes=\"auto, (max-width: 1000px) 100vw, 1000px\" \/><\/figure>\n","protected":false},"excerpt":{"rendered":"<p>Bienvenue au Bistrot \u00e0 vin et restaurant \u00e0 Aubagne !Ici, on mise sur la simplicit\u00e9, la qualit\u00e9\u2026 et le plaisir de bien manger et bien boire, sans se ruiner. Une carte courte, des produits frais et soigneusement s\u00e9lectionn\u00e9s, une cuisine maison qui change au fil des saisons : tout est pens\u00e9 pour accompagner au mieux&hellip; <br \/> <a class=\"read-more\" href=\"https:\/\/lacaveetlebistrot.com\/index.php\/le-bistrot\/\">Lire la suite<\/a><\/p>\n","protected":false},"author":1,"featured_media":2374,"parent":0,"menu_order":0,"comment_status":"closed","ping_status":"closed","template":"","meta":{"footnotes":""},"class_list":["post-63","page","type-page","status-publish","has-post-thumbnail","hentry"],"yoast_head":"<!-- This site is optimized with the Yoast SEO plugin v26.3 - https:\/\/yoast.com\/wordpress\/plugins\/seo\/ -->\n<title>Bistrot \u00e0 vin et restaurant \u00e0 Aubagne pour les bons vivants<\/title>\n<meta name=\"description\" content=\"Bienvenue au Bistrot \u00e0 vin et restaurant \u00e0 Aubagne ! Ici, on mise sur la simplicit\u00e9, la qualit\u00e9\u2026 et le plaisir de bien manger et bien boire.\" \/>\n<meta name=\"robots\" content=\"index, follow, max-snippet:-1, max-image-preview:large, max-video-preview:-1\" \/>\n<link rel=\"canonical\" href=\"https:\/\/lacaveetlebistrot.com\/index.php\/le-bistrot\/\" \/>\n<meta property=\"og:locale\" content=\"fr_FR\" \/>\n<meta property=\"og:type\" content=\"article\" \/>\n<meta property=\"og:title\" content=\"Bistrot \u00e0 vin et restaurant \u00e0 Aubagne pour les bons vivants\" \/>\n<meta property=\"og:description\" content=\"Bienvenue au Bistrot \u00e0 vin et restaurant \u00e0 Aubagne ! Ici, on mise sur la simplicit\u00e9, la qualit\u00e9\u2026 et le plaisir de bien manger et bien boire.\" \/>\n<meta property=\"og:url\" content=\"https:\/\/lacaveetlebistrot.com\/index.php\/le-bistrot\/\" \/>\n<meta property=\"og:site_name\" content=\"La Cave et le Bistrot\" \/>\n<meta property=\"article:publisher\" content=\"https:\/\/www.facebook.com\/LaCaveetLeBistrot\" \/>\n<meta property=\"article:modified_time\" content=\"2025-05-29T16:02:52+00:00\" \/>\n<meta property=\"og:image\" content=\"https:\/\/lacaveetlebistrot.com\/wp-content\/uploads\/2025\/05\/Repas-scaled.jpg\" \/>\n\t<meta property=\"og:image:width\" content=\"1920\" \/>\n\t<meta property=\"og:image:height\" content=\"2560\" \/>\n\t<meta property=\"og:image:type\" content=\"image\/jpeg\" \/>\n<meta name=\"twitter:card\" content=\"summary_large_image\" \/>\n<meta name=\"twitter:label1\" content=\"Dur\u00e9e de lecture estim\u00e9e\" \/>\n\t<meta name=\"twitter:data1\" content=\"3 minutes\" \/>\n<script type=\"application\/ld+json\" class=\"yoast-schema-graph\">{\"@context\":\"https:\/\/schema.org\",\"@graph\":[{\"@type\":\"WebPage\",\"@id\":\"https:\/\/lacaveetlebistrot.com\/index.php\/le-bistrot\/\",\"url\":\"https:\/\/lacaveetlebistrot.com\/index.php\/le-bistrot\/\",\"name\":\"Bistrot \u00e0 vin et restaurant \u00e0 Aubagne pour les bons vivants\",\"isPartOf\":{\"@id\":\"https:\/\/lacaveetlebistrot.com\/#website\"},\"primaryImageOfPage\":{\"@id\":\"https:\/\/lacaveetlebistrot.com\/index.php\/le-bistrot\/#primaryimage\"},\"image\":{\"@id\":\"https:\/\/lacaveetlebistrot.com\/index.php\/le-bistrot\/#primaryimage\"},\"thumbnailUrl\":\"https:\/\/i0.wp.com\/lacaveetlebistrot.com\/wp-content\/uploads\/2025\/05\/Repas-scaled.jpg?fit=1920%2C2560&ssl=1\",\"datePublished\":\"2020-01-07T00:42:00+00:00\",\"dateModified\":\"2025-05-29T16:02:52+00:00\",\"description\":\"Bienvenue au Bistrot \u00e0 vin et restaurant \u00e0 Aubagne ! Ici, on mise sur la simplicit\u00e9, la qualit\u00e9\u2026 et le plaisir de bien manger et bien boire.\",\"breadcrumb\":{\"@id\":\"https:\/\/lacaveetlebistrot.com\/index.php\/le-bistrot\/#breadcrumb\"},\"inLanguage\":\"fr-FR\",\"potentialAction\":[{\"@type\":\"ReadAction\",\"target\":[\"https:\/\/lacaveetlebistrot.com\/index.php\/le-bistrot\/\"]}]},{\"@type\":\"ImageObject\",\"inLanguage\":\"fr-FR\",\"@id\":\"https:\/\/lacaveetlebistrot.com\/index.php\/le-bistrot\/#primaryimage\",\"url\":\"https:\/\/i0.wp.com\/lacaveetlebistrot.com\/wp-content\/uploads\/2025\/05\/Repas-scaled.jpg?fit=1920%2C2560&ssl=1\",\"contentUrl\":\"https:\/\/i0.wp.com\/lacaveetlebistrot.com\/wp-content\/uploads\/2025\/05\/Repas-scaled.jpg?fit=1920%2C2560&ssl=1\",\"width\":1920,\"height\":2560},{\"@type\":\"BreadcrumbList\",\"@id\":\"https:\/\/lacaveetlebistrot.com\/index.php\/le-bistrot\/#breadcrumb\",\"itemListElement\":[{\"@type\":\"ListItem\",\"position\":1,\"name\":\"Accueil\",\"item\":\"https:\/\/lacaveetlebistrot.com\/\"},{\"@type\":\"ListItem\",\"position\":2,\"name\":\"Le Bistrot\"}]},{\"@type\":\"WebSite\",\"@id\":\"https:\/\/lacaveetlebistrot.com\/#website\",\"url\":\"https:\/\/lacaveetlebistrot.com\/\",\"name\":\"La Cave et le Bistrot\",\"description\":\"La cave \u00e0 vin du centre ville d&#039;Aubagne\",\"publisher\":{\"@id\":\"https:\/\/lacaveetlebistrot.com\/#organization\"},\"potentialAction\":[{\"@type\":\"SearchAction\",\"target\":{\"@type\":\"EntryPoint\",\"urlTemplate\":\"https:\/\/lacaveetlebistrot.com\/?s={search_term_string}\"},\"query-input\":{\"@type\":\"PropertyValueSpecification\",\"valueRequired\":true,\"valueName\":\"search_term_string\"}}],\"inLanguage\":\"fr-FR\"},{\"@type\":\"Organization\",\"@id\":\"https:\/\/lacaveetlebistrot.com\/#organization\",\"name\":\"La Cave et le Bistrot\",\"alternateName\":\"Cave \u00e0 vin Aubagne\",\"url\":\"https:\/\/lacaveetlebistrot.com\/\",\"logo\":{\"@type\":\"ImageObject\",\"inLanguage\":\"fr-FR\",\"@id\":\"https:\/\/lacaveetlebistrot.com\/#\/schema\/logo\/image\/\",\"url\":\"https:\/\/i0.wp.com\/lacaveetlebistrot.com\/wp-content\/uploads\/2021\/12\/Logo-carre-e1642772598302.png?fit=548%2C572&ssl=1\",\"contentUrl\":\"https:\/\/i0.wp.com\/lacaveetlebistrot.com\/wp-content\/uploads\/2021\/12\/Logo-carre-e1642772598302.png?fit=548%2C572&ssl=1\",\"width\":548,\"height\":572,\"caption\":\"La Cave et le Bistrot\"},\"image\":{\"@id\":\"https:\/\/lacaveetlebistrot.com\/#\/schema\/logo\/image\/\"},\"sameAs\":[\"https:\/\/www.facebook.com\/LaCaveetLeBistrot\"]}]}<\/script>\n<!-- \/ Yoast SEO plugin. -->","yoast_head_json":{"title":"Bistrot \u00e0 vin et restaurant \u00e0 Aubagne pour les bons vivants","description":"Bienvenue au Bistrot \u00e0 vin et restaurant \u00e0 Aubagne ! Ici, on mise sur la simplicit\u00e9, la qualit\u00e9\u2026 et le plaisir de bien manger et bien boire.","robots":{"index":"index","follow":"follow","max-snippet":"max-snippet:-1","max-image-preview":"max-image-preview:large","max-video-preview":"max-video-preview:-1"},"canonical":"https:\/\/lacaveetlebistrot.com\/index.php\/le-bistrot\/","og_locale":"fr_FR","og_type":"article","og_title":"Bistrot \u00e0 vin et restaurant \u00e0 Aubagne pour les bons vivants","og_description":"Bienvenue au Bistrot \u00e0 vin et restaurant \u00e0 Aubagne ! Ici, on mise sur la simplicit\u00e9, la qualit\u00e9\u2026 et le plaisir de bien manger et bien boire.","og_url":"https:\/\/lacaveetlebistrot.com\/index.php\/le-bistrot\/","og_site_name":"La Cave et le Bistrot","article_publisher":"https:\/\/www.facebook.com\/LaCaveetLeBistrot","article_modified_time":"2025-05-29T16:02:52+00:00","og_image":[{"width":1920,"height":2560,"url":"https:\/\/lacaveetlebistrot.com\/wp-content\/uploads\/2025\/05\/Repas-scaled.jpg","type":"image\/jpeg"}],"twitter_card":"summary_large_image","twitter_misc":{"Dur\u00e9e de lecture estim\u00e9e":"3 minutes"},"schema":{"@context":"https:\/\/schema.org","@graph":[{"@type":"WebPage","@id":"https:\/\/lacaveetlebistrot.com\/index.php\/le-bistrot\/","url":"https:\/\/lacaveetlebistrot.com\/index.php\/le-bistrot\/","name":"Bistrot \u00e0 vin et restaurant \u00e0 Aubagne pour les bons vivants","isPartOf":{"@id":"https:\/\/lacaveetlebistrot.com\/#website"},"primaryImageOfPage":{"@id":"https:\/\/lacaveetlebistrot.com\/index.php\/le-bistrot\/#primaryimage"},"image":{"@id":"https:\/\/lacaveetlebistrot.com\/index.php\/le-bistrot\/#primaryimage"},"thumbnailUrl":"https:\/\/i0.wp.com\/lacaveetlebistrot.com\/wp-content\/uploads\/2025\/05\/Repas-scaled.jpg?fit=1920%2C2560&ssl=1","datePublished":"2020-01-07T00:42:00+00:00","dateModified":"2025-05-29T16:02:52+00:00","description":"Bienvenue au Bistrot \u00e0 vin et restaurant \u00e0 Aubagne ! Ici, on mise sur la simplicit\u00e9, la qualit\u00e9\u2026 et le plaisir de bien manger et bien boire.","breadcrumb":{"@id":"https:\/\/lacaveetlebistrot.com\/index.php\/le-bistrot\/#breadcrumb"},"inLanguage":"fr-FR","potentialAction":[{"@type":"ReadAction","target":["https:\/\/lacaveetlebistrot.com\/index.php\/le-bistrot\/"]}]},{"@type":"ImageObject","inLanguage":"fr-FR","@id":"https:\/\/lacaveetlebistrot.com\/index.php\/le-bistrot\/#primaryimage","url":"https:\/\/i0.wp.com\/lacaveetlebistrot.com\/wp-content\/uploads\/2025\/05\/Repas-scaled.jpg?fit=1920%2C2560&ssl=1","contentUrl":"https:\/\/i0.wp.com\/lacaveetlebistrot.com\/wp-content\/uploads\/2025\/05\/Repas-scaled.jpg?fit=1920%2C2560&ssl=1","width":1920,"height":2560},{"@type":"BreadcrumbList","@id":"https:\/\/lacaveetlebistrot.com\/index.php\/le-bistrot\/#breadcrumb","itemListElement":[{"@type":"ListItem","position":1,"name":"Accueil","item":"https:\/\/lacaveetlebistrot.com\/"},{"@type":"ListItem","position":2,"name":"Le Bistrot"}]},{"@type":"WebSite","@id":"https:\/\/lacaveetlebistrot.com\/#website","url":"https:\/\/lacaveetlebistrot.com\/","name":"La Cave et le Bistrot","description":"La cave \u00e0 vin du centre ville d&#039;Aubagne","publisher":{"@id":"https:\/\/lacaveetlebistrot.com\/#organization"},"potentialAction":[{"@type":"SearchAction","target":{"@type":"EntryPoint","urlTemplate":"https:\/\/lacaveetlebistrot.com\/?s={search_term_string}"},"query-input":{"@type":"PropertyValueSpecification","valueRequired":true,"valueName":"search_term_string"}}],"inLanguage":"fr-FR"},{"@type":"Organization","@id":"https:\/\/lacaveetlebistrot.com\/#organization","name":"La Cave et le Bistrot","alternateName":"Cave \u00e0 vin Aubagne","url":"https:\/\/lacaveetlebistrot.com\/","logo":{"@type":"ImageObject","inLanguage":"fr-FR","@id":"https:\/\/lacaveetlebistrot.com\/#\/schema\/logo\/image\/","url":"https:\/\/i0.wp.com\/lacaveetlebistrot.com\/wp-content\/uploads\/2021\/12\/Logo-carre-e1642772598302.png?fit=548%2C572&ssl=1","contentUrl":"https:\/\/i0.wp.com\/lacaveetlebistrot.com\/wp-content\/uploads\/2021\/12\/Logo-carre-e1642772598302.png?fit=548%2C572&ssl=1","width":548,"height":572,"caption":"La Cave et le Bistrot"},"image":{"@id":"https:\/\/lacaveetlebistrot.com\/#\/schema\/logo\/image\/"},"sameAs":["https:\/\/www.facebook.com\/LaCaveetLeBistrot"]}]}},"jetpack-related-posts":[],"jetpack_sharing_enabled":true,"_links":{"self":[{"href":"https:\/\/lacaveetlebistrot.com\/index.php\/wp-json\/wp\/v2\/pages\/63","targetHints":{"allow":["GET"]}}],"collection":[{"href":"https:\/\/lacaveetlebistrot.com\/index.php\/wp-json\/wp\/v2\/pages"}],"about":[{"href":"https:\/\/lacaveetlebistrot.com\/index.php\/wp-json\/wp\/v2\/types\/page"}],"author":[{"embeddable":true,"href":"https:\/\/lacaveetlebistrot.com\/index.php\/wp-json\/wp\/v2\/users\/1"}],"replies":[{"embeddable":true,"href":"https:\/\/lacaveetlebistrot.com\/index.php\/wp-json\/wp\/v2\/comments?post=63"}],"version-history":[{"count":15,"href":"https:\/\/lacaveetlebistrot.com\/index.php\/wp-json\/wp\/v2\/pages\/63\/revisions"}],"predecessor-version":[{"id":2397,"href":"https:\/\/lacaveetlebistrot.com\/index.php\/wp-json\/wp\/v2\/pages\/63\/revisions\/2397"}],"wp:featuredmedia":[{"embeddable":true,"href":"https:\/\/lacaveetlebistrot.com\/index.php\/wp-json\/wp\/v2\/media\/2374"}],"wp:attachment":[{"href":"https:\/\/lacaveetlebistrot.com\/index.php\/wp-json\/wp\/v2\/media?parent=63"}],"curies":[{"name":"wp","href":"https:\/\/api.w.org\/{rel}","templated":true}]}}