{"id":532,"date":"2020-01-09T11:04:28","date_gmt":"2020-01-09T10:04:28","guid":{"rendered":"http:\/\/lacaveetlebistrot.com\/?page_id=532"},"modified":"2021-12-30T14:39:35","modified_gmt":"2021-12-30T13:39:35","slug":"provence-corse","status":"publish","type":"page","link":"https:\/\/lacaveetlebistrot.com\/index.php\/provence-corse\/","title":{"rendered":"Provence Corse"},"content":{"rendered":"\n<div class=\"wp-block-group\"><div class=\"wp-block-group__inner-container is-layout-flow wp-block-group-is-layout-flow\">\n<figure class=\"wp-block-image size-full\"><img data-recalc-dims=\"1\" loading=\"lazy\" decoding=\"async\" width=\"1600\" height=\"1200\" src=\"https:\/\/i0.wp.com\/lacaveetlebistrot.com\/wp-content\/uploads\/2021\/12\/wp-1638980604630-1-scaled-e1638981131128.jpg?resize=1600%2C1200&#038;ssl=1\" alt=\"domaine Tempier, ch\u00e2teau de pibarnon, chateau simone, domaine Fontcreuse, domaine du Paternel, clos Nicrosi, Arena, Fornelli, Ornasca Giudiceli\" class=\"wp-image-1520\" srcset=\"https:\/\/i0.wp.com\/lacaveetlebistrot.com\/wp-content\/uploads\/2021\/12\/wp-1638980604630-1-scaled-e1638981131128.jpg?w=1600&amp;ssl=1 1600w, https:\/\/i0.wp.com\/lacaveetlebistrot.com\/wp-content\/uploads\/2021\/12\/wp-1638980604630-1-scaled-e1638981131128.jpg?resize=600%2C450&amp;ssl=1 600w\" sizes=\"auto, (max-width: 1600px) 100vw, 1600px\" \/><figcaption>Notre s\u00e9lection en Provence et Corse<\/figcaption><\/figure>\n\n\n\n<h2 class=\"wp-block-heading\"><strong>Bandol<\/strong><\/h2>\n\n\n\n<p class=\"has-very-dark-gray-color has-text-color has-medium-font-size\"><strong>Domaine Tempier <br>Chateau Pibarnon<br>Domaine la tour du bon<\/strong><\/p>\n<\/div><\/div>\n\n\n\n<p><\/p>\n\n\n\n<p class=\"has-text-align-left has-text-color\" style=\"color:#a97b7b\">&#8212;&#8212;&#8212;-<\/p>\n\n\n\n<div class=\"wp-block-group\"><div class=\"wp-block-group__inner-container is-layout-flow wp-block-group-is-layout-flow\">\n<div class=\"wp-block-group\"><div class=\"wp-block-group__inner-container is-layout-flow wp-block-group-is-layout-flow\">\n<h2 class=\"wp-block-heading\"><strong>Cassis<\/strong><\/h2>\n\n\n\n<p class=\"has-very-dark-gray-color has-text-color has-medium-font-size\"><strong>Domaine du Paternel<br>Chateau Fontcreuse<br>Clos Sainte Magdeleine<\/strong><\/p>\n<\/div><\/div>\n<\/div><\/div>\n\n\n\n<p><\/p>\n\n\n\n<div class=\"wp-block-group\"><div class=\"wp-block-group__inner-container is-layout-flow wp-block-group-is-layout-flow\">\n<p class=\"has-text-align-left has-text-color\" style=\"color:#9e8079\">&#8212;&#8212;&#8212;-<\/p>\n\n\n\n<h2 class=\"wp-block-heading\"><strong>Palette<\/strong><\/h2>\n\n\n\n<p class=\"has-very-dark-gray-color has-text-color has-medium-font-size\"><strong>Chateau Simone<\/strong><\/p>\n<\/div><\/div>\n\n\n\n<p><\/p>\n\n\n\n<p class=\"has-text-align-left has-text-color\" style=\"color:#9e8079\">&#8212;&#8212;&#8212;-<\/p>\n\n\n\n<div class=\"wp-block-group\"><div class=\"wp-block-group__inner-container is-layout-flow wp-block-group-is-layout-flow\">\n<h2 class=\"wp-block-heading\"><strong>Aix en Provence<\/strong> <strong>et Sainte Victoire<\/strong><\/h2>\n\n\n\n<p class=\"has-very-dark-gray-color has-text-color has-medium-font-size\"><strong>Domaine les B\u00e9ates<br>domaine de la R\u00e9alti\u00e8re<\/strong><br><strong>Domaine Terres de Mistral<\/strong><\/p>\n<\/div><\/div>\n\n\n\n<p><\/p>\n\n\n\n<p class=\"has-text-align-left has-text-color\" style=\"color:#9e8079\">&#8212;&#8212;&#8212;&#8212;&#8212;&#8212;&#8211;<\/p>\n\n\n\n<div class=\"wp-block-group\"><div class=\"wp-block-group__inner-container is-layout-flow wp-block-group-is-layout-flow\">\n<h2 class=\"wp-block-heading\"><strong>Cote de Provence<\/strong><\/h2>\n\n\n\n<p class=\"has-very-dark-gray-color has-text-color has-medium-font-size\"><strong>Chateau de Roquefort<br>Clos Cibonne<\/strong><br><strong>Chateau Gasqui<\/strong><\/p>\n<\/div><\/div>\n\n\n\n<p> &#8212;&#8212;&#8212;- <\/p>\n\n\n\n<div class=\"wp-block-group\"><div class=\"wp-block-group__inner-container is-layout-flow wp-block-group-is-layout-flow\">\n<h2 class=\"wp-block-heading\"><strong>Coteaux Varois<\/strong><\/h2>\n\n\n\n<p class=\"has-very-dark-gray-color has-text-color has-medium-font-size\"><strong>Ch\u00e2teau des Apies<\/strong><br><strong>Domaine Blacailloux<br>Domaine la rose des vents<\/strong><\/p>\n<\/div><\/div>\n\n\n\n<p><\/p>\n\n\n\n<p class=\"has-text-align-left has-text-color\" style=\"color:#9e8079\">&#8212;&#8212;&#8212;-<\/p>\n\n\n\n<div class=\"wp-block-group\"><div class=\"wp-block-group__inner-container is-layout-flow wp-block-group-is-layout-flow\">\n<h2 class=\"wp-block-heading\"><strong>Corse<\/strong><\/h2>\n\n\n\n<p class=\"has-very-dark-gray-color has-text-color has-medium-font-size\"><strong>Domaines Arena<br>Domaine Alzipratu<br>Clos Ornasca<\/strong><br><strong>Clos Fornelli<\/strong><br><strong>Domaine Giudiceli<\/strong><br><strong>Clos Nicrosi<\/strong><br><strong>Clos Marfisi<\/strong><\/p>\n<\/div><\/div>\n\n\n\n<p><\/p>\n\n\n\n<div class=\"wp-block-group\"><div class=\"wp-block-group__inner-container is-layout-flow wp-block-group-is-layout-flow\"><\/div><\/div>\n","protected":false},"excerpt":{"rendered":"<p>Bandol Domaine Tempier Chateau PibarnonDomaine la tour du bon &#8212;&#8212;&#8212;- Cassis Domaine du PaternelChateau FontcreuseClos Sainte Magdeleine &#8212;&#8212;&#8212;- Palette Chateau Simone &#8212;&#8212;&#8212;- Aix en Provence et Sainte Victoire Domaine les B\u00e9atesdomaine de la R\u00e9alti\u00e8reDomaine Terres de Mistral &#8212;&#8212;&#8212;&#8212;&#8212;&#8212;&#8211; Cote de Provence Chateau de RoquefortClos CibonneChateau Gasqui &#8212;&#8212;&#8212;- Coteaux Varois Ch\u00e2teau des ApiesDomaine BlacaillouxDomaine la rose&hellip; <br \/> <a class=\"read-more\" href=\"https:\/\/lacaveetlebistrot.com\/index.php\/provence-corse\/\">Lire la suite<\/a><\/p>\n","protected":false},"author":1,"featured_media":0,"parent":0,"menu_order":0,"comment_status":"closed","ping_status":"closed","template":"","meta":{"footnotes":""},"class_list":["post-532","page","type-page","status-publish","hentry"],"yoast_head":"<!-- This site is optimized with the Yoast SEO plugin v26.3 - https:\/\/yoast.com\/wordpress\/plugins\/seo\/ -->\n<title>Provence Corse - La Cave et le Bistrot<\/title>\n<meta name=\"description\" content=\"Notre s\u00e9lection de domaines sur la r\u00e9gion Provence et Corse. C\u00f4teaux d&#039;Aix en Pce, C\u00f4tes de Provence, Patrimonio, Bandol, Cassis etc ...\" \/>\n<meta name=\"robots\" content=\"index, follow, max-snippet:-1, max-image-preview:large, max-video-preview:-1\" \/>\n<link rel=\"canonical\" href=\"https:\/\/lacaveetlebistrot.com\/index.php\/provence-corse\/\" \/>\n<meta property=\"og:locale\" content=\"fr_FR\" \/>\n<meta property=\"og:type\" content=\"article\" \/>\n<meta property=\"og:title\" content=\"Provence Corse - La Cave et le Bistrot\" \/>\n<meta property=\"og:description\" content=\"Notre s\u00e9lection de domaines sur la r\u00e9gion Provence et Corse. C\u00f4teaux d&#039;Aix en Pce, C\u00f4tes de Provence, Patrimonio, Bandol, Cassis etc ...\" \/>\n<meta property=\"og:url\" content=\"https:\/\/lacaveetlebistrot.com\/index.php\/provence-corse\/\" \/>\n<meta property=\"og:site_name\" content=\"La Cave et le Bistrot\" \/>\n<meta property=\"article:publisher\" content=\"https:\/\/www.facebook.com\/LaCaveetLeBistrot\" \/>\n<meta property=\"article:modified_time\" content=\"2021-12-30T13:39:35+00:00\" \/>\n<meta property=\"og:image\" content=\"http:\/\/lacaveetlebistrot.com\/wp-content\/uploads\/2021\/12\/wp-1638980604630-1-scaled-e1638981131128.jpg\" \/>\n<meta name=\"twitter:card\" content=\"summary_large_image\" \/>\n<meta name=\"twitter:label1\" content=\"Dur\u00e9e de lecture estim\u00e9e\" \/>\n\t<meta name=\"twitter:data1\" content=\"1 minute\" \/>\n<script type=\"application\/ld+json\" class=\"yoast-schema-graph\">{\"@context\":\"https:\/\/schema.org\",\"@graph\":[{\"@type\":\"WebPage\",\"@id\":\"https:\/\/lacaveetlebistrot.com\/index.php\/provence-corse\/\",\"url\":\"https:\/\/lacaveetlebistrot.com\/index.php\/provence-corse\/\",\"name\":\"Provence Corse - La Cave et le Bistrot\",\"isPartOf\":{\"@id\":\"https:\/\/lacaveetlebistrot.com\/#website\"},\"primaryImageOfPage\":{\"@id\":\"https:\/\/lacaveetlebistrot.com\/index.php\/provence-corse\/#primaryimage\"},\"image\":{\"@id\":\"https:\/\/lacaveetlebistrot.com\/index.php\/provence-corse\/#primaryimage\"},\"thumbnailUrl\":\"http:\/\/lacaveetlebistrot.com\/wp-content\/uploads\/2021\/12\/wp-1638980604630-1-scaled-e1638981131128.jpg\",\"datePublished\":\"2020-01-09T10:04:28+00:00\",\"dateModified\":\"2021-12-30T13:39:35+00:00\",\"description\":\"Notre s\u00e9lection de domaines sur la r\u00e9gion Provence et Corse. C\u00f4teaux d'Aix en Pce, C\u00f4tes de Provence, Patrimonio, Bandol, Cassis etc ...\",\"breadcrumb\":{\"@id\":\"https:\/\/lacaveetlebistrot.com\/index.php\/provence-corse\/#breadcrumb\"},\"inLanguage\":\"fr-FR\",\"potentialAction\":[{\"@type\":\"ReadAction\",\"target\":[\"https:\/\/lacaveetlebistrot.com\/index.php\/provence-corse\/\"]}]},{\"@type\":\"ImageObject\",\"inLanguage\":\"fr-FR\",\"@id\":\"https:\/\/lacaveetlebistrot.com\/index.php\/provence-corse\/#primaryimage\",\"url\":\"https:\/\/i0.wp.com\/lacaveetlebistrot.com\/wp-content\/uploads\/2021\/12\/wp-1638980604630-1-scaled-e1638981131128.jpg?fit=1600%2C1200&ssl=1\",\"contentUrl\":\"https:\/\/i0.wp.com\/lacaveetlebistrot.com\/wp-content\/uploads\/2021\/12\/wp-1638980604630-1-scaled-e1638981131128.jpg?fit=1600%2C1200&ssl=1\",\"width\":1600,\"height\":1200,\"caption\":\"Notre s\u00e9lection en Provence et Corse\"},{\"@type\":\"BreadcrumbList\",\"@id\":\"https:\/\/lacaveetlebistrot.com\/index.php\/provence-corse\/#breadcrumb\",\"itemListElement\":[{\"@type\":\"ListItem\",\"position\":1,\"name\":\"Accueil\",\"item\":\"https:\/\/lacaveetlebistrot.com\/\"},{\"@type\":\"ListItem\",\"position\":2,\"name\":\"Provence Corse\"}]},{\"@type\":\"WebSite\",\"@id\":\"https:\/\/lacaveetlebistrot.com\/#website\",\"url\":\"https:\/\/lacaveetlebistrot.com\/\",\"name\":\"La Cave et le Bistrot\",\"description\":\"La cave \u00e0 vin du centre ville d&#039;Aubagne\",\"publisher\":{\"@id\":\"https:\/\/lacaveetlebistrot.com\/#organization\"},\"potentialAction\":[{\"@type\":\"SearchAction\",\"target\":{\"@type\":\"EntryPoint\",\"urlTemplate\":\"https:\/\/lacaveetlebistrot.com\/?s={search_term_string}\"},\"query-input\":{\"@type\":\"PropertyValueSpecification\",\"valueRequired\":true,\"valueName\":\"search_term_string\"}}],\"inLanguage\":\"fr-FR\"},{\"@type\":\"Organization\",\"@id\":\"https:\/\/lacaveetlebistrot.com\/#organization\",\"name\":\"La Cave et le Bistrot\",\"alternateName\":\"Cave \u00e0 vin Aubagne\",\"url\":\"https:\/\/lacaveetlebistrot.com\/\",\"logo\":{\"@type\":\"ImageObject\",\"inLanguage\":\"fr-FR\",\"@id\":\"https:\/\/lacaveetlebistrot.com\/#\/schema\/logo\/image\/\",\"url\":\"https:\/\/i0.wp.com\/lacaveetlebistrot.com\/wp-content\/uploads\/2021\/12\/Logo-carre-e1642772598302.png?fit=548%2C572&ssl=1\",\"contentUrl\":\"https:\/\/i0.wp.com\/lacaveetlebistrot.com\/wp-content\/uploads\/2021\/12\/Logo-carre-e1642772598302.png?fit=548%2C572&ssl=1\",\"width\":548,\"height\":572,\"caption\":\"La Cave et le Bistrot\"},\"image\":{\"@id\":\"https:\/\/lacaveetlebistrot.com\/#\/schema\/logo\/image\/\"},\"sameAs\":[\"https:\/\/www.facebook.com\/LaCaveetLeBistrot\"]}]}<\/script>\n<!-- \/ Yoast SEO plugin. -->","yoast_head_json":{"title":"Provence Corse - La Cave et le Bistrot","description":"Notre s\u00e9lection de domaines sur la r\u00e9gion Provence et Corse. C\u00f4teaux d'Aix en Pce, C\u00f4tes de Provence, Patrimonio, Bandol, Cassis etc ...","robots":{"index":"index","follow":"follow","max-snippet":"max-snippet:-1","max-image-preview":"max-image-preview:large","max-video-preview":"max-video-preview:-1"},"canonical":"https:\/\/lacaveetlebistrot.com\/index.php\/provence-corse\/","og_locale":"fr_FR","og_type":"article","og_title":"Provence Corse - La Cave et le Bistrot","og_description":"Notre s\u00e9lection de domaines sur la r\u00e9gion Provence et Corse. C\u00f4teaux d'Aix en Pce, C\u00f4tes de Provence, Patrimonio, Bandol, Cassis etc ...","og_url":"https:\/\/lacaveetlebistrot.com\/index.php\/provence-corse\/","og_site_name":"La Cave et le Bistrot","article_publisher":"https:\/\/www.facebook.com\/LaCaveetLeBistrot","article_modified_time":"2021-12-30T13:39:35+00:00","og_image":[{"url":"http:\/\/lacaveetlebistrot.com\/wp-content\/uploads\/2021\/12\/wp-1638980604630-1-scaled-e1638981131128.jpg","type":"","width":"","height":""}],"twitter_card":"summary_large_image","twitter_misc":{"Dur\u00e9e de lecture estim\u00e9e":"1 minute"},"schema":{"@context":"https:\/\/schema.org","@graph":[{"@type":"WebPage","@id":"https:\/\/lacaveetlebistrot.com\/index.php\/provence-corse\/","url":"https:\/\/lacaveetlebistrot.com\/index.php\/provence-corse\/","name":"Provence Corse - La Cave et le Bistrot","isPartOf":{"@id":"https:\/\/lacaveetlebistrot.com\/#website"},"primaryImageOfPage":{"@id":"https:\/\/lacaveetlebistrot.com\/index.php\/provence-corse\/#primaryimage"},"image":{"@id":"https:\/\/lacaveetlebistrot.com\/index.php\/provence-corse\/#primaryimage"},"thumbnailUrl":"http:\/\/lacaveetlebistrot.com\/wp-content\/uploads\/2021\/12\/wp-1638980604630-1-scaled-e1638981131128.jpg","datePublished":"2020-01-09T10:04:28+00:00","dateModified":"2021-12-30T13:39:35+00:00","description":"Notre s\u00e9lection de domaines sur la r\u00e9gion Provence et Corse. C\u00f4teaux d'Aix en Pce, C\u00f4tes de Provence, Patrimonio, Bandol, Cassis etc ...","breadcrumb":{"@id":"https:\/\/lacaveetlebistrot.com\/index.php\/provence-corse\/#breadcrumb"},"inLanguage":"fr-FR","potentialAction":[{"@type":"ReadAction","target":["https:\/\/lacaveetlebistrot.com\/index.php\/provence-corse\/"]}]},{"@type":"ImageObject","inLanguage":"fr-FR","@id":"https:\/\/lacaveetlebistrot.com\/index.php\/provence-corse\/#primaryimage","url":"https:\/\/i0.wp.com\/lacaveetlebistrot.com\/wp-content\/uploads\/2021\/12\/wp-1638980604630-1-scaled-e1638981131128.jpg?fit=1600%2C1200&ssl=1","contentUrl":"https:\/\/i0.wp.com\/lacaveetlebistrot.com\/wp-content\/uploads\/2021\/12\/wp-1638980604630-1-scaled-e1638981131128.jpg?fit=1600%2C1200&ssl=1","width":1600,"height":1200,"caption":"Notre s\u00e9lection en Provence et Corse"},{"@type":"BreadcrumbList","@id":"https:\/\/lacaveetlebistrot.com\/index.php\/provence-corse\/#breadcrumb","itemListElement":[{"@type":"ListItem","position":1,"name":"Accueil","item":"https:\/\/lacaveetlebistrot.com\/"},{"@type":"ListItem","position":2,"name":"Provence Corse"}]},{"@type":"WebSite","@id":"https:\/\/lacaveetlebistrot.com\/#website","url":"https:\/\/lacaveetlebistrot.com\/","name":"La Cave et le Bistrot","description":"La cave \u00e0 vin du centre ville d&#039;Aubagne","publisher":{"@id":"https:\/\/lacaveetlebistrot.com\/#organization"},"potentialAction":[{"@type":"SearchAction","target":{"@type":"EntryPoint","urlTemplate":"https:\/\/lacaveetlebistrot.com\/?s={search_term_string}"},"query-input":{"@type":"PropertyValueSpecification","valueRequired":true,"valueName":"search_term_string"}}],"inLanguage":"fr-FR"},{"@type":"Organization","@id":"https:\/\/lacaveetlebistrot.com\/#organization","name":"La Cave et le Bistrot","alternateName":"Cave \u00e0 vin Aubagne","url":"https:\/\/lacaveetlebistrot.com\/","logo":{"@type":"ImageObject","inLanguage":"fr-FR","@id":"https:\/\/lacaveetlebistrot.com\/#\/schema\/logo\/image\/","url":"https:\/\/i0.wp.com\/lacaveetlebistrot.com\/wp-content\/uploads\/2021\/12\/Logo-carre-e1642772598302.png?fit=548%2C572&ssl=1","contentUrl":"https:\/\/i0.wp.com\/lacaveetlebistrot.com\/wp-content\/uploads\/2021\/12\/Logo-carre-e1642772598302.png?fit=548%2C572&ssl=1","width":548,"height":572,"caption":"La Cave et le Bistrot"},"image":{"@id":"https:\/\/lacaveetlebistrot.com\/#\/schema\/logo\/image\/"},"sameAs":["https:\/\/www.facebook.com\/LaCaveetLeBistrot"]}]}},"jetpack-related-posts":[],"jetpack_sharing_enabled":true,"_links":{"self":[{"href":"https:\/\/lacaveetlebistrot.com\/index.php\/wp-json\/wp\/v2\/pages\/532","targetHints":{"allow":["GET"]}}],"collection":[{"href":"https:\/\/lacaveetlebistrot.com\/index.php\/wp-json\/wp\/v2\/pages"}],"about":[{"href":"https:\/\/lacaveetlebistrot.com\/index.php\/wp-json\/wp\/v2\/types\/page"}],"author":[{"embeddable":true,"href":"https:\/\/lacaveetlebistrot.com\/index.php\/wp-json\/wp\/v2\/users\/1"}],"replies":[{"embeddable":true,"href":"https:\/\/lacaveetlebistrot.com\/index.php\/wp-json\/wp\/v2\/comments?post=532"}],"version-history":[{"count":27,"href":"https:\/\/lacaveetlebistrot.com\/index.php\/wp-json\/wp\/v2\/pages\/532\/revisions"}],"predecessor-version":[{"id":1588,"href":"https:\/\/lacaveetlebistrot.com\/index.php\/wp-json\/wp\/v2\/pages\/532\/revisions\/1588"}],"wp:attachment":[{"href":"https:\/\/lacaveetlebistrot.com\/index.php\/wp-json\/wp\/v2\/media?parent=532"}],"curies":[{"name":"wp","href":"https:\/\/api.w.org\/{rel}","templated":true}]}}