{"id":521,"date":"2020-01-09T10:38:29","date_gmt":"2020-01-09T09:38:29","guid":{"rendered":"http:\/\/lacaveetlebistrot.com\/?page_id=521"},"modified":"2020-01-13T09:15:07","modified_gmt":"2020-01-13T08:15:07","slug":"la-box-decouverte-passion-biere","status":"publish","type":"page","link":"https:\/\/lacaveetlebistrot.com\/index.php\/la-box-decouverte-passion-biere\/","title":{"rendered":"La Box D\u00e9couverte \/ Passion \/ Bi\u00e8re"},"content":{"rendered":"\n<p class=\"has-text-color has-medium-font-size has-very-dark-gray-color\">Tout au long de l\u2019ann\u00e9e, la Cave et le Bistrot recherche de nouveaux vignerons, de nouveaux talents que l\u2019on souhaite mettre en lumi\u00e8re dans notre cave. Notre objectif premier \u00e9tant de s\u00e9lectionner pour vous, les meilleurs vins au rapport prix\/plaisir imbattable ou les bi\u00e8res de brasseries artisanales et innovantes. <\/p>\n\n\n\n<p class=\"has-text-color has-medium-font-size has-very-dark-gray-color\">C\u2019est lors de nos nombreuses d\u00e9gustations que nos d\u00e9gustateurs aguerris s\u00e9lectionnent les p\u00e9pites qui composeront les Box D\u00e9couverte, Box Passion et Box Bi\u00e8re. Tous ces vins, toutes ces bi\u00e8res, vous seront propos\u00e9s pour les \u00e9motions qu\u2019ils nous auront occasionn\u00e9s.<\/p>\n\n\n\n<p class=\"has-text-color has-medium-font-size has-very-dark-gray-color\">Tous les mois, notre caviste Thierry, s\u00e9lectionne pour vous, deux bouteilles de vin ou trois bi\u00e8res, qui accompagneront vos d\u00e9gustations ou qui vous serviront \u00e0 commencer une cave \u00e0 vin digne de ce nom. Que ce soit pour d\u00e9couvrir l\u2019originalit\u00e9 de vignerons de talent dans la Box D\u00e9couverte, de d\u00e9couvrir les beaux flacons d\u2019appellations plus connues dans la Box Passion ou voyager gr\u00e2ce \u00e0 nos bi\u00e8res de caract\u00e8re, notre offre saura vous satisfaire. <\/p>\n\n\n\n<p><\/p>\n\n\n\n<p style=\"color:#9e8079\" class=\"has-text-color\">&#8211;<\/p>\n\n\n\n<div class=\"wp-block-group\"><div class=\"wp-block-group__inner-container is-layout-flow wp-block-group-is-layout-flow\">\n<div class=\"wp-block-columns is-layout-flex wp-container-core-columns-is-layout-9d6595d7 wp-block-columns-is-layout-flex\">\n<div class=\"wp-block-column is-layout-flow wp-block-column-is-layout-flow\">\n<h3 class=\"has-very-dark-gray-color has-text-color has-text-align-center wp-block-heading\"><strong>Box D\u00e9couverte<\/strong><\/h3>\n\n\n\n<p class=\"has-text-color has-text-align-center has-very-light-gray-color\"> <a href=\"https:\/\/lacaveetlebistrot.com\/index.php\/la-box-decouverte-2\/\">En savoir plus<\/a> <\/p>\n\n\n\n<div class=\"wp-block-image\"><figure class=\"aligncenter size-large\"><a href=\"https:\/\/lacaveetlebistrot.com\/index.php\/la-box-decouverte-2\/\"><img data-recalc-dims=\"1\" loading=\"lazy\" decoding=\"async\" width=\"280\" height=\"360\" src=\"https:\/\/i0.wp.com\/lacaveetlebistrot.com\/wp-content\/uploads\/2020\/01\/boite-vin-desert.jpg?resize=280%2C360&#038;ssl=1\" alt=\"\" class=\"wp-image-841\" srcset=\"https:\/\/i0.wp.com\/lacaveetlebistrot.com\/wp-content\/uploads\/2020\/01\/boite-vin-desert.jpg?w=280&amp;ssl=1 280w, https:\/\/i0.wp.com\/lacaveetlebistrot.com\/wp-content\/uploads\/2020\/01\/boite-vin-desert.jpg?resize=233%2C300&amp;ssl=1 233w, https:\/\/i0.wp.com\/lacaveetlebistrot.com\/wp-content\/uploads\/2020\/01\/boite-vin-desert.jpg?resize=156%2C200&amp;ssl=1 156w\" sizes=\"auto, (max-width: 280px) 100vw, 280px\" \/><\/a><\/figure><\/div>\n\n\n\n<p class=\"has-text-color has-text-align-center has-medium-font-size has-very-dark-gray-color\"> 20 \u20ac pour 2 bouteilles de vin \/ mois<br>Abonnement 3 &#8211; 6 ou 12 mois <\/p>\n\n\n\n<p style=\"color:#9e8079\" class=\"has-text-color\">&#8211;<\/p>\n<\/div>\n\n\n\n<div class=\"wp-block-column is-layout-flow wp-block-column-is-layout-flow\">\n<h3 class=\"has-very-dark-gray-color has-text-color has-text-align-center wp-block-heading\"><strong>Box Passion<\/strong><\/h3>\n\n\n\n<p class=\"has-text-color has-text-align-center has-very-light-gray-color\"> <a href=\"https:\/\/lacaveetlebistrot.com\/index.php\/la-box-passion\/\">En savoir plus<\/a> <\/p>\n\n\n\n<div class=\"wp-block-image\"><figure class=\"aligncenter size-large\"><a href=\"https:\/\/lacaveetlebistrot.com\/index.php\/la-box-passion\/\"><img data-recalc-dims=\"1\" loading=\"lazy\" decoding=\"async\" width=\"280\" height=\"360\" src=\"https:\/\/i0.wp.com\/lacaveetlebistrot.com\/wp-content\/uploads\/2020\/01\/boite-vin-noire.jpg?resize=280%2C360&#038;ssl=1\" alt=\"\" class=\"wp-image-842\" srcset=\"https:\/\/i0.wp.com\/lacaveetlebistrot.com\/wp-content\/uploads\/2020\/01\/boite-vin-noire.jpg?w=280&amp;ssl=1 280w, https:\/\/i0.wp.com\/lacaveetlebistrot.com\/wp-content\/uploads\/2020\/01\/boite-vin-noire.jpg?resize=233%2C300&amp;ssl=1 233w, https:\/\/i0.wp.com\/lacaveetlebistrot.com\/wp-content\/uploads\/2020\/01\/boite-vin-noire.jpg?resize=156%2C200&amp;ssl=1 156w\" sizes=\"auto, (max-width: 280px) 100vw, 280px\" \/><\/a><\/figure><\/div>\n\n\n\n<p class=\"has-text-color has-text-align-center has-medium-font-size has-very-dark-gray-color\"> 39 \u20ac pour 2 bouteilles de vin \/ mois<br>Abonnement 3 &#8211; 6 ou 12 mois <\/p>\n\n\n\n<p style=\"color:#9e8079\" class=\"has-text-color\">&#8211;<\/p>\n<\/div>\n\n\n\n<div class=\"wp-block-column is-layout-flow wp-block-column-is-layout-flow\">\n<h3 class=\"has-very-dark-gray-color has-text-color has-text-align-center wp-block-heading\"><strong>Box Bi\u00e8re<\/strong><\/h3>\n\n\n\n<p class=\"has-text-color has-text-align-center has-very-light-gray-color\"> <a href=\"https:\/\/lacaveetlebistrot.com\/index.php\/la-box-biere\/\">En savoir plus<\/a> <\/p>\n\n\n\n<div class=\"wp-block-image\"><figure class=\"aligncenter size-large\"><a href=\"https:\/\/lacaveetlebistrot.com\/index.php\/la-box-biere\/\"><img data-recalc-dims=\"1\" loading=\"lazy\" decoding=\"async\" width=\"280\" height=\"360\" src=\"https:\/\/i0.wp.com\/lacaveetlebistrot.com\/wp-content\/uploads\/2020\/01\/boite-3bieres.jpg?resize=280%2C360&#038;ssl=1\" alt=\"\" class=\"wp-image-843\" srcset=\"https:\/\/i0.wp.com\/lacaveetlebistrot.com\/wp-content\/uploads\/2020\/01\/boite-3bieres.jpg?w=280&amp;ssl=1 280w, https:\/\/i0.wp.com\/lacaveetlebistrot.com\/wp-content\/uploads\/2020\/01\/boite-3bieres.jpg?resize=233%2C300&amp;ssl=1 233w, https:\/\/i0.wp.com\/lacaveetlebistrot.com\/wp-content\/uploads\/2020\/01\/boite-3bieres.jpg?resize=156%2C200&amp;ssl=1 156w\" sizes=\"auto, (max-width: 280px) 100vw, 280px\" \/><\/a><\/figure><\/div>\n\n\n\n<p class=\"has-text-color has-text-align-center has-medium-font-size has-very-dark-gray-color\"> 22 \u20ac pour 3&#215;2 bi\u00e8res 33cl \/ mois<br>Abonnement 3 &#8211; 6 ou 12 mois <\/p>\n\n\n\n<p style=\"color:#9e8079\" class=\"has-text-color\">&#8211;<\/p>\n<\/div>\n<\/div>\n<\/div><\/div>\n\n\n\n<p><\/p>\n\n\n\n<p style=\"color:#9e8079\" class=\"has-text-color\">&#8211;<\/p>\n\n\n\n<div class=\"wp-block-columns is-layout-flex wp-container-core-columns-is-layout-9d6595d7 wp-block-columns-is-layout-flex\">\n<div class=\"wp-block-column is-layout-flow wp-block-column-is-layout-flow\" style=\"flex-basis:66.66%\">\n<div class=\"wp-block-image\"><figure class=\"alignright size-large is-resized\"><a href=\"https:\/\/lacaveetlebistrot.com\/index.php\/la-box-sur-mesure\/\"><img data-recalc-dims=\"1\" loading=\"lazy\" decoding=\"async\" src=\"https:\/\/i0.wp.com\/lacaveetlebistrot.com\/wp-content\/uploads\/2020\/01\/boite-2-bouteilles-micro-cannelure-par-10-18-x-9-x-41-cm_31-1.jpg?resize=319%2C247&#038;ssl=1\" alt=\"\" class=\"wp-image-913\" width=\"319\" height=\"247\" srcset=\"https:\/\/i0.wp.com\/lacaveetlebistrot.com\/wp-content\/uploads\/2020\/01\/boite-2-bouteilles-micro-cannelure-par-10-18-x-9-x-41-cm_31-1.jpg?w=360&amp;ssl=1 360w, https:\/\/i0.wp.com\/lacaveetlebistrot.com\/wp-content\/uploads\/2020\/01\/boite-2-bouteilles-micro-cannelure-par-10-18-x-9-x-41-cm_31-1.jpg?resize=300%2C233&amp;ssl=1 300w, https:\/\/i0.wp.com\/lacaveetlebistrot.com\/wp-content\/uploads\/2020\/01\/boite-2-bouteilles-micro-cannelure-par-10-18-x-9-x-41-cm_31-1.jpg?resize=200%2C156&amp;ssl=1 200w\" sizes=\"auto, (max-width: 319px) 100vw, 319px\" \/><\/a><\/figure><\/div>\n<\/div>\n\n\n\n<div class=\"wp-block-column is-layout-flow wp-block-column-is-layout-flow\" style=\"flex-basis:33.33%\">\n<h3 class=\"has-very-dark-gray-color has-text-color has-text-align-left wp-block-heading\"><strong>La box <br>sur mesure<\/strong><\/h3>\n\n\n\n<p class=\"has-text-color has-very-light-gray-color\"><a href=\"https:\/\/lacaveetlebistrot.com\/index.php\/la-box-sur-mesure\/\">En savoir plus<\/a><\/p>\n\n\n\n<p class=\"has-text-color has-text-align-left has-medium-font-size has-very-dark-gray-color\">Vous definissez <strong>vos envies<\/strong> et <strong>votre budget<\/strong>, on se charge de vous faire plaisir tous les mois<\/p>\n<\/div>\n<\/div>\n\n\n\n<p><\/p>\n\n\n\n<p style=\"color:#9e8079\" class=\"has-text-color\">&#8211;<\/p>\n\n\n\n<p class=\"has-text-color has-text-align-center has-medium-font-size has-very-dark-gray-color\"><strong>pensez a vous abonnez \u00e0 notre page Facebook pour d\u00e9couvrir le d\u00e9tail de chaque Box.<\/strong><\/p>\n\n\n\n<h3 class=\"has-vivid-cyan-blue-color has-text-color has-text-align-center wp-block-heading\"><a href=\"https:\/\/www.facebook.com\/LaCaveetLeBistrot\/?ref=bookmarks\"><strong>https:\/\/www.facebook.com\/LaCaveetLeBistrot\/<\/strong><\/a><\/h3>\n\n\n\n<div class=\"wpforms-container wpforms-container-full\" id=\"wpforms-85\"><form id=\"wpforms-form-85\" class=\"wpforms-validate wpforms-form\" data-formid=\"85\" method=\"post\" enctype=\"multipart\/form-data\" action=\"\/index.php\/wp-json\/wp\/v2\/pages\/521\" data-token=\"7e76ce0f2786528b04135a0ba012f59a\" data-token-time=\"1777724165\"><noscript class=\"wpforms-error-noscript\">Veuillez activer JavaScript dans votre navigateur pour remplir ce formulaire.<\/noscript><div class=\"wpforms-field-container\"><div id=\"wpforms-85-field_0-container\" class=\"wpforms-field wpforms-field-name\" data-field-id=\"0\"><label class=\"wpforms-field-label\">Nom <span class=\"wpforms-required-label\">*<\/span><\/label><div class=\"wpforms-field-row wpforms-field-medium\"><div class=\"wpforms-field-row-block wpforms-first wpforms-one-half\"><input type=\"text\" id=\"wpforms-85-field_0\" class=\"wpforms-field-name-first wpforms-field-required\" name=\"wpforms[fields][0][first]\" required><label for=\"wpforms-85-field_0\" class=\"wpforms-field-sublabel after\">Pr\u00e9nom<\/label><\/div><div class=\"wpforms-field-row-block wpforms-one-half\"><input type=\"text\" id=\"wpforms-85-field_0-last\" class=\"wpforms-field-name-last wpforms-field-required\" name=\"wpforms[fields][0][last]\" required><label for=\"wpforms-85-field_0-last\" class=\"wpforms-field-sublabel after\">Nom<\/label><\/div><\/div><\/div><div id=\"wpforms-85-field_1-container\" class=\"wpforms-field wpforms-field-email\" data-field-id=\"1\"><label class=\"wpforms-field-label\" for=\"wpforms-85-field_1\">E-mail <span class=\"wpforms-required-label\">*<\/span><\/label><input type=\"email\" id=\"wpforms-85-field_1\" class=\"wpforms-field-medium wpforms-field-required\" name=\"wpforms[fields][1]\" spellcheck=\"false\" required><\/div><div id=\"wpforms-85-field_2-container\" class=\"wpforms-field wpforms-field-textarea\" data-field-id=\"2\"><label class=\"wpforms-field-label\" for=\"wpforms-85-field_2\">Commentaire ou message <span class=\"wpforms-required-label\">*<\/span><\/label><textarea id=\"wpforms-85-field_2\" class=\"wpforms-field-medium wpforms-field-required\" name=\"wpforms[fields][2]\" required><\/textarea><\/div><\/div><!-- .wpforms-field-container --><div class=\"wpforms-field wpforms-field-hp\"><label for=\"wpforms-85-field-hp\" class=\"wpforms-field-label\">Phone<\/label><input type=\"text\" name=\"wpforms[hp]\" id=\"wpforms-85-field-hp\" class=\"wpforms-field-medium\"><\/div><div class=\"wpforms-submit-container\" ><input type=\"hidden\" name=\"wpforms[id]\" value=\"85\"><input type=\"hidden\" name=\"page_title\" value=\"\"><input type=\"hidden\" name=\"page_url\" value=\"https:\/\/lacaveetlebistrot.com\/index.php\/wp-json\/wp\/v2\/pages\/521\"><input type=\"hidden\" name=\"url_referer\" value=\"\"><button type=\"submit\" name=\"wpforms[submit]\" id=\"wpforms-submit-85\" class=\"wpforms-submit\" data-alt-text=\"Envoi...\" data-submit-text=\"Envoyer\" aria-live=\"assertive\" value=\"wpforms-submit\">Envoyer<\/button><\/div><\/form><\/div>  <!-- .wpforms-container -->\n","protected":false},"excerpt":{"rendered":"<p>Tout au long de l\u2019ann\u00e9e, la Cave et le Bistrot recherche de nouveaux vignerons, de nouveaux talents que l\u2019on souhaite mettre en lumi\u00e8re dans notre cave. Notre objectif premier \u00e9tant de s\u00e9lectionner pour vous, les meilleurs vins au rapport prix\/plaisir imbattable ou les bi\u00e8res de brasseries artisanales et innovantes. C\u2019est lors de nos nombreuses d\u00e9gustations&hellip; <br \/> <a class=\"read-more\" href=\"https:\/\/lacaveetlebistrot.com\/index.php\/la-box-decouverte-passion-biere\/\">Lire la suite<\/a><\/p>\n","protected":false},"author":1,"featured_media":0,"parent":0,"menu_order":0,"comment_status":"closed","ping_status":"closed","template":"","meta":{"footnotes":""},"class_list":["post-521","page","type-page","status-publish","hentry"],"yoast_head":"<!-- This site is optimized with the Yoast SEO plugin v26.3 - https:\/\/yoast.com\/wordpress\/plugins\/seo\/ -->\n<title>La Box D\u00e9couverte \/ Passion \/ Bi\u00e8re - La Cave et le Bistrot<\/title>\n<meta name=\"robots\" content=\"index, follow, max-snippet:-1, max-image-preview:large, max-video-preview:-1\" \/>\n<link rel=\"canonical\" href=\"https:\/\/lacaveetlebistrot.com\/index.php\/la-box-decouverte-passion-biere\/\" \/>\n<meta property=\"og:locale\" content=\"fr_FR\" \/>\n<meta property=\"og:type\" content=\"article\" \/>\n<meta property=\"og:title\" content=\"La Box D\u00e9couverte \/ Passion \/ Bi\u00e8re - La Cave et le Bistrot\" \/>\n<meta property=\"og:description\" content=\"Tout au long de l\u2019ann\u00e9e, la Cave et le Bistrot recherche de nouveaux vignerons, de nouveaux talents que l\u2019on souhaite mettre en lumi\u00e8re dans notre cave. Notre objectif premier \u00e9tant de s\u00e9lectionner pour vous, les meilleurs vins au rapport prix\/plaisir imbattable ou les bi\u00e8res de brasseries artisanales et innovantes. C\u2019est lors de nos nombreuses d\u00e9gustations&hellip; Lire la suite\" \/>\n<meta property=\"og:url\" content=\"https:\/\/lacaveetlebistrot.com\/index.php\/la-box-decouverte-passion-biere\/\" \/>\n<meta property=\"og:site_name\" content=\"La Cave et le Bistrot\" \/>\n<meta property=\"article:publisher\" content=\"https:\/\/www.facebook.com\/LaCaveetLeBistrot\" \/>\n<meta property=\"article:modified_time\" content=\"2020-01-13T08:15:07+00:00\" \/>\n<meta property=\"og:image\" content=\"http:\/\/lacaveetlebistrot.com\/wp-content\/uploads\/2020\/01\/boite-vin-desert.jpg\" \/>\n<meta name=\"twitter:card\" content=\"summary_large_image\" \/>\n<meta name=\"twitter:label1\" content=\"Dur\u00e9e de lecture estim\u00e9e\" \/>\n\t<meta name=\"twitter:data1\" content=\"1 minute\" \/>\n<script type=\"application\/ld+json\" class=\"yoast-schema-graph\">{\"@context\":\"https:\/\/schema.org\",\"@graph\":[{\"@type\":\"WebPage\",\"@id\":\"https:\/\/lacaveetlebistrot.com\/index.php\/la-box-decouverte-passion-biere\/\",\"url\":\"https:\/\/lacaveetlebistrot.com\/index.php\/la-box-decouverte-passion-biere\/\",\"name\":\"La Box D\u00e9couverte \/ Passion \/ Bi\u00e8re - La Cave et le Bistrot\",\"isPartOf\":{\"@id\":\"https:\/\/lacaveetlebistrot.com\/#website\"},\"primaryImageOfPage\":{\"@id\":\"https:\/\/lacaveetlebistrot.com\/index.php\/la-box-decouverte-passion-biere\/#primaryimage\"},\"image\":{\"@id\":\"https:\/\/lacaveetlebistrot.com\/index.php\/la-box-decouverte-passion-biere\/#primaryimage\"},\"thumbnailUrl\":\"http:\/\/lacaveetlebistrot.com\/wp-content\/uploads\/2020\/01\/boite-vin-desert.jpg\",\"datePublished\":\"2020-01-09T09:38:29+00:00\",\"dateModified\":\"2020-01-13T08:15:07+00:00\",\"breadcrumb\":{\"@id\":\"https:\/\/lacaveetlebistrot.com\/index.php\/la-box-decouverte-passion-biere\/#breadcrumb\"},\"inLanguage\":\"fr-FR\",\"potentialAction\":[{\"@type\":\"ReadAction\",\"target\":[\"https:\/\/lacaveetlebistrot.com\/index.php\/la-box-decouverte-passion-biere\/\"]}]},{\"@type\":\"ImageObject\",\"inLanguage\":\"fr-FR\",\"@id\":\"https:\/\/lacaveetlebistrot.com\/index.php\/la-box-decouverte-passion-biere\/#primaryimage\",\"url\":\"http:\/\/lacaveetlebistrot.com\/wp-content\/uploads\/2020\/01\/boite-vin-desert.jpg\",\"contentUrl\":\"http:\/\/lacaveetlebistrot.com\/wp-content\/uploads\/2020\/01\/boite-vin-desert.jpg\"},{\"@type\":\"BreadcrumbList\",\"@id\":\"https:\/\/lacaveetlebistrot.com\/index.php\/la-box-decouverte-passion-biere\/#breadcrumb\",\"itemListElement\":[{\"@type\":\"ListItem\",\"position\":1,\"name\":\"Accueil\",\"item\":\"https:\/\/lacaveetlebistrot.com\/\"},{\"@type\":\"ListItem\",\"position\":2,\"name\":\"La Box D\u00e9couverte \/ Passion \/ Bi\u00e8re\"}]},{\"@type\":\"WebSite\",\"@id\":\"https:\/\/lacaveetlebistrot.com\/#website\",\"url\":\"https:\/\/lacaveetlebistrot.com\/\",\"name\":\"La Cave et le Bistrot\",\"description\":\"La cave \u00e0 vin du centre ville d&#039;Aubagne\",\"publisher\":{\"@id\":\"https:\/\/lacaveetlebistrot.com\/#organization\"},\"potentialAction\":[{\"@type\":\"SearchAction\",\"target\":{\"@type\":\"EntryPoint\",\"urlTemplate\":\"https:\/\/lacaveetlebistrot.com\/?s={search_term_string}\"},\"query-input\":{\"@type\":\"PropertyValueSpecification\",\"valueRequired\":true,\"valueName\":\"search_term_string\"}}],\"inLanguage\":\"fr-FR\"},{\"@type\":\"Organization\",\"@id\":\"https:\/\/lacaveetlebistrot.com\/#organization\",\"name\":\"La Cave et le Bistrot\",\"alternateName\":\"Cave \u00e0 vin Aubagne\",\"url\":\"https:\/\/lacaveetlebistrot.com\/\",\"logo\":{\"@type\":\"ImageObject\",\"inLanguage\":\"fr-FR\",\"@id\":\"https:\/\/lacaveetlebistrot.com\/#\/schema\/logo\/image\/\",\"url\":\"https:\/\/i0.wp.com\/lacaveetlebistrot.com\/wp-content\/uploads\/2021\/12\/Logo-carre-e1642772598302.png?fit=548%2C572&ssl=1\",\"contentUrl\":\"https:\/\/i0.wp.com\/lacaveetlebistrot.com\/wp-content\/uploads\/2021\/12\/Logo-carre-e1642772598302.png?fit=548%2C572&ssl=1\",\"width\":548,\"height\":572,\"caption\":\"La Cave et le Bistrot\"},\"image\":{\"@id\":\"https:\/\/lacaveetlebistrot.com\/#\/schema\/logo\/image\/\"},\"sameAs\":[\"https:\/\/www.facebook.com\/LaCaveetLeBistrot\"]}]}<\/script>\n<!-- \/ Yoast SEO plugin. -->","yoast_head_json":{"title":"La Box D\u00e9couverte \/ Passion \/ Bi\u00e8re - La Cave et le Bistrot","robots":{"index":"index","follow":"follow","max-snippet":"max-snippet:-1","max-image-preview":"max-image-preview:large","max-video-preview":"max-video-preview:-1"},"canonical":"https:\/\/lacaveetlebistrot.com\/index.php\/la-box-decouverte-passion-biere\/","og_locale":"fr_FR","og_type":"article","og_title":"La Box D\u00e9couverte \/ Passion \/ Bi\u00e8re - La Cave et le Bistrot","og_description":"Tout au long de l\u2019ann\u00e9e, la Cave et le Bistrot recherche de nouveaux vignerons, de nouveaux talents que l\u2019on souhaite mettre en lumi\u00e8re dans notre cave. Notre objectif premier \u00e9tant de s\u00e9lectionner pour vous, les meilleurs vins au rapport prix\/plaisir imbattable ou les bi\u00e8res de brasseries artisanales et innovantes. C\u2019est lors de nos nombreuses d\u00e9gustations&hellip; Lire la suite","og_url":"https:\/\/lacaveetlebistrot.com\/index.php\/la-box-decouverte-passion-biere\/","og_site_name":"La Cave et le Bistrot","article_publisher":"https:\/\/www.facebook.com\/LaCaveetLeBistrot","article_modified_time":"2020-01-13T08:15:07+00:00","og_image":[{"url":"http:\/\/lacaveetlebistrot.com\/wp-content\/uploads\/2020\/01\/boite-vin-desert.jpg","type":"","width":"","height":""}],"twitter_card":"summary_large_image","twitter_misc":{"Dur\u00e9e de lecture estim\u00e9e":"1 minute"},"schema":{"@context":"https:\/\/schema.org","@graph":[{"@type":"WebPage","@id":"https:\/\/lacaveetlebistrot.com\/index.php\/la-box-decouverte-passion-biere\/","url":"https:\/\/lacaveetlebistrot.com\/index.php\/la-box-decouverte-passion-biere\/","name":"La Box D\u00e9couverte \/ Passion \/ Bi\u00e8re - La Cave et le Bistrot","isPartOf":{"@id":"https:\/\/lacaveetlebistrot.com\/#website"},"primaryImageOfPage":{"@id":"https:\/\/lacaveetlebistrot.com\/index.php\/la-box-decouverte-passion-biere\/#primaryimage"},"image":{"@id":"https:\/\/lacaveetlebistrot.com\/index.php\/la-box-decouverte-passion-biere\/#primaryimage"},"thumbnailUrl":"http:\/\/lacaveetlebistrot.com\/wp-content\/uploads\/2020\/01\/boite-vin-desert.jpg","datePublished":"2020-01-09T09:38:29+00:00","dateModified":"2020-01-13T08:15:07+00:00","breadcrumb":{"@id":"https:\/\/lacaveetlebistrot.com\/index.php\/la-box-decouverte-passion-biere\/#breadcrumb"},"inLanguage":"fr-FR","potentialAction":[{"@type":"ReadAction","target":["https:\/\/lacaveetlebistrot.com\/index.php\/la-box-decouverte-passion-biere\/"]}]},{"@type":"ImageObject","inLanguage":"fr-FR","@id":"https:\/\/lacaveetlebistrot.com\/index.php\/la-box-decouverte-passion-biere\/#primaryimage","url":"http:\/\/lacaveetlebistrot.com\/wp-content\/uploads\/2020\/01\/boite-vin-desert.jpg","contentUrl":"http:\/\/lacaveetlebistrot.com\/wp-content\/uploads\/2020\/01\/boite-vin-desert.jpg"},{"@type":"BreadcrumbList","@id":"https:\/\/lacaveetlebistrot.com\/index.php\/la-box-decouverte-passion-biere\/#breadcrumb","itemListElement":[{"@type":"ListItem","position":1,"name":"Accueil","item":"https:\/\/lacaveetlebistrot.com\/"},{"@type":"ListItem","position":2,"name":"La Box D\u00e9couverte \/ Passion \/ Bi\u00e8re"}]},{"@type":"WebSite","@id":"https:\/\/lacaveetlebistrot.com\/#website","url":"https:\/\/lacaveetlebistrot.com\/","name":"La Cave et le Bistrot","description":"La cave \u00e0 vin du centre ville d&#039;Aubagne","publisher":{"@id":"https:\/\/lacaveetlebistrot.com\/#organization"},"potentialAction":[{"@type":"SearchAction","target":{"@type":"EntryPoint","urlTemplate":"https:\/\/lacaveetlebistrot.com\/?s={search_term_string}"},"query-input":{"@type":"PropertyValueSpecification","valueRequired":true,"valueName":"search_term_string"}}],"inLanguage":"fr-FR"},{"@type":"Organization","@id":"https:\/\/lacaveetlebistrot.com\/#organization","name":"La Cave et le Bistrot","alternateName":"Cave \u00e0 vin Aubagne","url":"https:\/\/lacaveetlebistrot.com\/","logo":{"@type":"ImageObject","inLanguage":"fr-FR","@id":"https:\/\/lacaveetlebistrot.com\/#\/schema\/logo\/image\/","url":"https:\/\/i0.wp.com\/lacaveetlebistrot.com\/wp-content\/uploads\/2021\/12\/Logo-carre-e1642772598302.png?fit=548%2C572&ssl=1","contentUrl":"https:\/\/i0.wp.com\/lacaveetlebistrot.com\/wp-content\/uploads\/2021\/12\/Logo-carre-e1642772598302.png?fit=548%2C572&ssl=1","width":548,"height":572,"caption":"La Cave et le Bistrot"},"image":{"@id":"https:\/\/lacaveetlebistrot.com\/#\/schema\/logo\/image\/"},"sameAs":["https:\/\/www.facebook.com\/LaCaveetLeBistrot"]}]}},"jetpack-related-posts":[],"jetpack_sharing_enabled":true,"_links":{"self":[{"href":"https:\/\/lacaveetlebistrot.com\/index.php\/wp-json\/wp\/v2\/pages\/521","targetHints":{"allow":["GET"]}}],"collection":[{"href":"https:\/\/lacaveetlebistrot.com\/index.php\/wp-json\/wp\/v2\/pages"}],"about":[{"href":"https:\/\/lacaveetlebistrot.com\/index.php\/wp-json\/wp\/v2\/types\/page"}],"author":[{"embeddable":true,"href":"https:\/\/lacaveetlebistrot.com\/index.php\/wp-json\/wp\/v2\/users\/1"}],"replies":[{"embeddable":true,"href":"https:\/\/lacaveetlebistrot.com\/index.php\/wp-json\/wp\/v2\/comments?post=521"}],"version-history":[{"count":110,"href":"https:\/\/lacaveetlebistrot.com\/index.php\/wp-json\/wp\/v2\/pages\/521\/revisions"}],"predecessor-version":[{"id":1191,"href":"https:\/\/lacaveetlebistrot.com\/index.php\/wp-json\/wp\/v2\/pages\/521\/revisions\/1191"}],"wp:attachment":[{"href":"https:\/\/lacaveetlebistrot.com\/index.php\/wp-json\/wp\/v2\/media?parent=521"}],"curies":[{"name":"wp","href":"https:\/\/api.w.org\/{rel}","templated":true}]}}