{"id":353,"date":"2020-01-08T02:08:45","date_gmt":"2020-01-08T01:08:45","guid":{"rendered":"http:\/\/lacaveetlebistrot.com\/?page_id=353"},"modified":"2020-01-15T13:10:29","modified_gmt":"2020-01-15T12:10:29","slug":"idees-cadeaux","status":"publish","type":"page","link":"https:\/\/lacaveetlebistrot.com\/index.php\/idees-cadeaux\/","title":{"rendered":"Id\u00e9es cadeaux"},"content":{"rendered":"\n<h2 class=\"has-very-dark-gray-color has-text-color has-text-align-center wp-block-heading\"><strong>La Cave et le Bistrot vous propose des coffrets cadeaux pour toutes les occasions mais aussi des bons cadeaux pour les Soir\u00e9e&rsquo;Oeno <\/strong><\/h2>\n\n\n\n<p class=\"has-text-color has-medium-font-size has-very-dark-gray-color\">Sous forme de<strong> coffrets garnis<\/strong> avec :<strong> <\/strong><\/p>\n\n\n\n<p class=\"has-text-color has-medium-font-size has-very-dark-gray-color\">&#8211; Les vins, champagnes et spiritueux que nous vendons<br>&#8211; Les produits authentiques de notre partie \u00e9picerie fine.<\/p>\n\n\n\n<p class=\"has-text-color has-medium-font-size has-very-dark-gray-color\">Nous voulons mettre en avant dans ces cadeaux, le savoir-faire des vignerons ou distilleries qui nous ont procur\u00e9s une \u00e9motion lors des d\u00e9gustations. Pour la partie \u00e9picerie fine, l\u00e0 aussi nous voulons vous faire d\u00e9couvrir les produits de grande qualit\u00e9, de fabrication artisanale et respectueuse que nous avons s\u00e9lectionn\u00e9s.<\/p>\n\n\n\n<p class=\"has-text-color has-medium-font-size has-very-dark-gray-color\">Vous pouvez choisir d\u2019opter pour <strong>nos formules<\/strong> qui sont propos\u00e9es en fonction des saisons ou vous orienter vers une <strong>version personnalis\u00e9e<\/strong>. <\/p>\n\n\n\n<p class=\"has-text-color has-medium-font-size has-very-dark-gray-color\">Un cadeau qui marque et qui touche &#8211; un cadeau qui atteint son but \u2013 est un cadeau qui porte une signature&nbsp;: sa personnalisation fait la diff\u00e9rence. Vous pouvez inclure dans votre coffret une carte message nominative que vous pourrez nous fournir ou que l\u2019on pourra r\u00e9aliser dans un cadre professionnel avec le logo de l\u2019entreprise. <\/p>\n\n\n\n<p class=\"has-text-color has-medium-font-size has-very-dark-gray-color\">Vous pouvez \u00e9galement inclure dans le coffret, une invitation pour une de nos <strong>Soir\u00e9e&rsquo;Oeno <\/strong>qui se fera au sein de la cave \u00e0 vin, voir m\u00eame un <strong>bon cadeau<\/strong> pour un repas dans notre restaurant. <\/p>\n\n\n\n<p><\/p>\n\n\n\n<p style=\"color:#9e8079\" class=\"has-text-color\">&#8211;<\/p>\n\n\n\n<p class=\"has-text-color has-medium-font-size has-very-dark-gray-color\">Pour Offrir une soir\u00e9e d\u00e9gustation de vin \u00e0 vos collaborateurs, vos amis ou pour tout autre \u00e9v\u00e9nement, vous pouvez vous diriger vers notre page <strong>Soir\u00e9e&rsquo;Oeno  <a rel=\"noreferrer noopener\" aria-label=\" (s\u2019ouvre dans un nouvel onglet)\" href=\"https:\/\/lacaveetlebistrot.com\/index.php\/les-soireeoeno\/\" target=\"_blank\">https:\/\/lacaveetlebistrot.com\/index.php\/les-soireeoeno\/<\/a> <\/strong>nous vous proposerons un devis personnalis\u00e9 en fonction du nombre de personnes qui y participeront.<\/p>\n\n\n\n<p><\/p>\n\n\n\n<p class=\"has-text-color has-medium-font-size has-very-dark-gray-color\">Que ce soit pour nos offres du moment ou un cadeau personnalis\u00e9, contactez-nous.<\/p>\n\n\n\n<p class=\"has-text-align-center\"> <div class=\"wpforms-container wpforms-container-full\" id=\"wpforms-85\"><form id=\"wpforms-form-85\" class=\"wpforms-validate wpforms-form\" data-formid=\"85\" method=\"post\" enctype=\"multipart\/form-data\" action=\"\/index.php\/wp-json\/wp\/v2\/pages\/353\" data-token=\"3502184f99a2956cbf7bb8b68bcb5acc\" data-token-time=\"1777038050\"><noscript class=\"wpforms-error-noscript\">Veuillez activer JavaScript dans votre navigateur pour remplir ce formulaire.<\/noscript><div class=\"wpforms-field-container\"><div id=\"wpforms-85-field_0-container\" class=\"wpforms-field wpforms-field-name\" data-field-id=\"0\"><label class=\"wpforms-field-label\">Nom <span class=\"wpforms-required-label\">*<\/span><\/label><div class=\"wpforms-field-row wpforms-field-medium\"><div class=\"wpforms-field-row-block wpforms-first wpforms-one-half\"><input type=\"text\" id=\"wpforms-85-field_0\" class=\"wpforms-field-name-first wpforms-field-required\" name=\"wpforms[fields][0][first]\" required><label for=\"wpforms-85-field_0\" class=\"wpforms-field-sublabel after\">Pr\u00e9nom<\/label><\/div><div class=\"wpforms-field-row-block wpforms-one-half\"><input type=\"text\" id=\"wpforms-85-field_0-last\" class=\"wpforms-field-name-last wpforms-field-required\" name=\"wpforms[fields][0][last]\" required><label for=\"wpforms-85-field_0-last\" class=\"wpforms-field-sublabel after\">Nom<\/label><\/div><\/div><\/div><div id=\"wpforms-85-field_1-container\" class=\"wpforms-field wpforms-field-email\" data-field-id=\"1\"><label class=\"wpforms-field-label\" for=\"wpforms-85-field_1\">E-mail <span class=\"wpforms-required-label\">*<\/span><\/label><input type=\"email\" id=\"wpforms-85-field_1\" class=\"wpforms-field-medium wpforms-field-required\" name=\"wpforms[fields][1]\" spellcheck=\"false\" required><\/div><div id=\"wpforms-85-field_2-container\" class=\"wpforms-field wpforms-field-textarea\" data-field-id=\"2\"><label class=\"wpforms-field-label\" for=\"wpforms-85-field_2\">Commentaire ou message <span class=\"wpforms-required-label\">*<\/span><\/label><textarea id=\"wpforms-85-field_2\" class=\"wpforms-field-medium wpforms-field-required\" name=\"wpforms[fields][2]\" required><\/textarea><\/div><\/div><!-- .wpforms-field-container --><div class=\"wpforms-field wpforms-field-hp\"><label for=\"wpforms-85-field-hp\" class=\"wpforms-field-label\">Website<\/label><input type=\"text\" name=\"wpforms[hp]\" id=\"wpforms-85-field-hp\" class=\"wpforms-field-medium\"><\/div><div class=\"wpforms-submit-container\" ><input type=\"hidden\" name=\"wpforms[id]\" value=\"85\"><input type=\"hidden\" name=\"page_title\" value=\"\"><input type=\"hidden\" name=\"page_url\" value=\"https:\/\/lacaveetlebistrot.com\/index.php\/wp-json\/wp\/v2\/pages\/353\"><input type=\"hidden\" name=\"url_referer\" value=\"\"><button type=\"submit\" name=\"wpforms[submit]\" id=\"wpforms-submit-85\" class=\"wpforms-submit\" data-alt-text=\"Envoi...\" data-submit-text=\"Envoyer\" aria-live=\"assertive\" value=\"wpforms-submit\">Envoyer<\/button><\/div><\/form><\/div>  <!-- .wpforms-container --> <\/p>\n","protected":false},"excerpt":{"rendered":"<p>La Cave et le Bistrot vous propose des coffrets cadeaux pour toutes les occasions mais aussi des bons cadeaux pour les Soir\u00e9e&rsquo;Oeno Sous forme de coffrets garnis avec : &#8211; Les vins, champagnes et spiritueux que nous vendons&#8211; Les produits authentiques de notre partie \u00e9picerie fine. Nous voulons mettre en avant dans ces cadeaux, le&hellip; <br \/> <a class=\"read-more\" href=\"https:\/\/lacaveetlebistrot.com\/index.php\/idees-cadeaux\/\">Lire la suite<\/a><\/p>\n","protected":false},"author":1,"featured_media":0,"parent":0,"menu_order":0,"comment_status":"closed","ping_status":"closed","template":"","meta":{"footnotes":""},"class_list":["post-353","page","type-page","status-publish","hentry"],"yoast_head":"<!-- This site is optimized with the Yoast SEO plugin v26.3 - https:\/\/yoast.com\/wordpress\/plugins\/seo\/ -->\n<title>Id\u00e9es cadeaux - La Cave et le Bistrot<\/title>\n<meta name=\"robots\" content=\"index, follow, max-snippet:-1, max-image-preview:large, max-video-preview:-1\" \/>\n<link rel=\"canonical\" href=\"https:\/\/lacaveetlebistrot.com\/index.php\/idees-cadeaux\/\" \/>\n<meta property=\"og:locale\" content=\"fr_FR\" \/>\n<meta property=\"og:type\" content=\"article\" \/>\n<meta property=\"og:title\" content=\"Id\u00e9es cadeaux - La Cave et le Bistrot\" \/>\n<meta property=\"og:description\" content=\"La Cave et le Bistrot vous propose des coffrets cadeaux pour toutes les occasions mais aussi des bons cadeaux pour les Soir\u00e9e&rsquo;Oeno Sous forme de coffrets garnis avec : &#8211; Les vins, champagnes et spiritueux que nous vendons&#8211; Les produits authentiques de notre partie \u00e9picerie fine. Nous voulons mettre en avant dans ces cadeaux, le&hellip; Lire la suite\" \/>\n<meta property=\"og:url\" content=\"https:\/\/lacaveetlebistrot.com\/index.php\/idees-cadeaux\/\" \/>\n<meta property=\"og:site_name\" content=\"La Cave et le Bistrot\" \/>\n<meta property=\"article:publisher\" content=\"https:\/\/www.facebook.com\/LaCaveetLeBistrot\" \/>\n<meta property=\"article:modified_time\" content=\"2020-01-15T12:10:29+00:00\" \/>\n<meta property=\"og:image\" content=\"https:\/\/i0.wp.com\/lacaveetlebistrot.com\/wp-content\/uploads\/2022\/01\/20220115_145051-02-1-scaled-e1685458865803.jpeg?fit=1200%2C900&ssl=1\" \/>\n\t<meta property=\"og:image:width\" content=\"1200\" \/>\n\t<meta property=\"og:image:height\" content=\"900\" \/>\n\t<meta property=\"og:image:type\" content=\"image\/jpeg\" \/>\n<meta name=\"twitter:card\" content=\"summary_large_image\" \/>\n<meta name=\"twitter:label1\" content=\"Dur\u00e9e de lecture estim\u00e9e\" \/>\n\t<meta name=\"twitter:data1\" content=\"1 minute\" \/>\n<script type=\"application\/ld+json\" class=\"yoast-schema-graph\">{\"@context\":\"https:\/\/schema.org\",\"@graph\":[{\"@type\":\"WebPage\",\"@id\":\"https:\/\/lacaveetlebistrot.com\/index.php\/idees-cadeaux\/\",\"url\":\"https:\/\/lacaveetlebistrot.com\/index.php\/idees-cadeaux\/\",\"name\":\"Id\u00e9es cadeaux - La Cave et le Bistrot\",\"isPartOf\":{\"@id\":\"https:\/\/lacaveetlebistrot.com\/#website\"},\"datePublished\":\"2020-01-08T01:08:45+00:00\",\"dateModified\":\"2020-01-15T12:10:29+00:00\",\"breadcrumb\":{\"@id\":\"https:\/\/lacaveetlebistrot.com\/index.php\/idees-cadeaux\/#breadcrumb\"},\"inLanguage\":\"fr-FR\",\"potentialAction\":[{\"@type\":\"ReadAction\",\"target\":[\"https:\/\/lacaveetlebistrot.com\/index.php\/idees-cadeaux\/\"]}]},{\"@type\":\"BreadcrumbList\",\"@id\":\"https:\/\/lacaveetlebistrot.com\/index.php\/idees-cadeaux\/#breadcrumb\",\"itemListElement\":[{\"@type\":\"ListItem\",\"position\":1,\"name\":\"Accueil\",\"item\":\"https:\/\/lacaveetlebistrot.com\/\"},{\"@type\":\"ListItem\",\"position\":2,\"name\":\"Id\u00e9es cadeaux\"}]},{\"@type\":\"WebSite\",\"@id\":\"https:\/\/lacaveetlebistrot.com\/#website\",\"url\":\"https:\/\/lacaveetlebistrot.com\/\",\"name\":\"La Cave et le Bistrot\",\"description\":\"La cave \u00e0 vin du centre ville d&#039;Aubagne\",\"publisher\":{\"@id\":\"https:\/\/lacaveetlebistrot.com\/#organization\"},\"potentialAction\":[{\"@type\":\"SearchAction\",\"target\":{\"@type\":\"EntryPoint\",\"urlTemplate\":\"https:\/\/lacaveetlebistrot.com\/?s={search_term_string}\"},\"query-input\":{\"@type\":\"PropertyValueSpecification\",\"valueRequired\":true,\"valueName\":\"search_term_string\"}}],\"inLanguage\":\"fr-FR\"},{\"@type\":\"Organization\",\"@id\":\"https:\/\/lacaveetlebistrot.com\/#organization\",\"name\":\"La Cave et le Bistrot\",\"alternateName\":\"Cave \u00e0 vin Aubagne\",\"url\":\"https:\/\/lacaveetlebistrot.com\/\",\"logo\":{\"@type\":\"ImageObject\",\"inLanguage\":\"fr-FR\",\"@id\":\"https:\/\/lacaveetlebistrot.com\/#\/schema\/logo\/image\/\",\"url\":\"https:\/\/i0.wp.com\/lacaveetlebistrot.com\/wp-content\/uploads\/2021\/12\/Logo-carre-e1642772598302.png?fit=548%2C572&ssl=1\",\"contentUrl\":\"https:\/\/i0.wp.com\/lacaveetlebistrot.com\/wp-content\/uploads\/2021\/12\/Logo-carre-e1642772598302.png?fit=548%2C572&ssl=1\",\"width\":548,\"height\":572,\"caption\":\"La Cave et le Bistrot\"},\"image\":{\"@id\":\"https:\/\/lacaveetlebistrot.com\/#\/schema\/logo\/image\/\"},\"sameAs\":[\"https:\/\/www.facebook.com\/LaCaveetLeBistrot\"]}]}<\/script>\n<!-- \/ Yoast SEO plugin. -->","yoast_head_json":{"title":"Id\u00e9es cadeaux - La Cave et le Bistrot","robots":{"index":"index","follow":"follow","max-snippet":"max-snippet:-1","max-image-preview":"max-image-preview:large","max-video-preview":"max-video-preview:-1"},"canonical":"https:\/\/lacaveetlebistrot.com\/index.php\/idees-cadeaux\/","og_locale":"fr_FR","og_type":"article","og_title":"Id\u00e9es cadeaux - La Cave et le Bistrot","og_description":"La Cave et le Bistrot vous propose des coffrets cadeaux pour toutes les occasions mais aussi des bons cadeaux pour les Soir\u00e9e&rsquo;Oeno Sous forme de coffrets garnis avec : &#8211; Les vins, champagnes et spiritueux que nous vendons&#8211; Les produits authentiques de notre partie \u00e9picerie fine. Nous voulons mettre en avant dans ces cadeaux, le&hellip; Lire la suite","og_url":"https:\/\/lacaveetlebistrot.com\/index.php\/idees-cadeaux\/","og_site_name":"La Cave et le Bistrot","article_publisher":"https:\/\/www.facebook.com\/LaCaveetLeBistrot","article_modified_time":"2020-01-15T12:10:29+00:00","og_image":[{"width":1200,"height":900,"url":"https:\/\/i0.wp.com\/lacaveetlebistrot.com\/wp-content\/uploads\/2022\/01\/20220115_145051-02-1-scaled-e1685458865803.jpeg?fit=1200%2C900&ssl=1","type":"image\/jpeg"}],"twitter_card":"summary_large_image","twitter_misc":{"Dur\u00e9e de lecture estim\u00e9e":"1 minute"},"schema":{"@context":"https:\/\/schema.org","@graph":[{"@type":"WebPage","@id":"https:\/\/lacaveetlebistrot.com\/index.php\/idees-cadeaux\/","url":"https:\/\/lacaveetlebistrot.com\/index.php\/idees-cadeaux\/","name":"Id\u00e9es cadeaux - La Cave et le Bistrot","isPartOf":{"@id":"https:\/\/lacaveetlebistrot.com\/#website"},"datePublished":"2020-01-08T01:08:45+00:00","dateModified":"2020-01-15T12:10:29+00:00","breadcrumb":{"@id":"https:\/\/lacaveetlebistrot.com\/index.php\/idees-cadeaux\/#breadcrumb"},"inLanguage":"fr-FR","potentialAction":[{"@type":"ReadAction","target":["https:\/\/lacaveetlebistrot.com\/index.php\/idees-cadeaux\/"]}]},{"@type":"BreadcrumbList","@id":"https:\/\/lacaveetlebistrot.com\/index.php\/idees-cadeaux\/#breadcrumb","itemListElement":[{"@type":"ListItem","position":1,"name":"Accueil","item":"https:\/\/lacaveetlebistrot.com\/"},{"@type":"ListItem","position":2,"name":"Id\u00e9es cadeaux"}]},{"@type":"WebSite","@id":"https:\/\/lacaveetlebistrot.com\/#website","url":"https:\/\/lacaveetlebistrot.com\/","name":"La Cave et le Bistrot","description":"La cave \u00e0 vin du centre ville d&#039;Aubagne","publisher":{"@id":"https:\/\/lacaveetlebistrot.com\/#organization"},"potentialAction":[{"@type":"SearchAction","target":{"@type":"EntryPoint","urlTemplate":"https:\/\/lacaveetlebistrot.com\/?s={search_term_string}"},"query-input":{"@type":"PropertyValueSpecification","valueRequired":true,"valueName":"search_term_string"}}],"inLanguage":"fr-FR"},{"@type":"Organization","@id":"https:\/\/lacaveetlebistrot.com\/#organization","name":"La Cave et le Bistrot","alternateName":"Cave \u00e0 vin Aubagne","url":"https:\/\/lacaveetlebistrot.com\/","logo":{"@type":"ImageObject","inLanguage":"fr-FR","@id":"https:\/\/lacaveetlebistrot.com\/#\/schema\/logo\/image\/","url":"https:\/\/i0.wp.com\/lacaveetlebistrot.com\/wp-content\/uploads\/2021\/12\/Logo-carre-e1642772598302.png?fit=548%2C572&ssl=1","contentUrl":"https:\/\/i0.wp.com\/lacaveetlebistrot.com\/wp-content\/uploads\/2021\/12\/Logo-carre-e1642772598302.png?fit=548%2C572&ssl=1","width":548,"height":572,"caption":"La Cave et le Bistrot"},"image":{"@id":"https:\/\/lacaveetlebistrot.com\/#\/schema\/logo\/image\/"},"sameAs":["https:\/\/www.facebook.com\/LaCaveetLeBistrot"]}]}},"jetpack-related-posts":[],"jetpack_sharing_enabled":true,"_links":{"self":[{"href":"https:\/\/lacaveetlebistrot.com\/index.php\/wp-json\/wp\/v2\/pages\/353","targetHints":{"allow":["GET"]}}],"collection":[{"href":"https:\/\/lacaveetlebistrot.com\/index.php\/wp-json\/wp\/v2\/pages"}],"about":[{"href":"https:\/\/lacaveetlebistrot.com\/index.php\/wp-json\/wp\/v2\/types\/page"}],"author":[{"embeddable":true,"href":"https:\/\/lacaveetlebistrot.com\/index.php\/wp-json\/wp\/v2\/users\/1"}],"replies":[{"embeddable":true,"href":"https:\/\/lacaveetlebistrot.com\/index.php\/wp-json\/wp\/v2\/comments?post=353"}],"version-history":[{"count":30,"href":"https:\/\/lacaveetlebistrot.com\/index.php\/wp-json\/wp\/v2\/pages\/353\/revisions"}],"predecessor-version":[{"id":1328,"href":"https:\/\/lacaveetlebistrot.com\/index.php\/wp-json\/wp\/v2\/pages\/353\/revisions\/1328"}],"wp:attachment":[{"href":"https:\/\/lacaveetlebistrot.com\/index.php\/wp-json\/wp\/v2\/media?parent=353"}],"curies":[{"name":"wp","href":"https:\/\/api.w.org\/{rel}","templated":true}]}}