{"id":339,"date":"2020-01-08T01:57:46","date_gmt":"2020-01-08T00:57:46","guid":{"rendered":"http:\/\/lacaveetlebistrot.com\/?page_id=339"},"modified":"2023-05-27T14:06:45","modified_gmt":"2023-05-27T12:06:45","slug":"la-cave-a-vin","status":"publish","type":"page","link":"https:\/\/lacaveetlebistrot.com\/index.php\/la-cave-a-vin\/","title":{"rendered":"Notre cave \u00e0 vin"},"content":{"rendered":"\n<figure class=\"wp-block-image\" id=\"block-54404159-6dac-4ad9-9c91-a5525e9b7c51\"><img data-recalc-dims=\"1\" height=\"768\" width=\"1024\" decoding=\"async\" src=\"https:\/\/i0.wp.com\/lacaveetlebistrot.com\/wp-content\/uploads\/2021\/12\/wp-1638980604493-1.jpg?resize=1024%2C768&#038;ssl=1\" alt=\"la cave \u00e0 vin\"\/><figcaption class=\"wp-element-caption\"><strong>un des lin\u00e9aires<\/strong><\/figcaption><\/figure>\n\n\n\n<h3 class=\"wp-block-heading\" id=\"block-5ce71367-fc04-4c81-a443-e4e5d662a35f\"><mark style=\"background-color:rgba(0, 0, 0, 0)\" class=\"has-inline-color has-black-color\">Notre cave \u00e0 vin \u00e0 Aubagne (face \u00e0 la gare) vous accueille avec pr\u00e9s de 1200 r\u00e9f\u00e9rences en vins et spiritueux de France et du monde. Je pense que nous devrions avoir le vin ou le spiritueux qui vous fera plaisir.<br>que ce soit des vins \u00e0 budget doux comme des Costi\u00e8res de N\u00eemes ou des vins de Provence pour moins de 8 euros ou des grands crus Bourguignon ou de grands Ch\u00e2teauneuf du pape \u00e0 plus de 1000 euros vous trouverez la bouteille de vos envies.<br>En spiritueux aussi nous avons un large choix. Des Whiskys du monde mais \u00e9galement de France et des Rhums pour amateurs ou pour d\u00e9butants.<br>Notre cave \u00e0 vin \u00e0 Aubagne propose \u00e9galement des eaux de vie et un large choix d&rsquo;\u00e9picerie fine. Je vous conseille de gouter \u00e0 nos terrines de la maison Bobosse (chevreuil cassis geni\u00e8vre ou sanglier \u00e0 l&rsquo;ivrogne), ou de la maison Papillon. Je vous recommande aussi de gouter les produits de Timon et Sourrieu (fabrication Marseillaise par le chef \u00e9toil\u00e9 Guillaume Sourrieu). Figure de poulpe, sardinade des fadas, boucan d&rsquo;ail ou esquich\u00e9 de crevettes sauront ravir vos convives tant par le nom original que par la qualit\u00e9 des produits.<\/mark> <\/h3>\n\n\n\n<figure class=\"wp-block-image\" id=\"block-4a365d88-6553-4c26-9ecc-32c206e7e9ab\"><img data-recalc-dims=\"1\" height=\"1024\" width=\"754\" decoding=\"async\" src=\"https:\/\/i0.wp.com\/lacaveetlebistrot.com\/wp-content\/uploads\/2021\/12\/wp-1638980604859-1.jpg?resize=754%2C1024&#038;ssl=1\" alt=\"les spiritueux de la cave \u00e0 vin\"\/><figcaption class=\"wp-element-caption\"><strong>quelques rhums et whiskys de la cave \u00e0 vin<\/strong><\/figcaption><\/figure>\n\n\n\n<figure class=\"wp-block-image\" id=\"block-80830b85-d188-4c3c-b61d-04ebbec6d382\"><img data-recalc-dims=\"1\" height=\"631\" width=\"1024\" decoding=\"async\" src=\"https:\/\/i0.wp.com\/lacaveetlebistrot.com\/wp-content\/uploads\/2021\/12\/wp-1639298181999.jpg?resize=1024%2C631&#038;ssl=1\" alt=\"notre salle au milieu de la cave\"\/><figcaption class=\"wp-element-caption\"><strong>la cave \u00e0 vin<\/strong><\/figcaption><\/figure>\n\n\n\n<figure class=\"wp-block-image\" id=\"block-4c96b162-a99d-4c8d-82a9-c78af49b123c\"><img data-recalc-dims=\"1\" height=\"768\" width=\"1024\" decoding=\"async\" src=\"https:\/\/i0.wp.com\/lacaveetlebistrot.com\/wp-content\/uploads\/2021\/12\/20211202_105438-01-1.jpeg?resize=1024%2C768&#038;ssl=1\" alt=\"faites vous plaisir\"\/><figcaption class=\"wp-element-caption\">une s\u00e9lection pour les grandes occasions<\/figcaption><\/figure>\n\n\n\n<h2 class=\"wp-block-heading has-text-align-center\" id=\"block-c8e5bdca-e608-4e65-863b-6ea0c53bc68d\">Retrouvez notre s\u00e9lection par r\u00e9gion.<\/h2>\n\n\n\n<h3 class=\"wp-block-heading has-text-align-center\" id=\"block-83f1e532-8151-4ed9-8fed-7c633735dfef\"><a href=\"https:\/\/lacaveetlebistrot.com\/index.php\/provence-corse\/\" target=\"_blank\" rel=\"noreferrer noopener\">Notre s\u00e9lection de vins de Provence et Corse<\/a><\/h3>\n\n\n\n<h3 class=\"wp-block-heading has-text-align-center\" id=\"block-ffaf21f4-2532-45a1-9a83-cc448cc2fcff\"><a href=\"https:\/\/lacaveetlebistrot.com\/index.php\/cotes-du-rhone-sud\/\" target=\"_blank\" rel=\"noreferrer noopener\">Notre s\u00e9lection de vins de la vall\u00e9e du Rh\u00f4ne m\u00e9ridionale<\/a><\/h3>\n\n\n\n<h3 class=\"wp-block-heading has-text-align-center\" id=\"block-2d738537-54d7-4809-be7b-3dce316867ae\"><a href=\"https:\/\/lacaveetlebistrot.com\/index.php\/cote-du-rhone-nord\/\" target=\"_blank\" rel=\"noreferrer noopener\">Notre s\u00e9lection de vins de la vall\u00e9e du Rh\u00f4ne septentrionale<\/a><\/h3>\n\n\n\n<h3 class=\"wp-block-heading has-text-align-center\" id=\"block-d55c3014-d309-42ab-adad-43324543ce4e\"><a href=\"https:\/\/lacaveetlebistrot.com\/index.php\/languedoc-roussillon\/\">Notre s\u00e9lection de vins du Languedoc et Roussillon<\/a><\/h3>\n\n\n\n<h3 class=\"wp-block-heading has-text-align-center\" id=\"block-f4036fcc-0d09-4472-b6ff-b94efec015ef\"><a href=\"https:\/\/lacaveetlebistrot.com\/index.php\/bordeaux\/\">Notre s\u00e9lection de vins de Bordeaux et Sud Ouest<\/a><\/h3>\n\n\n\n<h3 class=\"wp-block-heading has-text-align-center\" id=\"block-caccb2f0-4d0d-4e9d-aaf0-93d375c23e66\"><a href=\"https:\/\/lacaveetlebistrot.com\/index.php\/bourgogne\/\">Notre s\u00e9lection de vins de Bourgogne<\/a><\/h3>\n\n\n\n<h3 class=\"wp-block-heading has-text-align-center\" id=\"block-9c73e59a-0199-479f-848d-b13e3d8578d4\"><a href=\"https:\/\/lacaveetlebistrot.com\/index.php\/loire\/\">Notre s\u00e9lection de vins de la Loire<\/a><\/h3>\n\n\n\n<h3 class=\"wp-block-heading has-text-align-center\" id=\"block-4f767871-1843-4988-bac5-99ed220d60b0\"><a href=\"https:\/\/lacaveetlebistrot.com\/index.php\/alsacejurasavoie\/\">Notre s\u00e9lection de vins de l&rsquo;Alsace, de la Savoie et du Jura<\/a><\/h3>\n\n\n\n<h3 class=\"wp-block-heading has-text-align-center\" id=\"block-d2ae32f0-0619-42a1-a238-bf782b05eef6\"><a href=\"https:\/\/lacaveetlebistrot.com\/index.php\/alsacejurasavoie\/\">Notre s\u00e9lection de Champagnes<\/a><\/h3>\n\n\n\n<p id=\"block-6630d78e-3fcb-4817-a52f-9cdef616f05e\"><\/p>\n\n\n\n<h2 class=\"wp-block-heading\" id=\"block-7ef8ae79-a32f-4c17-8f47-6657c5f1567f\"><a href=\"https:\/\/www.facebook.com\/LaCaveetLeBistrot\/\">Rejoignez nous sur Facebook pour \u00eatre inform\u00e9s des nouveaut\u00e9s<\/a><\/h2>\n\n\n\n<p id=\"block-a2dbd620-c26f-4cb7-9e33-33ee1187cc21\">\ufeff<\/p>\n","protected":false},"excerpt":{"rendered":"<p>Notre cave \u00e0 vin \u00e0 Aubagne (face \u00e0 la gare) vous accueille avec pr\u00e9s de 1200 r\u00e9f\u00e9rences en vins et spiritueux de France et du monde. Je pense que nous devrions avoir le vin ou le spiritueux qui vous fera plaisir.que ce soit des vins \u00e0 budget doux comme des Costi\u00e8res de N\u00eemes ou des&hellip; <br \/> <a class=\"read-more\" href=\"https:\/\/lacaveetlebistrot.com\/index.php\/la-cave-a-vin\/\">Lire la suite<\/a><\/p>\n","protected":false},"author":1,"featured_media":0,"parent":0,"menu_order":0,"comment_status":"closed","ping_status":"closed","template":"","meta":{"footnotes":""},"class_list":["post-339","page","type-page","status-publish","hentry"],"yoast_head":"<!-- This site is optimized with the Yoast SEO plugin v26.3 - https:\/\/yoast.com\/wordpress\/plugins\/seo\/ -->\n<title>Notre cave \u00e0 vin - La Cave et le Bistrot<\/title>\n<meta name=\"description\" content=\"Notre cave \u00e0 vin \u00e0 Aubagne, face \u00e0 la gare, vous accueille avec plus de 600 r\u00e9f\u00e9rences, vous trouverez s\u00fbrement le vin de vos envies.\" \/>\n<meta name=\"robots\" content=\"index, follow, max-snippet:-1, max-image-preview:large, max-video-preview:-1\" \/>\n<link rel=\"canonical\" href=\"https:\/\/lacaveetlebistrot.com\/index.php\/la-cave-a-vin\/\" \/>\n<meta property=\"og:locale\" content=\"fr_FR\" \/>\n<meta property=\"og:type\" content=\"article\" \/>\n<meta property=\"og:title\" content=\"Notre cave \u00e0 vin - La Cave et le Bistrot\" \/>\n<meta property=\"og:description\" content=\"Notre cave \u00e0 vin \u00e0 Aubagne, face \u00e0 la gare, vous accueille avec plus de 600 r\u00e9f\u00e9rences, vous trouverez s\u00fbrement le vin de vos envies.\" \/>\n<meta property=\"og:url\" content=\"https:\/\/lacaveetlebistrot.com\/index.php\/la-cave-a-vin\/\" \/>\n<meta property=\"og:site_name\" content=\"La Cave et le Bistrot\" \/>\n<meta property=\"article:publisher\" content=\"https:\/\/www.facebook.com\/LaCaveetLeBistrot\" \/>\n<meta property=\"article:modified_time\" content=\"2023-05-27T12:06:45+00:00\" \/>\n<meta property=\"og:image\" content=\"http:\/\/lacaveetlebistrot.com\/wp-content\/uploads\/2021\/12\/wp-1638980604493-1-1024x768.jpg\" \/>\n<meta name=\"twitter:card\" content=\"summary_large_image\" \/>\n<meta name=\"twitter:label1\" content=\"Dur\u00e9e de lecture estim\u00e9e\" \/>\n\t<meta name=\"twitter:data1\" content=\"3 minutes\" \/>\n<script type=\"application\/ld+json\" class=\"yoast-schema-graph\">{\"@context\":\"https:\/\/schema.org\",\"@graph\":[{\"@type\":\"WebPage\",\"@id\":\"https:\/\/lacaveetlebistrot.com\/index.php\/la-cave-a-vin\/\",\"url\":\"https:\/\/lacaveetlebistrot.com\/index.php\/la-cave-a-vin\/\",\"name\":\"Notre cave \u00e0 vin - La Cave et le Bistrot\",\"isPartOf\":{\"@id\":\"https:\/\/lacaveetlebistrot.com\/#website\"},\"primaryImageOfPage\":{\"@id\":\"https:\/\/lacaveetlebistrot.com\/index.php\/la-cave-a-vin\/#primaryimage\"},\"image\":{\"@id\":\"https:\/\/lacaveetlebistrot.com\/index.php\/la-cave-a-vin\/#primaryimage\"},\"thumbnailUrl\":\"http:\/\/lacaveetlebistrot.com\/wp-content\/uploads\/2021\/12\/wp-1638980604493-1-1024x768.jpg\",\"datePublished\":\"2020-01-08T00:57:46+00:00\",\"dateModified\":\"2023-05-27T12:06:45+00:00\",\"description\":\"Notre cave \u00e0 vin \u00e0 Aubagne, face \u00e0 la gare, vous accueille avec plus de 600 r\u00e9f\u00e9rences, vous trouverez s\u00fbrement le vin de vos envies.\",\"breadcrumb\":{\"@id\":\"https:\/\/lacaveetlebistrot.com\/index.php\/la-cave-a-vin\/#breadcrumb\"},\"inLanguage\":\"fr-FR\",\"potentialAction\":[{\"@type\":\"ReadAction\",\"target\":[\"https:\/\/lacaveetlebistrot.com\/index.php\/la-cave-a-vin\/\"]}]},{\"@type\":\"ImageObject\",\"inLanguage\":\"fr-FR\",\"@id\":\"https:\/\/lacaveetlebistrot.com\/index.php\/la-cave-a-vin\/#primaryimage\",\"url\":\"http:\/\/lacaveetlebistrot.com\/wp-content\/uploads\/2021\/12\/wp-1638980604493-1-1024x768.jpg\",\"contentUrl\":\"http:\/\/lacaveetlebistrot.com\/wp-content\/uploads\/2021\/12\/wp-1638980604493-1-1024x768.jpg\"},{\"@type\":\"BreadcrumbList\",\"@id\":\"https:\/\/lacaveetlebistrot.com\/index.php\/la-cave-a-vin\/#breadcrumb\",\"itemListElement\":[{\"@type\":\"ListItem\",\"position\":1,\"name\":\"Accueil\",\"item\":\"https:\/\/lacaveetlebistrot.com\/\"},{\"@type\":\"ListItem\",\"position\":2,\"name\":\"Notre cave \u00e0 vin\"}]},{\"@type\":\"WebSite\",\"@id\":\"https:\/\/lacaveetlebistrot.com\/#website\",\"url\":\"https:\/\/lacaveetlebistrot.com\/\",\"name\":\"La Cave et le Bistrot\",\"description\":\"La cave \u00e0 vin du centre ville d&#039;Aubagne\",\"publisher\":{\"@id\":\"https:\/\/lacaveetlebistrot.com\/#organization\"},\"potentialAction\":[{\"@type\":\"SearchAction\",\"target\":{\"@type\":\"EntryPoint\",\"urlTemplate\":\"https:\/\/lacaveetlebistrot.com\/?s={search_term_string}\"},\"query-input\":{\"@type\":\"PropertyValueSpecification\",\"valueRequired\":true,\"valueName\":\"search_term_string\"}}],\"inLanguage\":\"fr-FR\"},{\"@type\":\"Organization\",\"@id\":\"https:\/\/lacaveetlebistrot.com\/#organization\",\"name\":\"La Cave et le Bistrot\",\"alternateName\":\"Cave \u00e0 vin Aubagne\",\"url\":\"https:\/\/lacaveetlebistrot.com\/\",\"logo\":{\"@type\":\"ImageObject\",\"inLanguage\":\"fr-FR\",\"@id\":\"https:\/\/lacaveetlebistrot.com\/#\/schema\/logo\/image\/\",\"url\":\"https:\/\/i0.wp.com\/lacaveetlebistrot.com\/wp-content\/uploads\/2021\/12\/Logo-carre-e1642772598302.png?fit=548%2C572&ssl=1\",\"contentUrl\":\"https:\/\/i0.wp.com\/lacaveetlebistrot.com\/wp-content\/uploads\/2021\/12\/Logo-carre-e1642772598302.png?fit=548%2C572&ssl=1\",\"width\":548,\"height\":572,\"caption\":\"La Cave et le Bistrot\"},\"image\":{\"@id\":\"https:\/\/lacaveetlebistrot.com\/#\/schema\/logo\/image\/\"},\"sameAs\":[\"https:\/\/www.facebook.com\/LaCaveetLeBistrot\"]}]}<\/script>\n<!-- \/ Yoast SEO plugin. -->","yoast_head_json":{"title":"Notre cave \u00e0 vin - La Cave et le Bistrot","description":"Notre cave \u00e0 vin \u00e0 Aubagne, face \u00e0 la gare, vous accueille avec plus de 600 r\u00e9f\u00e9rences, vous trouverez s\u00fbrement le vin de vos envies.","robots":{"index":"index","follow":"follow","max-snippet":"max-snippet:-1","max-image-preview":"max-image-preview:large","max-video-preview":"max-video-preview:-1"},"canonical":"https:\/\/lacaveetlebistrot.com\/index.php\/la-cave-a-vin\/","og_locale":"fr_FR","og_type":"article","og_title":"Notre cave \u00e0 vin - La Cave et le Bistrot","og_description":"Notre cave \u00e0 vin \u00e0 Aubagne, face \u00e0 la gare, vous accueille avec plus de 600 r\u00e9f\u00e9rences, vous trouverez s\u00fbrement le vin de vos envies.","og_url":"https:\/\/lacaveetlebistrot.com\/index.php\/la-cave-a-vin\/","og_site_name":"La Cave et le Bistrot","article_publisher":"https:\/\/www.facebook.com\/LaCaveetLeBistrot","article_modified_time":"2023-05-27T12:06:45+00:00","og_image":[{"url":"http:\/\/lacaveetlebistrot.com\/wp-content\/uploads\/2021\/12\/wp-1638980604493-1-1024x768.jpg","type":"","width":"","height":""}],"twitter_card":"summary_large_image","twitter_misc":{"Dur\u00e9e de lecture estim\u00e9e":"3 minutes"},"schema":{"@context":"https:\/\/schema.org","@graph":[{"@type":"WebPage","@id":"https:\/\/lacaveetlebistrot.com\/index.php\/la-cave-a-vin\/","url":"https:\/\/lacaveetlebistrot.com\/index.php\/la-cave-a-vin\/","name":"Notre cave \u00e0 vin - La Cave et le Bistrot","isPartOf":{"@id":"https:\/\/lacaveetlebistrot.com\/#website"},"primaryImageOfPage":{"@id":"https:\/\/lacaveetlebistrot.com\/index.php\/la-cave-a-vin\/#primaryimage"},"image":{"@id":"https:\/\/lacaveetlebistrot.com\/index.php\/la-cave-a-vin\/#primaryimage"},"thumbnailUrl":"http:\/\/lacaveetlebistrot.com\/wp-content\/uploads\/2021\/12\/wp-1638980604493-1-1024x768.jpg","datePublished":"2020-01-08T00:57:46+00:00","dateModified":"2023-05-27T12:06:45+00:00","description":"Notre cave \u00e0 vin \u00e0 Aubagne, face \u00e0 la gare, vous accueille avec plus de 600 r\u00e9f\u00e9rences, vous trouverez s\u00fbrement le vin de vos envies.","breadcrumb":{"@id":"https:\/\/lacaveetlebistrot.com\/index.php\/la-cave-a-vin\/#breadcrumb"},"inLanguage":"fr-FR","potentialAction":[{"@type":"ReadAction","target":["https:\/\/lacaveetlebistrot.com\/index.php\/la-cave-a-vin\/"]}]},{"@type":"ImageObject","inLanguage":"fr-FR","@id":"https:\/\/lacaveetlebistrot.com\/index.php\/la-cave-a-vin\/#primaryimage","url":"http:\/\/lacaveetlebistrot.com\/wp-content\/uploads\/2021\/12\/wp-1638980604493-1-1024x768.jpg","contentUrl":"http:\/\/lacaveetlebistrot.com\/wp-content\/uploads\/2021\/12\/wp-1638980604493-1-1024x768.jpg"},{"@type":"BreadcrumbList","@id":"https:\/\/lacaveetlebistrot.com\/index.php\/la-cave-a-vin\/#breadcrumb","itemListElement":[{"@type":"ListItem","position":1,"name":"Accueil","item":"https:\/\/lacaveetlebistrot.com\/"},{"@type":"ListItem","position":2,"name":"Notre cave \u00e0 vin"}]},{"@type":"WebSite","@id":"https:\/\/lacaveetlebistrot.com\/#website","url":"https:\/\/lacaveetlebistrot.com\/","name":"La Cave et le Bistrot","description":"La cave \u00e0 vin du centre ville d&#039;Aubagne","publisher":{"@id":"https:\/\/lacaveetlebistrot.com\/#organization"},"potentialAction":[{"@type":"SearchAction","target":{"@type":"EntryPoint","urlTemplate":"https:\/\/lacaveetlebistrot.com\/?s={search_term_string}"},"query-input":{"@type":"PropertyValueSpecification","valueRequired":true,"valueName":"search_term_string"}}],"inLanguage":"fr-FR"},{"@type":"Organization","@id":"https:\/\/lacaveetlebistrot.com\/#organization","name":"La Cave et le Bistrot","alternateName":"Cave \u00e0 vin Aubagne","url":"https:\/\/lacaveetlebistrot.com\/","logo":{"@type":"ImageObject","inLanguage":"fr-FR","@id":"https:\/\/lacaveetlebistrot.com\/#\/schema\/logo\/image\/","url":"https:\/\/i0.wp.com\/lacaveetlebistrot.com\/wp-content\/uploads\/2021\/12\/Logo-carre-e1642772598302.png?fit=548%2C572&ssl=1","contentUrl":"https:\/\/i0.wp.com\/lacaveetlebistrot.com\/wp-content\/uploads\/2021\/12\/Logo-carre-e1642772598302.png?fit=548%2C572&ssl=1","width":548,"height":572,"caption":"La Cave et le Bistrot"},"image":{"@id":"https:\/\/lacaveetlebistrot.com\/#\/schema\/logo\/image\/"},"sameAs":["https:\/\/www.facebook.com\/LaCaveetLeBistrot"]}]}},"jetpack-related-posts":[],"jetpack_sharing_enabled":true,"_links":{"self":[{"href":"https:\/\/lacaveetlebistrot.com\/index.php\/wp-json\/wp\/v2\/pages\/339","targetHints":{"allow":["GET"]}}],"collection":[{"href":"https:\/\/lacaveetlebistrot.com\/index.php\/wp-json\/wp\/v2\/pages"}],"about":[{"href":"https:\/\/lacaveetlebistrot.com\/index.php\/wp-json\/wp\/v2\/types\/page"}],"author":[{"embeddable":true,"href":"https:\/\/lacaveetlebistrot.com\/index.php\/wp-json\/wp\/v2\/users\/1"}],"replies":[{"embeddable":true,"href":"https:\/\/lacaveetlebistrot.com\/index.php\/wp-json\/wp\/v2\/comments?post=339"}],"version-history":[{"count":19,"href":"https:\/\/lacaveetlebistrot.com\/index.php\/wp-json\/wp\/v2\/pages\/339\/revisions"}],"predecessor-version":[{"id":2251,"href":"https:\/\/lacaveetlebistrot.com\/index.php\/wp-json\/wp\/v2\/pages\/339\/revisions\/2251"}],"wp:attachment":[{"href":"https:\/\/lacaveetlebistrot.com\/index.php\/wp-json\/wp\/v2\/media?parent=339"}],"curies":[{"name":"wp","href":"https:\/\/api.w.org\/{rel}","templated":true}]}}