{"id":149,"date":"2020-01-07T22:50:33","date_gmt":"2020-01-07T21:50:33","guid":{"rendered":"http:\/\/lacaveetlebistrot.com\/index.php\/mesmerize\/"},"modified":"2024-03-16T17:51:32","modified_gmt":"2024-03-16T16:51:32","slug":"cave-a-vins-a-aubagne-thierry-le-caviste","status":"publish","type":"page","link":"https:\/\/lacaveetlebistrot.com\/index.php\/cave-a-vins-a-aubagne-thierry-le-caviste\/","title":{"rendered":"Front Page"},"content":{"rendered":"<div  data-label=\"Latest-news\" data-id=\"latest_news--1\" data-export-id=\"blog-section\" data-category=\"latest_news\" class=\"blog-section blog-section-standard content-section content-section-spacing\" id=\"latest_news-1\" style=\"background-color: rgb(245, 250, 253); background-image: none;\"><div  class=\"gridContainer\"> <div  class=\"row\"><div  data-type=\"column\" class=\"section-title-col\"> <h2  class=\"\"><\/h2> <\/div> <\/div> <div  class=\"row\"> <div  data-type=\"row\" data-dynamic-columns=\"handled\" data-content-shortcode=\"mesmerize_latest_news\">\t\t<div class=\"row center-sm content-left-sm\">\n\t\t\t\t\t<div id=\"post-2419\" class=\"col-sm-6 col-md-4 space-bottom space-bottom-xs\">\n\t\t\t\t<div class=\"post-content card y-move bordered\">\n\t\t\t\t\t<div class=\"post-thumbnail\">\n   <a href=\"https:\/\/lacaveetlebistrot.com\/index.php\/2025\/09\/17\/accord-cote-de-boeuf-vin-biere\/\" class=\"post-list-item-thumb \">\n      <img loading=\"lazy\" decoding=\"async\" width=\"1024\" height=\"683\" src=\"https:\/\/i0.wp.com\/lacaveetlebistrot.com\/wp-content\/uploads\/2025\/09\/ChatGPT-Image-17-sept.-2025-10_57_59.jpg?fit=1024%2C683&amp;ssl=1\" class=\"attachment-post-thumbnail size-post-thumbnail wp-post-image\" alt=\"Accord c\u00f4te de b\u0153uf tomahawk grill\u00e9e avec vins et bi\u00e8res \u00e0 La Cave et le Bistrot Aubagne\" srcset=\"https:\/\/i0.wp.com\/lacaveetlebistrot.com\/wp-content\/uploads\/2025\/09\/ChatGPT-Image-17-sept.-2025-10_57_59.jpg?w=1536&amp;ssl=1 1536w, https:\/\/i0.wp.com\/lacaveetlebistrot.com\/wp-content\/uploads\/2025\/09\/ChatGPT-Image-17-sept.-2025-10_57_59.jpg?resize=300%2C200&amp;ssl=1 300w, https:\/\/i0.wp.com\/lacaveetlebistrot.com\/wp-content\/uploads\/2025\/09\/ChatGPT-Image-17-sept.-2025-10_57_59.jpg?resize=1024%2C683&amp;ssl=1 1024w, https:\/\/i0.wp.com\/lacaveetlebistrot.com\/wp-content\/uploads\/2025\/09\/ChatGPT-Image-17-sept.-2025-10_57_59.jpg?resize=768%2C512&amp;ssl=1 768w, https:\/\/i0.wp.com\/lacaveetlebistrot.com\/wp-content\/uploads\/2025\/09\/ChatGPT-Image-17-sept.-2025-10_57_59.jpg?resize=1320%2C880&amp;ssl=1 1320w, https:\/\/i0.wp.com\/lacaveetlebistrot.com\/wp-content\/uploads\/2025\/09\/ChatGPT-Image-17-sept.-2025-10_57_59.jpg?resize=600%2C400&amp;ssl=1 600w\" sizes=\"auto, (max-width: 1024px) 100vw, 1024px\" \/>   <\/a>\n<\/div>\n\t\t\t\t\t<div class=\"col-padding col-padding-xs\">\n\t\t\t\t\t\t<h3 class=\"post-title space-bottom-small\">\n\t\t\t\t\t\t\t<a href=\"https:\/\/lacaveetlebistrot.com\/index.php\/2025\/09\/17\/accord-cote-de-boeuf-vin-biere\/\" rel=\"bookmark\">\n\t\t\t\t\t\t\t\tAccord C\u00f4te de B\u0153uf Tomahawk : Vin ou Bi\u00e8re ? Le grand test \u00e0 La Cave et le Bistrot (Aubagne)\t\t\t\t\t\t\t<\/a>\n\t\t\t\t\t\t<\/h3>\n\t\t\t\t\t\t<p>accord c\u00f4te de b\u0153uf vin bi\u00e8re \u00c0 La Cave et le Bistrot \u00e0 Aubagne, nous aimons repousser les limites des accords mets et vins\u2026 ou plut\u00f4t mets et boissons. Cette[&hellip;]<\/p>\n\t\t\t\t\t\t<a class=\"read-more link\" href=\"https:\/\/lacaveetlebistrot.com\/index.php\/2025\/09\/17\/accord-cote-de-boeuf-vin-biere\/\">\n\t\t\t\t\t\t\tRead more\t\t\t\t\t\t<\/a>\n\t\t\t\t\t<\/div>\n\t\t\t\t<\/div>\n\t\t\t<\/div>\n\t\t\t\t\t\t<div id=\"post-2408\" class=\"col-sm-6 col-md-4 space-bottom space-bottom-xs\">\n\t\t\t\t<div class=\"post-content card y-move bordered\">\n\t\t\t\t\t<div class=\"post-thumbnail\">\n   <a href=\"https:\/\/lacaveetlebistrot.com\/index.php\/2025\/09\/10\/route-vins-languedoc-mas-jullien-terrasse-elise-video\/\" class=\"post-list-item-thumb \">\n      <img loading=\"lazy\" decoding=\"async\" width=\"1024\" height=\"682\" src=\"https:\/\/i0.wp.com\/lacaveetlebistrot.com\/wp-content\/uploads\/2025\/09\/route-vins-languedoc-mas-jullien-terrasse-elise.webp?fit=1024%2C682&amp;ssl=1\" class=\"attachment-post-thumbnail size-post-thumbnail wp-post-image\" alt=\"Road trip vins du Languedoc \u2013 Mas Jullien, Terrasse d\u2019\u00c9lise, Mas de la S\u00e9ranne\" srcset=\"https:\/\/i0.wp.com\/lacaveetlebistrot.com\/wp-content\/uploads\/2025\/09\/route-vins-languedoc-mas-jullien-terrasse-elise.webp?w=1200&amp;ssl=1 1200w, https:\/\/i0.wp.com\/lacaveetlebistrot.com\/wp-content\/uploads\/2025\/09\/route-vins-languedoc-mas-jullien-terrasse-elise.webp?resize=300%2C200&amp;ssl=1 300w, https:\/\/i0.wp.com\/lacaveetlebistrot.com\/wp-content\/uploads\/2025\/09\/route-vins-languedoc-mas-jullien-terrasse-elise.webp?resize=1024%2C682&amp;ssl=1 1024w, https:\/\/i0.wp.com\/lacaveetlebistrot.com\/wp-content\/uploads\/2025\/09\/route-vins-languedoc-mas-jullien-terrasse-elise.webp?resize=768%2C511&amp;ssl=1 768w, https:\/\/i0.wp.com\/lacaveetlebistrot.com\/wp-content\/uploads\/2025\/09\/route-vins-languedoc-mas-jullien-terrasse-elise.webp?resize=600%2C400&amp;ssl=1 600w\" sizes=\"auto, (max-width: 1024px) 100vw, 1024px\" \/>   <\/a>\n<\/div>\n\t\t\t\t\t<div class=\"col-padding col-padding-xs\">\n\t\t\t\t\t\t<h3 class=\"post-title space-bottom-small\">\n\t\t\t\t\t\t\t<a href=\"https:\/\/lacaveetlebistrot.com\/index.php\/2025\/09\/10\/route-vins-languedoc-mas-jullien-terrasse-elise-video\/\" rel=\"bookmark\">\n\t\t\t\t\t\t\t\tRoute des vins du Languedoc : Mas Jullien , Terrasse d\u2019\u00c9lise &amp; cie \u00ab\u00a0La VIDEO\u00a0\u00bb\t\t\t\t\t\t\t<\/a>\n\t\t\t\t\t\t<\/h3>\n\t\t\t\t\t\t<p>Nos \u00e9tapes en Languedoc, des vignes au verre : la vid\u00e9o du road trip, nos domaines coups de c\u0153ur, et des id\u00e9es d\u2019accords \u00e0 retrouver \u00e0 La Cave &#038; le Bistrot (Aubagne).<\/p>\n\t\t\t\t\t\t<a class=\"read-more link\" href=\"https:\/\/lacaveetlebistrot.com\/index.php\/2025\/09\/10\/route-vins-languedoc-mas-jullien-terrasse-elise-video\/\">\n\t\t\t\t\t\t\tRead more\t\t\t\t\t\t<\/a>\n\t\t\t\t\t<\/div>\n\t\t\t\t<\/div>\n\t\t\t<\/div>\n\t\t\t\t\t\t<div id=\"post-2358\" class=\"col-sm-6 col-md-4 space-bottom space-bottom-xs\">\n\t\t\t\t<div class=\"post-content card y-move bordered\">\n\t\t\t\t\t<div class=\"post-thumbnail\">\n   <a href=\"https:\/\/lacaveetlebistrot.com\/index.php\/2025\/03\/01\/domaine-des-beates-vin-provence\/\" class=\"post-list-item-thumb \">\n      <img loading=\"lazy\" decoding=\"async\" width=\"960\" height=\"553\" src=\"https:\/\/i0.wp.com\/lacaveetlebistrot.com\/wp-content\/uploads\/2025\/03\/Beates.jpg?fit=960%2C553&amp;ssl=1\" class=\"attachment-post-thumbnail size-post-thumbnail wp-post-image\" alt=\"\" srcset=\"https:\/\/i0.wp.com\/lacaveetlebistrot.com\/wp-content\/uploads\/2025\/03\/Beates.jpg?w=960&amp;ssl=1 960w, https:\/\/i0.wp.com\/lacaveetlebistrot.com\/wp-content\/uploads\/2025\/03\/Beates.jpg?resize=300%2C173&amp;ssl=1 300w, https:\/\/i0.wp.com\/lacaveetlebistrot.com\/wp-content\/uploads\/2025\/03\/Beates.jpg?resize=768%2C442&amp;ssl=1 768w, https:\/\/i0.wp.com\/lacaveetlebistrot.com\/wp-content\/uploads\/2025\/03\/Beates.jpg?resize=600%2C346&amp;ssl=1 600w\" sizes=\"auto, (max-width: 960px) 100vw, 960px\" \/>   <\/a>\n<\/div>\n\t\t\t\t\t<div class=\"col-padding col-padding-xs\">\n\t\t\t\t\t\t<h3 class=\"post-title space-bottom-small\">\n\t\t\t\t\t\t\t<a href=\"https:\/\/lacaveetlebistrot.com\/index.php\/2025\/03\/01\/domaine-des-beates-vin-provence\/\" rel=\"bookmark\">\n\t\t\t\t\t\t\t\t\u00c0 la d\u00e9couverte du Domaine des B\u00e9ates en Provence, perle viticole\t\t\t\t\t\t\t<\/a>\n\t\t\t\t\t\t<\/h3>\n\t\t\t\t\t\t<p>Le Domaine des B\u00e9ates en Provence: une histoire de passion et de nature Nich\u00e9 au c\u0153ur de la Provence, \u00e0 Lambesc, le Domaine des B\u00e9ates en Provence incarne tout ce[&hellip;]<\/p>\n\t\t\t\t\t\t<a class=\"read-more link\" href=\"https:\/\/lacaveetlebistrot.com\/index.php\/2025\/03\/01\/domaine-des-beates-vin-provence\/\">\n\t\t\t\t\t\t\tRead more\t\t\t\t\t\t<\/a>\n\t\t\t\t\t<\/div>\n\t\t\t\t<\/div>\n\t\t\t<\/div>\n\t\t\t\t<\/div>\n\t<\/div><\/div> <div  class=\"row\"><div  class=\"text-center\"> <a  class=\"button color1\" data-attr-shortcode=\"href:mesmerize_blog_link\" href=\"https:\/\/lacaveetlebistrot.com\/\">SEE ALL BLOG POSTS<\/a><\/div> <\/div><\/div><\/div>","protected":false},"excerpt":{"rendered":"<p>SEE ALL BLOG POSTS<\/p>\n","protected":false},"author":1,"featured_media":0,"parent":0,"menu_order":0,"comment_status":"closed","ping_status":"closed","template":"","meta":{"footnotes":""},"class_list":["post-149","page","type-page","status-publish","hentry"],"yoast_head":"<!-- This site is optimized with the Yoast SEO plugin v26.3 - https:\/\/yoast.com\/wordpress\/plugins\/seo\/ -->\n<title>Front Page - La Cave et le Bistrot<\/title>\n<meta name=\"description\" content=\"Cave \u00e0 vins au centre ville d&#039;Aubagne en face la gare. Thierry le caviste et m\u00e9lodie au bistrot, accueil du mardi au samedi.\" \/>\n<meta name=\"robots\" content=\"index, follow, max-snippet:-1, max-image-preview:large, max-video-preview:-1\" \/>\n<link rel=\"canonical\" href=\"https:\/\/lacaveetlebistrot.com\/index.php\/cave-a-vins-a-aubagne-thierry-le-caviste\/\" \/>\n<meta property=\"og:locale\" content=\"fr_FR\" \/>\n<meta property=\"og:type\" content=\"article\" \/>\n<meta property=\"og:title\" content=\"Front Page - La Cave et le Bistrot\" \/>\n<meta property=\"og:description\" content=\"Cave \u00e0 vins au centre ville d&#039;Aubagne en face la gare. Thierry le caviste et m\u00e9lodie au bistrot, accueil du mardi au samedi.\" \/>\n<meta property=\"og:url\" content=\"https:\/\/lacaveetlebistrot.com\/index.php\/cave-a-vins-a-aubagne-thierry-le-caviste\/\" \/>\n<meta property=\"og:site_name\" content=\"La Cave et le Bistrot\" \/>\n<meta property=\"article:publisher\" content=\"https:\/\/www.facebook.com\/LaCaveetLeBistrot\" \/>\n<meta property=\"article:modified_time\" content=\"2024-03-16T16:51:32+00:00\" \/>\n<meta property=\"og:image\" content=\"https:\/\/i0.wp.com\/lacaveetlebistrot.com\/wp-content\/uploads\/2022\/01\/20220115_145051-02-1-scaled-e1685458865803.jpeg?fit=1200%2C900&ssl=1\" \/>\n\t<meta property=\"og:image:width\" content=\"1200\" \/>\n\t<meta property=\"og:image:height\" content=\"900\" \/>\n\t<meta property=\"og:image:type\" content=\"image\/jpeg\" \/>\n<meta name=\"twitter:card\" content=\"summary_large_image\" \/>\n<meta name=\"twitter:label1\" content=\"Dur\u00e9e de lecture estim\u00e9e\" \/>\n\t<meta name=\"twitter:data1\" content=\"1 minute\" \/>\n<script type=\"application\/ld+json\" class=\"yoast-schema-graph\">{\"@context\":\"https:\/\/schema.org\",\"@graph\":[{\"@type\":\"WebPage\",\"@id\":\"https:\/\/lacaveetlebistrot.com\/index.php\/cave-a-vins-a-aubagne-thierry-le-caviste\/\",\"url\":\"https:\/\/lacaveetlebistrot.com\/index.php\/cave-a-vins-a-aubagne-thierry-le-caviste\/\",\"name\":\"Front Page - La Cave et le Bistrot\",\"isPartOf\":{\"@id\":\"https:\/\/lacaveetlebistrot.com\/#website\"},\"datePublished\":\"2020-01-07T21:50:33+00:00\",\"dateModified\":\"2024-03-16T16:51:32+00:00\",\"description\":\"Cave \u00e0 vins au centre ville d'Aubagne en face la gare. Thierry le caviste et m\u00e9lodie au bistrot, accueil du mardi au samedi.\",\"breadcrumb\":{\"@id\":\"https:\/\/lacaveetlebistrot.com\/index.php\/cave-a-vins-a-aubagne-thierry-le-caviste\/#breadcrumb\"},\"inLanguage\":\"fr-FR\",\"potentialAction\":[{\"@type\":\"ReadAction\",\"target\":[\"https:\/\/lacaveetlebistrot.com\/index.php\/cave-a-vins-a-aubagne-thierry-le-caviste\/\"]}]},{\"@type\":\"BreadcrumbList\",\"@id\":\"https:\/\/lacaveetlebistrot.com\/index.php\/cave-a-vins-a-aubagne-thierry-le-caviste\/#breadcrumb\",\"itemListElement\":[{\"@type\":\"ListItem\",\"position\":1,\"name\":\"Accueil\",\"item\":\"https:\/\/lacaveetlebistrot.com\/\"},{\"@type\":\"ListItem\",\"position\":2,\"name\":\"Front Page\"}]},{\"@type\":\"WebSite\",\"@id\":\"https:\/\/lacaveetlebistrot.com\/#website\",\"url\":\"https:\/\/lacaveetlebistrot.com\/\",\"name\":\"La Cave et le Bistrot\",\"description\":\"La cave \u00e0 vin du centre ville d&#039;Aubagne\",\"publisher\":{\"@id\":\"https:\/\/lacaveetlebistrot.com\/#organization\"},\"potentialAction\":[{\"@type\":\"SearchAction\",\"target\":{\"@type\":\"EntryPoint\",\"urlTemplate\":\"https:\/\/lacaveetlebistrot.com\/?s={search_term_string}\"},\"query-input\":{\"@type\":\"PropertyValueSpecification\",\"valueRequired\":true,\"valueName\":\"search_term_string\"}}],\"inLanguage\":\"fr-FR\"},{\"@type\":\"Organization\",\"@id\":\"https:\/\/lacaveetlebistrot.com\/#organization\",\"name\":\"La Cave et le Bistrot\",\"alternateName\":\"Cave \u00e0 vin Aubagne\",\"url\":\"https:\/\/lacaveetlebistrot.com\/\",\"logo\":{\"@type\":\"ImageObject\",\"inLanguage\":\"fr-FR\",\"@id\":\"https:\/\/lacaveetlebistrot.com\/#\/schema\/logo\/image\/\",\"url\":\"https:\/\/i0.wp.com\/lacaveetlebistrot.com\/wp-content\/uploads\/2021\/12\/Logo-carre-e1642772598302.png?fit=548%2C572&ssl=1\",\"contentUrl\":\"https:\/\/i0.wp.com\/lacaveetlebistrot.com\/wp-content\/uploads\/2021\/12\/Logo-carre-e1642772598302.png?fit=548%2C572&ssl=1\",\"width\":548,\"height\":572,\"caption\":\"La Cave et le Bistrot\"},\"image\":{\"@id\":\"https:\/\/lacaveetlebistrot.com\/#\/schema\/logo\/image\/\"},\"sameAs\":[\"https:\/\/www.facebook.com\/LaCaveetLeBistrot\"]}]}<\/script>\n<!-- \/ Yoast SEO plugin. -->","yoast_head_json":{"title":"Front Page - La Cave et le Bistrot","description":"Cave \u00e0 vins au centre ville d'Aubagne en face la gare. Thierry le caviste et m\u00e9lodie au bistrot, accueil du mardi au samedi.","robots":{"index":"index","follow":"follow","max-snippet":"max-snippet:-1","max-image-preview":"max-image-preview:large","max-video-preview":"max-video-preview:-1"},"canonical":"https:\/\/lacaveetlebistrot.com\/index.php\/cave-a-vins-a-aubagne-thierry-le-caviste\/","og_locale":"fr_FR","og_type":"article","og_title":"Front Page - La Cave et le Bistrot","og_description":"Cave \u00e0 vins au centre ville d'Aubagne en face la gare. Thierry le caviste et m\u00e9lodie au bistrot, accueil du mardi au samedi.","og_url":"https:\/\/lacaveetlebistrot.com\/index.php\/cave-a-vins-a-aubagne-thierry-le-caviste\/","og_site_name":"La Cave et le Bistrot","article_publisher":"https:\/\/www.facebook.com\/LaCaveetLeBistrot","article_modified_time":"2024-03-16T16:51:32+00:00","og_image":[{"width":1200,"height":900,"url":"https:\/\/i0.wp.com\/lacaveetlebistrot.com\/wp-content\/uploads\/2022\/01\/20220115_145051-02-1-scaled-e1685458865803.jpeg?fit=1200%2C900&ssl=1","type":"image\/jpeg"}],"twitter_card":"summary_large_image","twitter_misc":{"Dur\u00e9e de lecture estim\u00e9e":"1 minute"},"schema":{"@context":"https:\/\/schema.org","@graph":[{"@type":"WebPage","@id":"https:\/\/lacaveetlebistrot.com\/index.php\/cave-a-vins-a-aubagne-thierry-le-caviste\/","url":"https:\/\/lacaveetlebistrot.com\/index.php\/cave-a-vins-a-aubagne-thierry-le-caviste\/","name":"Front Page - La Cave et le Bistrot","isPartOf":{"@id":"https:\/\/lacaveetlebistrot.com\/#website"},"datePublished":"2020-01-07T21:50:33+00:00","dateModified":"2024-03-16T16:51:32+00:00","description":"Cave \u00e0 vins au centre ville d'Aubagne en face la gare. Thierry le caviste et m\u00e9lodie au bistrot, accueil du mardi au samedi.","breadcrumb":{"@id":"https:\/\/lacaveetlebistrot.com\/index.php\/cave-a-vins-a-aubagne-thierry-le-caviste\/#breadcrumb"},"inLanguage":"fr-FR","potentialAction":[{"@type":"ReadAction","target":["https:\/\/lacaveetlebistrot.com\/index.php\/cave-a-vins-a-aubagne-thierry-le-caviste\/"]}]},{"@type":"BreadcrumbList","@id":"https:\/\/lacaveetlebistrot.com\/index.php\/cave-a-vins-a-aubagne-thierry-le-caviste\/#breadcrumb","itemListElement":[{"@type":"ListItem","position":1,"name":"Accueil","item":"https:\/\/lacaveetlebistrot.com\/"},{"@type":"ListItem","position":2,"name":"Front Page"}]},{"@type":"WebSite","@id":"https:\/\/lacaveetlebistrot.com\/#website","url":"https:\/\/lacaveetlebistrot.com\/","name":"La Cave et le Bistrot","description":"La cave \u00e0 vin du centre ville d&#039;Aubagne","publisher":{"@id":"https:\/\/lacaveetlebistrot.com\/#organization"},"potentialAction":[{"@type":"SearchAction","target":{"@type":"EntryPoint","urlTemplate":"https:\/\/lacaveetlebistrot.com\/?s={search_term_string}"},"query-input":{"@type":"PropertyValueSpecification","valueRequired":true,"valueName":"search_term_string"}}],"inLanguage":"fr-FR"},{"@type":"Organization","@id":"https:\/\/lacaveetlebistrot.com\/#organization","name":"La Cave et le Bistrot","alternateName":"Cave \u00e0 vin Aubagne","url":"https:\/\/lacaveetlebistrot.com\/","logo":{"@type":"ImageObject","inLanguage":"fr-FR","@id":"https:\/\/lacaveetlebistrot.com\/#\/schema\/logo\/image\/","url":"https:\/\/i0.wp.com\/lacaveetlebistrot.com\/wp-content\/uploads\/2021\/12\/Logo-carre-e1642772598302.png?fit=548%2C572&ssl=1","contentUrl":"https:\/\/i0.wp.com\/lacaveetlebistrot.com\/wp-content\/uploads\/2021\/12\/Logo-carre-e1642772598302.png?fit=548%2C572&ssl=1","width":548,"height":572,"caption":"La Cave et le Bistrot"},"image":{"@id":"https:\/\/lacaveetlebistrot.com\/#\/schema\/logo\/image\/"},"sameAs":["https:\/\/www.facebook.com\/LaCaveetLeBistrot"]}]}},"jetpack-related-posts":[],"jetpack_sharing_enabled":true,"_links":{"self":[{"href":"https:\/\/lacaveetlebistrot.com\/index.php\/wp-json\/wp\/v2\/pages\/149","targetHints":{"allow":["GET"]}}],"collection":[{"href":"https:\/\/lacaveetlebistrot.com\/index.php\/wp-json\/wp\/v2\/pages"}],"about":[{"href":"https:\/\/lacaveetlebistrot.com\/index.php\/wp-json\/wp\/v2\/types\/page"}],"author":[{"embeddable":true,"href":"https:\/\/lacaveetlebistrot.com\/index.php\/wp-json\/wp\/v2\/users\/1"}],"replies":[{"embeddable":true,"href":"https:\/\/lacaveetlebistrot.com\/index.php\/wp-json\/wp\/v2\/comments?post=149"}],"version-history":[{"count":17,"href":"https:\/\/lacaveetlebistrot.com\/index.php\/wp-json\/wp\/v2\/pages\/149\/revisions"}],"predecessor-version":[{"id":1935,"href":"https:\/\/lacaveetlebistrot.com\/index.php\/wp-json\/wp\/v2\/pages\/149\/revisions\/1935"}],"wp:attachment":[{"href":"https:\/\/lacaveetlebistrot.com\/index.php\/wp-json\/wp\/v2\/media?parent=149"}],"curies":[{"name":"wp","href":"https:\/\/api.w.org\/{rel}","templated":true}]}}