{"id":1034,"date":"2020-01-12T18:29:26","date_gmt":"2020-01-12T17:29:26","guid":{"rendered":"http:\/\/lacaveetlebistrot.com\/?page_id=1034"},"modified":"2020-01-15T13:29:26","modified_gmt":"2020-01-15T12:29:26","slug":"soireeoeno-initiation","status":"publish","type":"page","link":"https:\/\/lacaveetlebistrot.com\/index.php\/soireeoeno-initiation\/","title":{"rendered":"Soir\u00e9e&rsquo;Oeno Initiation"},"content":{"rendered":"\n<div class=\"wp-block-image\"><figure class=\"aligncenter size-large\"><img data-recalc-dims=\"1\" loading=\"lazy\" decoding=\"async\" width=\"1024\" height=\"253\" src=\"https:\/\/i0.wp.com\/lacaveetlebistrot.com\/wp-content\/uploads\/2020\/01\/Bandeaux-2.jpg?resize=1024%2C253&#038;ssl=1\" alt=\"\" class=\"wp-image-1097\" srcset=\"https:\/\/i0.wp.com\/lacaveetlebistrot.com\/wp-content\/uploads\/2020\/01\/Bandeaux-2.jpg?resize=1024%2C253&amp;ssl=1 1024w, https:\/\/i0.wp.com\/lacaveetlebistrot.com\/wp-content\/uploads\/2020\/01\/Bandeaux-2.jpg?resize=600%2C148&amp;ssl=1 600w, https:\/\/i0.wp.com\/lacaveetlebistrot.com\/wp-content\/uploads\/2020\/01\/Bandeaux-2.jpg?resize=300%2C74&amp;ssl=1 300w, https:\/\/i0.wp.com\/lacaveetlebistrot.com\/wp-content\/uploads\/2020\/01\/Bandeaux-2.jpg?resize=768%2C190&amp;ssl=1 768w, https:\/\/i0.wp.com\/lacaveetlebistrot.com\/wp-content\/uploads\/2020\/01\/Bandeaux-2.jpg?resize=200%2C49&amp;ssl=1 200w, https:\/\/i0.wp.com\/lacaveetlebistrot.com\/wp-content\/uploads\/2020\/01\/Bandeaux-2.jpg?w=1522&amp;ssl=1 1522w\" sizes=\"auto, (max-width: 1024px) 100vw, 1024px\" \/><\/figure><\/div>\n\n\n\n<div class=\"wp-block-group\"><div class=\"wp-block-group__inner-container is-layout-flow wp-block-group-is-layout-flow\">\n<h2 class=\"has-text-align-center wp-block-heading\"> <strong>Soir\u00e9e&rsquo;Oeno Initiation \u00e0 la d\u00e9gustation <\/strong>40\u20ac\/pers.<\/h2>\n\n\n\n<p class=\"has-text-color has-text-align-center has-medium-font-size has-very-dark-gray-color\">Mini 8 personnes et max 15 personnes<\/p>\n\n\n\n<p style=\"color:#9e8079\" class=\"has-text-color\">&#8211;<\/p>\n\n\n\n<p class=\"has-text-color has-text-align-left has-medium-font-size has-very-dark-gray-color\"><strong>Notre caviste Thierry a concoct\u00e9 une animation autour de deux imp\u00e9ratifs&nbsp;: le partage et la convivialit\u00e9. <\/strong><\/p>\n\n\n\n<p class=\"has-text-color has-text-align-left has-medium-font-size has-very-dark-gray-color\"><strong>Pas de sommelier pompeux, pas d\u2019expert pr\u00e9tentieux qui d\u00e9roule une pr\u00e9sentation lisse et r\u00e9p\u00e9titive, on vous donne la parole. Thierry vous aidera \u00e0 mettre des mots sur vos sensations et vous aidera \u00e0 exprimer votre avis. Rien de tel qu\u2019une d\u00e9gustation conviviale accompagn\u00e9e de fromage et charcuterie pour \u00e9changer sur le vin et appr\u00e9hender toute sa complexit\u00e9.  <\/strong><\/p>\n\n\n\n<p class=\"has-text-color has-medium-font-size has-very-dark-gray-color\"><strong>Au menu, 5 vins choisis dans notre cave pour leurs qualit\u00e9s et caract\u00e9ristiques p\u00e9dagogiques, accompagn\u00e9s de planche mixte charcuterie \/ fromage.  <\/strong><\/p>\n\n\n\n<p class=\"has-text-color has-medium-font-size has-very-dark-gray-color\"><strong>\u00ab\u00a0Tonton Jules\u00a0\u00bb \u00e9tant la r\u00e9f\u00e9rence lors des soir\u00e9es familiale, vous apprendrez les bases indispensable pour y r\u00e9pondre et briller avec vos amis.<\/strong><\/p>\n\n\n\n<p style=\"color:#9e8079\" class=\"has-text-color\">&#8211;<\/p>\n\n\n\n<p style=\"color:#9e8079\" class=\"has-text-color\">&#8211;<\/p>\n<\/div><\/div>\n\n\n\n<div class=\"wp-block-group\"><div class=\"wp-block-group__inner-container is-layout-flow wp-block-group-is-layout-flow\">\n<p class=\"has-text-color has-medium-font-size has-very-dark-gray-color\">Notre Facebook pour connaitre les prochaines dates<\/p>\n\n\n\n<h3 class=\"wp-block-heading\"><strong><a rel=\"noreferrer noopener\" href=\"https:\/\/www.facebook.com\/LaCaveetLeBistrot\/\" target=\"_blank\">https:\/\/www.facebook.com\/LaCaveetLeBistrot\/<\/a><\/strong><\/h3>\n\n\n\n<p style=\"color:#9e8079\" class=\"has-text-color\">&#8211;<\/p>\n\n\n\n<p style=\"color:#9e8079\" class=\"has-text-color\">&#8211;<\/p>\n\n\n\n<p class=\"has-text-color has-medium-font-size has-very-dark-gray-color\">Contactez-nous<\/p>\n\n\n\n<div class=\"wpforms-container wpforms-container-full\" id=\"wpforms-85\"><form id=\"wpforms-form-85\" class=\"wpforms-validate wpforms-form\" data-formid=\"85\" method=\"post\" enctype=\"multipart\/form-data\" action=\"\/index.php\/wp-json\/wp\/v2\/pages\/1034\" data-token=\"3502184f99a2956cbf7bb8b68bcb5acc\" data-token-time=\"1777044306\"><noscript class=\"wpforms-error-noscript\">Veuillez activer JavaScript dans votre navigateur pour remplir ce formulaire.<\/noscript><div class=\"wpforms-field-container\"><div id=\"wpforms-85-field_0-container\" class=\"wpforms-field wpforms-field-name\" data-field-id=\"0\"><label class=\"wpforms-field-label\">Nom <span class=\"wpforms-required-label\">*<\/span><\/label><div class=\"wpforms-field-row wpforms-field-medium\"><div class=\"wpforms-field-row-block wpforms-first wpforms-one-half\"><input type=\"text\" id=\"wpforms-85-field_0\" class=\"wpforms-field-name-first wpforms-field-required\" name=\"wpforms[fields][0][first]\" required><label for=\"wpforms-85-field_0\" class=\"wpforms-field-sublabel after\">Pr\u00e9nom<\/label><\/div><div class=\"wpforms-field-row-block wpforms-one-half\"><input type=\"text\" id=\"wpforms-85-field_0-last\" class=\"wpforms-field-name-last wpforms-field-required\" name=\"wpforms[fields][0][last]\" required><label for=\"wpforms-85-field_0-last\" class=\"wpforms-field-sublabel after\">Nom<\/label><\/div><\/div><\/div><div id=\"wpforms-85-field_1-container\" class=\"wpforms-field wpforms-field-email\" data-field-id=\"1\"><label class=\"wpforms-field-label\" for=\"wpforms-85-field_1\">E-mail <span class=\"wpforms-required-label\">*<\/span><\/label><input type=\"email\" id=\"wpforms-85-field_1\" class=\"wpforms-field-medium wpforms-field-required\" name=\"wpforms[fields][1]\" spellcheck=\"false\" required><\/div><div id=\"wpforms-85-field_2-container\" class=\"wpforms-field wpforms-field-textarea\" data-field-id=\"2\"><label class=\"wpforms-field-label\" for=\"wpforms-85-field_2\">Commentaire ou message <span class=\"wpforms-required-label\">*<\/span><\/label><textarea id=\"wpforms-85-field_2\" class=\"wpforms-field-medium wpforms-field-required\" name=\"wpforms[fields][2]\" required><\/textarea><\/div><\/div><!-- .wpforms-field-container --><div class=\"wpforms-field wpforms-field-hp\"><label for=\"wpforms-85-field-hp\" class=\"wpforms-field-label\">Phone<\/label><input type=\"text\" name=\"wpforms[hp]\" id=\"wpforms-85-field-hp\" class=\"wpforms-field-medium\"><\/div><div class=\"wpforms-submit-container\" ><input type=\"hidden\" name=\"wpforms[id]\" value=\"85\"><input type=\"hidden\" name=\"page_title\" value=\"\"><input type=\"hidden\" name=\"page_url\" value=\"https:\/\/lacaveetlebistrot.com\/index.php\/wp-json\/wp\/v2\/pages\/1034\"><input type=\"hidden\" name=\"url_referer\" value=\"\"><button type=\"submit\" name=\"wpforms[submit]\" id=\"wpforms-submit-85\" class=\"wpforms-submit\" data-alt-text=\"Envoi...\" data-submit-text=\"Envoyer\" aria-live=\"assertive\" value=\"wpforms-submit\">Envoyer<\/button><\/div><\/form><\/div>  <!-- .wpforms-container -->\n<\/div><\/div>\n","protected":false},"excerpt":{"rendered":"<p>Soir\u00e9e&rsquo;Oeno Initiation \u00e0 la d\u00e9gustation 40\u20ac\/pers. Mini 8 personnes et max 15 personnes &#8211; Notre caviste Thierry a concoct\u00e9 une animation autour de deux imp\u00e9ratifs&nbsp;: le partage et la convivialit\u00e9. Pas de sommelier pompeux, pas d\u2019expert pr\u00e9tentieux qui d\u00e9roule une pr\u00e9sentation lisse et r\u00e9p\u00e9titive, on vous donne la parole. Thierry vous aidera \u00e0 mettre des&hellip; <br \/> <a class=\"read-more\" href=\"https:\/\/lacaveetlebistrot.com\/index.php\/soireeoeno-initiation\/\">Lire la suite<\/a><\/p>\n","protected":false},"author":1,"featured_media":0,"parent":0,"menu_order":0,"comment_status":"closed","ping_status":"closed","template":"","meta":{"footnotes":""},"class_list":["post-1034","page","type-page","status-publish","hentry"],"yoast_head":"<!-- This site is optimized with the Yoast SEO plugin v26.3 - https:\/\/yoast.com\/wordpress\/plugins\/seo\/ -->\n<title>Soir\u00e9e&#039;Oeno Initiation - La Cave et le Bistrot<\/title>\n<meta name=\"robots\" content=\"index, follow, max-snippet:-1, max-image-preview:large, max-video-preview:-1\" \/>\n<link rel=\"canonical\" href=\"https:\/\/lacaveetlebistrot.com\/index.php\/soireeoeno-initiation\/\" \/>\n<meta property=\"og:locale\" content=\"fr_FR\" \/>\n<meta property=\"og:type\" content=\"article\" \/>\n<meta property=\"og:title\" content=\"Soir\u00e9e&#039;Oeno Initiation - La Cave et le Bistrot\" \/>\n<meta property=\"og:description\" content=\"Soir\u00e9e&rsquo;Oeno Initiation \u00e0 la d\u00e9gustation 40\u20ac\/pers. Mini 8 personnes et max 15 personnes &#8211; Notre caviste Thierry a concoct\u00e9 une animation autour de deux imp\u00e9ratifs&nbsp;: le partage et la convivialit\u00e9. Pas de sommelier pompeux, pas d\u2019expert pr\u00e9tentieux qui d\u00e9roule une pr\u00e9sentation lisse et r\u00e9p\u00e9titive, on vous donne la parole. Thierry vous aidera \u00e0 mettre des&hellip; Lire la suite\" \/>\n<meta property=\"og:url\" content=\"https:\/\/lacaveetlebistrot.com\/index.php\/soireeoeno-initiation\/\" \/>\n<meta property=\"og:site_name\" content=\"La Cave et le Bistrot\" \/>\n<meta property=\"article:publisher\" content=\"https:\/\/www.facebook.com\/LaCaveetLeBistrot\" \/>\n<meta property=\"article:modified_time\" content=\"2020-01-15T12:29:26+00:00\" \/>\n<meta property=\"og:image\" content=\"http:\/\/lacaveetlebistrot.com\/wp-content\/uploads\/2020\/01\/Bandeaux-2-1024x253.jpg\" \/>\n<meta name=\"twitter:card\" content=\"summary_large_image\" \/>\n<meta name=\"twitter:label1\" content=\"Dur\u00e9e de lecture estim\u00e9e\" \/>\n\t<meta name=\"twitter:data1\" content=\"1 minute\" \/>\n<script type=\"application\/ld+json\" class=\"yoast-schema-graph\">{\"@context\":\"https:\/\/schema.org\",\"@graph\":[{\"@type\":\"WebPage\",\"@id\":\"https:\/\/lacaveetlebistrot.com\/index.php\/soireeoeno-initiation\/\",\"url\":\"https:\/\/lacaveetlebistrot.com\/index.php\/soireeoeno-initiation\/\",\"name\":\"Soir\u00e9e'Oeno Initiation - La Cave et le Bistrot\",\"isPartOf\":{\"@id\":\"https:\/\/lacaveetlebistrot.com\/#website\"},\"primaryImageOfPage\":{\"@id\":\"https:\/\/lacaveetlebistrot.com\/index.php\/soireeoeno-initiation\/#primaryimage\"},\"image\":{\"@id\":\"https:\/\/lacaveetlebistrot.com\/index.php\/soireeoeno-initiation\/#primaryimage\"},\"thumbnailUrl\":\"http:\/\/lacaveetlebistrot.com\/wp-content\/uploads\/2020\/01\/Bandeaux-2-1024x253.jpg\",\"datePublished\":\"2020-01-12T17:29:26+00:00\",\"dateModified\":\"2020-01-15T12:29:26+00:00\",\"breadcrumb\":{\"@id\":\"https:\/\/lacaveetlebistrot.com\/index.php\/soireeoeno-initiation\/#breadcrumb\"},\"inLanguage\":\"fr-FR\",\"potentialAction\":[{\"@type\":\"ReadAction\",\"target\":[\"https:\/\/lacaveetlebistrot.com\/index.php\/soireeoeno-initiation\/\"]}]},{\"@type\":\"ImageObject\",\"inLanguage\":\"fr-FR\",\"@id\":\"https:\/\/lacaveetlebistrot.com\/index.php\/soireeoeno-initiation\/#primaryimage\",\"url\":\"http:\/\/lacaveetlebistrot.com\/wp-content\/uploads\/2020\/01\/Bandeaux-2-1024x253.jpg\",\"contentUrl\":\"http:\/\/lacaveetlebistrot.com\/wp-content\/uploads\/2020\/01\/Bandeaux-2-1024x253.jpg\"},{\"@type\":\"BreadcrumbList\",\"@id\":\"https:\/\/lacaveetlebistrot.com\/index.php\/soireeoeno-initiation\/#breadcrumb\",\"itemListElement\":[{\"@type\":\"ListItem\",\"position\":1,\"name\":\"Accueil\",\"item\":\"https:\/\/lacaveetlebistrot.com\/\"},{\"@type\":\"ListItem\",\"position\":2,\"name\":\"Soir\u00e9e&#8217;Oeno Initiation\"}]},{\"@type\":\"WebSite\",\"@id\":\"https:\/\/lacaveetlebistrot.com\/#website\",\"url\":\"https:\/\/lacaveetlebistrot.com\/\",\"name\":\"La Cave et le Bistrot\",\"description\":\"La cave \u00e0 vin du centre ville d&#039;Aubagne\",\"publisher\":{\"@id\":\"https:\/\/lacaveetlebistrot.com\/#organization\"},\"potentialAction\":[{\"@type\":\"SearchAction\",\"target\":{\"@type\":\"EntryPoint\",\"urlTemplate\":\"https:\/\/lacaveetlebistrot.com\/?s={search_term_string}\"},\"query-input\":{\"@type\":\"PropertyValueSpecification\",\"valueRequired\":true,\"valueName\":\"search_term_string\"}}],\"inLanguage\":\"fr-FR\"},{\"@type\":\"Organization\",\"@id\":\"https:\/\/lacaveetlebistrot.com\/#organization\",\"name\":\"La Cave et le Bistrot\",\"alternateName\":\"Cave \u00e0 vin Aubagne\",\"url\":\"https:\/\/lacaveetlebistrot.com\/\",\"logo\":{\"@type\":\"ImageObject\",\"inLanguage\":\"fr-FR\",\"@id\":\"https:\/\/lacaveetlebistrot.com\/#\/schema\/logo\/image\/\",\"url\":\"https:\/\/i0.wp.com\/lacaveetlebistrot.com\/wp-content\/uploads\/2021\/12\/Logo-carre-e1642772598302.png?fit=548%2C572&ssl=1\",\"contentUrl\":\"https:\/\/i0.wp.com\/lacaveetlebistrot.com\/wp-content\/uploads\/2021\/12\/Logo-carre-e1642772598302.png?fit=548%2C572&ssl=1\",\"width\":548,\"height\":572,\"caption\":\"La Cave et le Bistrot\"},\"image\":{\"@id\":\"https:\/\/lacaveetlebistrot.com\/#\/schema\/logo\/image\/\"},\"sameAs\":[\"https:\/\/www.facebook.com\/LaCaveetLeBistrot\"]}]}<\/script>\n<!-- \/ Yoast SEO plugin. -->","yoast_head_json":{"title":"Soir\u00e9e'Oeno Initiation - La Cave et le Bistrot","robots":{"index":"index","follow":"follow","max-snippet":"max-snippet:-1","max-image-preview":"max-image-preview:large","max-video-preview":"max-video-preview:-1"},"canonical":"https:\/\/lacaveetlebistrot.com\/index.php\/soireeoeno-initiation\/","og_locale":"fr_FR","og_type":"article","og_title":"Soir\u00e9e'Oeno Initiation - La Cave et le Bistrot","og_description":"Soir\u00e9e&rsquo;Oeno Initiation \u00e0 la d\u00e9gustation 40\u20ac\/pers. Mini 8 personnes et max 15 personnes &#8211; Notre caviste Thierry a concoct\u00e9 une animation autour de deux imp\u00e9ratifs&nbsp;: le partage et la convivialit\u00e9. Pas de sommelier pompeux, pas d\u2019expert pr\u00e9tentieux qui d\u00e9roule une pr\u00e9sentation lisse et r\u00e9p\u00e9titive, on vous donne la parole. Thierry vous aidera \u00e0 mettre des&hellip; Lire la suite","og_url":"https:\/\/lacaveetlebistrot.com\/index.php\/soireeoeno-initiation\/","og_site_name":"La Cave et le Bistrot","article_publisher":"https:\/\/www.facebook.com\/LaCaveetLeBistrot","article_modified_time":"2020-01-15T12:29:26+00:00","og_image":[{"url":"http:\/\/lacaveetlebistrot.com\/wp-content\/uploads\/2020\/01\/Bandeaux-2-1024x253.jpg","type":"","width":"","height":""}],"twitter_card":"summary_large_image","twitter_misc":{"Dur\u00e9e de lecture estim\u00e9e":"1 minute"},"schema":{"@context":"https:\/\/schema.org","@graph":[{"@type":"WebPage","@id":"https:\/\/lacaveetlebistrot.com\/index.php\/soireeoeno-initiation\/","url":"https:\/\/lacaveetlebistrot.com\/index.php\/soireeoeno-initiation\/","name":"Soir\u00e9e'Oeno Initiation - La Cave et le Bistrot","isPartOf":{"@id":"https:\/\/lacaveetlebistrot.com\/#website"},"primaryImageOfPage":{"@id":"https:\/\/lacaveetlebistrot.com\/index.php\/soireeoeno-initiation\/#primaryimage"},"image":{"@id":"https:\/\/lacaveetlebistrot.com\/index.php\/soireeoeno-initiation\/#primaryimage"},"thumbnailUrl":"http:\/\/lacaveetlebistrot.com\/wp-content\/uploads\/2020\/01\/Bandeaux-2-1024x253.jpg","datePublished":"2020-01-12T17:29:26+00:00","dateModified":"2020-01-15T12:29:26+00:00","breadcrumb":{"@id":"https:\/\/lacaveetlebistrot.com\/index.php\/soireeoeno-initiation\/#breadcrumb"},"inLanguage":"fr-FR","potentialAction":[{"@type":"ReadAction","target":["https:\/\/lacaveetlebistrot.com\/index.php\/soireeoeno-initiation\/"]}]},{"@type":"ImageObject","inLanguage":"fr-FR","@id":"https:\/\/lacaveetlebistrot.com\/index.php\/soireeoeno-initiation\/#primaryimage","url":"http:\/\/lacaveetlebistrot.com\/wp-content\/uploads\/2020\/01\/Bandeaux-2-1024x253.jpg","contentUrl":"http:\/\/lacaveetlebistrot.com\/wp-content\/uploads\/2020\/01\/Bandeaux-2-1024x253.jpg"},{"@type":"BreadcrumbList","@id":"https:\/\/lacaveetlebistrot.com\/index.php\/soireeoeno-initiation\/#breadcrumb","itemListElement":[{"@type":"ListItem","position":1,"name":"Accueil","item":"https:\/\/lacaveetlebistrot.com\/"},{"@type":"ListItem","position":2,"name":"Soir\u00e9e&#8217;Oeno Initiation"}]},{"@type":"WebSite","@id":"https:\/\/lacaveetlebistrot.com\/#website","url":"https:\/\/lacaveetlebistrot.com\/","name":"La Cave et le Bistrot","description":"La cave \u00e0 vin du centre ville d&#039;Aubagne","publisher":{"@id":"https:\/\/lacaveetlebistrot.com\/#organization"},"potentialAction":[{"@type":"SearchAction","target":{"@type":"EntryPoint","urlTemplate":"https:\/\/lacaveetlebistrot.com\/?s={search_term_string}"},"query-input":{"@type":"PropertyValueSpecification","valueRequired":true,"valueName":"search_term_string"}}],"inLanguage":"fr-FR"},{"@type":"Organization","@id":"https:\/\/lacaveetlebistrot.com\/#organization","name":"La Cave et le Bistrot","alternateName":"Cave \u00e0 vin Aubagne","url":"https:\/\/lacaveetlebistrot.com\/","logo":{"@type":"ImageObject","inLanguage":"fr-FR","@id":"https:\/\/lacaveetlebistrot.com\/#\/schema\/logo\/image\/","url":"https:\/\/i0.wp.com\/lacaveetlebistrot.com\/wp-content\/uploads\/2021\/12\/Logo-carre-e1642772598302.png?fit=548%2C572&ssl=1","contentUrl":"https:\/\/i0.wp.com\/lacaveetlebistrot.com\/wp-content\/uploads\/2021\/12\/Logo-carre-e1642772598302.png?fit=548%2C572&ssl=1","width":548,"height":572,"caption":"La Cave et le Bistrot"},"image":{"@id":"https:\/\/lacaveetlebistrot.com\/#\/schema\/logo\/image\/"},"sameAs":["https:\/\/www.facebook.com\/LaCaveetLeBistrot"]}]}},"jetpack-related-posts":[],"jetpack_sharing_enabled":true,"_links":{"self":[{"href":"https:\/\/lacaveetlebistrot.com\/index.php\/wp-json\/wp\/v2\/pages\/1034","targetHints":{"allow":["GET"]}}],"collection":[{"href":"https:\/\/lacaveetlebistrot.com\/index.php\/wp-json\/wp\/v2\/pages"}],"about":[{"href":"https:\/\/lacaveetlebistrot.com\/index.php\/wp-json\/wp\/v2\/types\/page"}],"author":[{"embeddable":true,"href":"https:\/\/lacaveetlebistrot.com\/index.php\/wp-json\/wp\/v2\/users\/1"}],"replies":[{"embeddable":true,"href":"https:\/\/lacaveetlebistrot.com\/index.php\/wp-json\/wp\/v2\/comments?post=1034"}],"version-history":[{"count":25,"href":"https:\/\/lacaveetlebistrot.com\/index.php\/wp-json\/wp\/v2\/pages\/1034\/revisions"}],"predecessor-version":[{"id":1337,"href":"https:\/\/lacaveetlebistrot.com\/index.php\/wp-json\/wp\/v2\/pages\/1034\/revisions\/1337"}],"wp:attachment":[{"href":"https:\/\/lacaveetlebistrot.com\/index.php\/wp-json\/wp\/v2\/media?parent=1034"}],"curies":[{"name":"wp","href":"https:\/\/api.w.org\/{rel}","templated":true}]}}