{"id":1007,"date":"2020-01-12T16:52:46","date_gmt":"2020-01-12T15:52:46","guid":{"rendered":"http:\/\/lacaveetlebistrot.com\/?page_id=1007"},"modified":"2020-01-12T18:38:11","modified_gmt":"2020-01-12T17:38:11","slug":"la-box-sur-mesure","status":"publish","type":"page","link":"https:\/\/lacaveetlebistrot.com\/index.php\/la-box-sur-mesure\/","title":{"rendered":"La Box sur mesure"},"content":{"rendered":"\n<div class=\"wp-block-media-text alignwide\" style=\"grid-template-columns:29% auto\"><figure class=\"wp-block-media-text__media\"><img data-recalc-dims=\"1\" loading=\"lazy\" decoding=\"async\" width=\"360\" height=\"280\" src=\"https:\/\/i0.wp.com\/lacaveetlebistrot.com\/wp-content\/uploads\/2020\/01\/boite-2-bouteilles-micro-cannelure-par-10-18-x-9-x-41-cm_31-1.jpg?resize=360%2C280&#038;ssl=1\" alt=\"\" class=\"wp-image-913\" srcset=\"https:\/\/i0.wp.com\/lacaveetlebistrot.com\/wp-content\/uploads\/2020\/01\/boite-2-bouteilles-micro-cannelure-par-10-18-x-9-x-41-cm_31-1.jpg?w=360&amp;ssl=1 360w, https:\/\/i0.wp.com\/lacaveetlebistrot.com\/wp-content\/uploads\/2020\/01\/boite-2-bouteilles-micro-cannelure-par-10-18-x-9-x-41-cm_31-1.jpg?resize=300%2C233&amp;ssl=1 300w, https:\/\/i0.wp.com\/lacaveetlebistrot.com\/wp-content\/uploads\/2020\/01\/boite-2-bouteilles-micro-cannelure-par-10-18-x-9-x-41-cm_31-1.jpg?resize=200%2C156&amp;ssl=1 200w\" sizes=\"auto, (max-width: 360px) 100vw, 360px\" \/><\/figure><div class=\"wp-block-media-text__content\">\n<h2 class=\"has-very-dark-gray-color has-text-color wp-block-heading\">La Box sur mesure<\/h2>\n\n\n\n<p class=\"has-text-color has-medium-font-size has-very-dark-gray-color\">C&rsquo;est vous qui d\u00e9cidez !!<\/p>\n<\/div><\/div>\n\n\n\n<div class=\"wp-block-group\"><div class=\"wp-block-group__inner-container is-layout-flow wp-block-group-is-layout-flow\">\n<h3 class=\"has-very-dark-gray-color has-text-color wp-block-heading\">Plut\u00f4t blanc, rouge, fruit\u00e9 etc.. \u00e0 vous de nous dire ! <\/h3>\n\n\n\n<p class=\"has-text-color has-medium-font-size has-very-dark-gray-color\">Que vous soyez un amateur exp\u00e9riment\u00e9 \u00e0 la recherche de vin de prestige, un amateur de vin blanc ou si vous d\u00e9sirez approfondir vos connaissances sur une r\u00e9gion particuli\u00e8re. Vous d\u00e9finissez\u00a0vos envies\u00a0et\u00a0votre budget, on se charge de vous faire plaisir tous les mois.<\/p>\n\n\n\n<p class=\"has-text-color has-medium-font-size has-very-dark-gray-color\">Vous pouvez \u00e9galement ne choisir que le budget et demander \u00e0 Thierry de vous \u00e9tonner tous les mois.<\/p>\n\n\n\n<h3 class=\"has-very-dark-gray-color has-text-color wp-block-heading\">La Box sur mesure est propos\u00e9e au prix que vous d\u00e9cidez<\/h3>\n\n\n\n<ul class=\"wp-block-list\"><li><strong>Abonnement pour 3 &#8211; 6 ou 12 mois.<\/strong><\/li><li><strong>Personnalisez votre Box avec notre caviste Thierry.<\/strong><\/li><li><strong>Une s\u00e9lection qui prend en compte vos envies.<\/strong> <\/li><li><strong>Vous permet de profiter des avantages clients fid\u00e8les.<\/strong><\/li><li><strong>Vous pouvez arr\u00eater votre abonnement \u00e0 tout moment<\/strong>   <\/li><\/ul>\n<\/div><\/div>\n","protected":false},"excerpt":{"rendered":"<p>La Box sur mesure C&rsquo;est vous qui d\u00e9cidez !! Plut\u00f4t blanc, rouge, fruit\u00e9 etc.. \u00e0 vous de nous dire ! Que vous soyez un amateur exp\u00e9riment\u00e9 \u00e0 la recherche de vin de prestige, un amateur de vin blanc ou si vous d\u00e9sirez approfondir vos connaissances sur une r\u00e9gion particuli\u00e8re. Vous d\u00e9finissez\u00a0vos envies\u00a0et\u00a0votre budget, on se&hellip; <br \/> <a class=\"read-more\" href=\"https:\/\/lacaveetlebistrot.com\/index.php\/la-box-sur-mesure\/\">Lire la suite<\/a><\/p>\n","protected":false},"author":1,"featured_media":0,"parent":0,"menu_order":0,"comment_status":"closed","ping_status":"closed","template":"","meta":{"footnotes":""},"class_list":["post-1007","page","type-page","status-publish","hentry"],"yoast_head":"<!-- This site is optimized with the Yoast SEO plugin v26.3 - https:\/\/yoast.com\/wordpress\/plugins\/seo\/ -->\n<title>La Box sur mesure - La Cave et le Bistrot<\/title>\n<meta name=\"robots\" content=\"index, follow, max-snippet:-1, max-image-preview:large, max-video-preview:-1\" \/>\n<link rel=\"canonical\" href=\"https:\/\/lacaveetlebistrot.com\/index.php\/la-box-sur-mesure\/\" \/>\n<meta property=\"og:locale\" content=\"fr_FR\" \/>\n<meta property=\"og:type\" content=\"article\" \/>\n<meta property=\"og:title\" content=\"La Box sur mesure - La Cave et le Bistrot\" \/>\n<meta property=\"og:description\" content=\"La Box sur mesure C&rsquo;est vous qui d\u00e9cidez !! Plut\u00f4t blanc, rouge, fruit\u00e9 etc.. \u00e0 vous de nous dire ! Que vous soyez un amateur exp\u00e9riment\u00e9 \u00e0 la recherche de vin de prestige, un amateur de vin blanc ou si vous d\u00e9sirez approfondir vos connaissances sur une r\u00e9gion particuli\u00e8re. Vous d\u00e9finissez\u00a0vos envies\u00a0et\u00a0votre budget, on se&hellip; Lire la suite\" \/>\n<meta property=\"og:url\" content=\"https:\/\/lacaveetlebistrot.com\/index.php\/la-box-sur-mesure\/\" \/>\n<meta property=\"og:site_name\" content=\"La Cave et le Bistrot\" \/>\n<meta property=\"article:publisher\" content=\"https:\/\/www.facebook.com\/LaCaveetLeBistrot\" \/>\n<meta property=\"article:modified_time\" content=\"2020-01-12T17:38:11+00:00\" \/>\n<meta property=\"og:image\" content=\"http:\/\/lacaveetlebistrot.com\/wp-content\/uploads\/2020\/01\/boite-2-bouteilles-micro-cannelure-par-10-18-x-9-x-41-cm_31-1.jpg\" \/>\n<meta name=\"twitter:card\" content=\"summary_large_image\" \/>\n<meta name=\"twitter:label1\" content=\"Dur\u00e9e de lecture estim\u00e9e\" \/>\n\t<meta name=\"twitter:data1\" content=\"1 minute\" \/>\n<script type=\"application\/ld+json\" class=\"yoast-schema-graph\">{\"@context\":\"https:\/\/schema.org\",\"@graph\":[{\"@type\":\"WebPage\",\"@id\":\"https:\/\/lacaveetlebistrot.com\/index.php\/la-box-sur-mesure\/\",\"url\":\"https:\/\/lacaveetlebistrot.com\/index.php\/la-box-sur-mesure\/\",\"name\":\"La Box sur mesure - La Cave et le Bistrot\",\"isPartOf\":{\"@id\":\"https:\/\/lacaveetlebistrot.com\/#website\"},\"primaryImageOfPage\":{\"@id\":\"https:\/\/lacaveetlebistrot.com\/index.php\/la-box-sur-mesure\/#primaryimage\"},\"image\":{\"@id\":\"https:\/\/lacaveetlebistrot.com\/index.php\/la-box-sur-mesure\/#primaryimage\"},\"thumbnailUrl\":\"http:\/\/lacaveetlebistrot.com\/wp-content\/uploads\/2020\/01\/boite-2-bouteilles-micro-cannelure-par-10-18-x-9-x-41-cm_31-1.jpg\",\"datePublished\":\"2020-01-12T15:52:46+00:00\",\"dateModified\":\"2020-01-12T17:38:11+00:00\",\"breadcrumb\":{\"@id\":\"https:\/\/lacaveetlebistrot.com\/index.php\/la-box-sur-mesure\/#breadcrumb\"},\"inLanguage\":\"fr-FR\",\"potentialAction\":[{\"@type\":\"ReadAction\",\"target\":[\"https:\/\/lacaveetlebistrot.com\/index.php\/la-box-sur-mesure\/\"]}]},{\"@type\":\"ImageObject\",\"inLanguage\":\"fr-FR\",\"@id\":\"https:\/\/lacaveetlebistrot.com\/index.php\/la-box-sur-mesure\/#primaryimage\",\"url\":\"http:\/\/lacaveetlebistrot.com\/wp-content\/uploads\/2020\/01\/boite-2-bouteilles-micro-cannelure-par-10-18-x-9-x-41-cm_31-1.jpg\",\"contentUrl\":\"http:\/\/lacaveetlebistrot.com\/wp-content\/uploads\/2020\/01\/boite-2-bouteilles-micro-cannelure-par-10-18-x-9-x-41-cm_31-1.jpg\"},{\"@type\":\"BreadcrumbList\",\"@id\":\"https:\/\/lacaveetlebistrot.com\/index.php\/la-box-sur-mesure\/#breadcrumb\",\"itemListElement\":[{\"@type\":\"ListItem\",\"position\":1,\"name\":\"Accueil\",\"item\":\"https:\/\/lacaveetlebistrot.com\/\"},{\"@type\":\"ListItem\",\"position\":2,\"name\":\"La Box sur mesure\"}]},{\"@type\":\"WebSite\",\"@id\":\"https:\/\/lacaveetlebistrot.com\/#website\",\"url\":\"https:\/\/lacaveetlebistrot.com\/\",\"name\":\"La Cave et le Bistrot\",\"description\":\"La cave \u00e0 vin du centre ville d&#039;Aubagne\",\"publisher\":{\"@id\":\"https:\/\/lacaveetlebistrot.com\/#organization\"},\"potentialAction\":[{\"@type\":\"SearchAction\",\"target\":{\"@type\":\"EntryPoint\",\"urlTemplate\":\"https:\/\/lacaveetlebistrot.com\/?s={search_term_string}\"},\"query-input\":{\"@type\":\"PropertyValueSpecification\",\"valueRequired\":true,\"valueName\":\"search_term_string\"}}],\"inLanguage\":\"fr-FR\"},{\"@type\":\"Organization\",\"@id\":\"https:\/\/lacaveetlebistrot.com\/#organization\",\"name\":\"La Cave et le Bistrot\",\"alternateName\":\"Cave \u00e0 vin Aubagne\",\"url\":\"https:\/\/lacaveetlebistrot.com\/\",\"logo\":{\"@type\":\"ImageObject\",\"inLanguage\":\"fr-FR\",\"@id\":\"https:\/\/lacaveetlebistrot.com\/#\/schema\/logo\/image\/\",\"url\":\"https:\/\/i0.wp.com\/lacaveetlebistrot.com\/wp-content\/uploads\/2021\/12\/Logo-carre-e1642772598302.png?fit=548%2C572&ssl=1\",\"contentUrl\":\"https:\/\/i0.wp.com\/lacaveetlebistrot.com\/wp-content\/uploads\/2021\/12\/Logo-carre-e1642772598302.png?fit=548%2C572&ssl=1\",\"width\":548,\"height\":572,\"caption\":\"La Cave et le Bistrot\"},\"image\":{\"@id\":\"https:\/\/lacaveetlebistrot.com\/#\/schema\/logo\/image\/\"},\"sameAs\":[\"https:\/\/www.facebook.com\/LaCaveetLeBistrot\"]}]}<\/script>\n<!-- \/ Yoast SEO plugin. -->","yoast_head_json":{"title":"La Box sur mesure - La Cave et le Bistrot","robots":{"index":"index","follow":"follow","max-snippet":"max-snippet:-1","max-image-preview":"max-image-preview:large","max-video-preview":"max-video-preview:-1"},"canonical":"https:\/\/lacaveetlebistrot.com\/index.php\/la-box-sur-mesure\/","og_locale":"fr_FR","og_type":"article","og_title":"La Box sur mesure - La Cave et le Bistrot","og_description":"La Box sur mesure C&rsquo;est vous qui d\u00e9cidez !! Plut\u00f4t blanc, rouge, fruit\u00e9 etc.. \u00e0 vous de nous dire ! Que vous soyez un amateur exp\u00e9riment\u00e9 \u00e0 la recherche de vin de prestige, un amateur de vin blanc ou si vous d\u00e9sirez approfondir vos connaissances sur une r\u00e9gion particuli\u00e8re. Vous d\u00e9finissez\u00a0vos envies\u00a0et\u00a0votre budget, on se&hellip; Lire la suite","og_url":"https:\/\/lacaveetlebistrot.com\/index.php\/la-box-sur-mesure\/","og_site_name":"La Cave et le Bistrot","article_publisher":"https:\/\/www.facebook.com\/LaCaveetLeBistrot","article_modified_time":"2020-01-12T17:38:11+00:00","og_image":[{"url":"http:\/\/lacaveetlebistrot.com\/wp-content\/uploads\/2020\/01\/boite-2-bouteilles-micro-cannelure-par-10-18-x-9-x-41-cm_31-1.jpg","type":"","width":"","height":""}],"twitter_card":"summary_large_image","twitter_misc":{"Dur\u00e9e de lecture estim\u00e9e":"1 minute"},"schema":{"@context":"https:\/\/schema.org","@graph":[{"@type":"WebPage","@id":"https:\/\/lacaveetlebistrot.com\/index.php\/la-box-sur-mesure\/","url":"https:\/\/lacaveetlebistrot.com\/index.php\/la-box-sur-mesure\/","name":"La Box sur mesure - La Cave et le Bistrot","isPartOf":{"@id":"https:\/\/lacaveetlebistrot.com\/#website"},"primaryImageOfPage":{"@id":"https:\/\/lacaveetlebistrot.com\/index.php\/la-box-sur-mesure\/#primaryimage"},"image":{"@id":"https:\/\/lacaveetlebistrot.com\/index.php\/la-box-sur-mesure\/#primaryimage"},"thumbnailUrl":"http:\/\/lacaveetlebistrot.com\/wp-content\/uploads\/2020\/01\/boite-2-bouteilles-micro-cannelure-par-10-18-x-9-x-41-cm_31-1.jpg","datePublished":"2020-01-12T15:52:46+00:00","dateModified":"2020-01-12T17:38:11+00:00","breadcrumb":{"@id":"https:\/\/lacaveetlebistrot.com\/index.php\/la-box-sur-mesure\/#breadcrumb"},"inLanguage":"fr-FR","potentialAction":[{"@type":"ReadAction","target":["https:\/\/lacaveetlebistrot.com\/index.php\/la-box-sur-mesure\/"]}]},{"@type":"ImageObject","inLanguage":"fr-FR","@id":"https:\/\/lacaveetlebistrot.com\/index.php\/la-box-sur-mesure\/#primaryimage","url":"http:\/\/lacaveetlebistrot.com\/wp-content\/uploads\/2020\/01\/boite-2-bouteilles-micro-cannelure-par-10-18-x-9-x-41-cm_31-1.jpg","contentUrl":"http:\/\/lacaveetlebistrot.com\/wp-content\/uploads\/2020\/01\/boite-2-bouteilles-micro-cannelure-par-10-18-x-9-x-41-cm_31-1.jpg"},{"@type":"BreadcrumbList","@id":"https:\/\/lacaveetlebistrot.com\/index.php\/la-box-sur-mesure\/#breadcrumb","itemListElement":[{"@type":"ListItem","position":1,"name":"Accueil","item":"https:\/\/lacaveetlebistrot.com\/"},{"@type":"ListItem","position":2,"name":"La Box sur mesure"}]},{"@type":"WebSite","@id":"https:\/\/lacaveetlebistrot.com\/#website","url":"https:\/\/lacaveetlebistrot.com\/","name":"La Cave et le Bistrot","description":"La cave \u00e0 vin du centre ville d&#039;Aubagne","publisher":{"@id":"https:\/\/lacaveetlebistrot.com\/#organization"},"potentialAction":[{"@type":"SearchAction","target":{"@type":"EntryPoint","urlTemplate":"https:\/\/lacaveetlebistrot.com\/?s={search_term_string}"},"query-input":{"@type":"PropertyValueSpecification","valueRequired":true,"valueName":"search_term_string"}}],"inLanguage":"fr-FR"},{"@type":"Organization","@id":"https:\/\/lacaveetlebistrot.com\/#organization","name":"La Cave et le Bistrot","alternateName":"Cave \u00e0 vin Aubagne","url":"https:\/\/lacaveetlebistrot.com\/","logo":{"@type":"ImageObject","inLanguage":"fr-FR","@id":"https:\/\/lacaveetlebistrot.com\/#\/schema\/logo\/image\/","url":"https:\/\/i0.wp.com\/lacaveetlebistrot.com\/wp-content\/uploads\/2021\/12\/Logo-carre-e1642772598302.png?fit=548%2C572&ssl=1","contentUrl":"https:\/\/i0.wp.com\/lacaveetlebistrot.com\/wp-content\/uploads\/2021\/12\/Logo-carre-e1642772598302.png?fit=548%2C572&ssl=1","width":548,"height":572,"caption":"La Cave et le Bistrot"},"image":{"@id":"https:\/\/lacaveetlebistrot.com\/#\/schema\/logo\/image\/"},"sameAs":["https:\/\/www.facebook.com\/LaCaveetLeBistrot"]}]}},"jetpack-related-posts":[],"jetpack_sharing_enabled":true,"_links":{"self":[{"href":"https:\/\/lacaveetlebistrot.com\/index.php\/wp-json\/wp\/v2\/pages\/1007","targetHints":{"allow":["GET"]}}],"collection":[{"href":"https:\/\/lacaveetlebistrot.com\/index.php\/wp-json\/wp\/v2\/pages"}],"about":[{"href":"https:\/\/lacaveetlebistrot.com\/index.php\/wp-json\/wp\/v2\/types\/page"}],"author":[{"embeddable":true,"href":"https:\/\/lacaveetlebistrot.com\/index.php\/wp-json\/wp\/v2\/users\/1"}],"replies":[{"embeddable":true,"href":"https:\/\/lacaveetlebistrot.com\/index.php\/wp-json\/wp\/v2\/comments?post=1007"}],"version-history":[{"count":16,"href":"https:\/\/lacaveetlebistrot.com\/index.php\/wp-json\/wp\/v2\/pages\/1007\/revisions"}],"predecessor-version":[{"id":1042,"href":"https:\/\/lacaveetlebistrot.com\/index.php\/wp-json\/wp\/v2\/pages\/1007\/revisions\/1042"}],"wp:attachment":[{"href":"https:\/\/lacaveetlebistrot.com\/index.php\/wp-json\/wp\/v2\/media?parent=1007"}],"curies":[{"name":"wp","href":"https:\/\/api.w.org\/{rel}","templated":true}]}}